{"id":1605,"date":"2026-03-04T13:12:22","date_gmt":"2026-03-04T12:12:22","guid":{"rendered":"http:\/\/strojrem.com\/?page_id=1605"},"modified":"2026-03-04T13:36:52","modified_gmt":"2026-03-04T12:36:52","slug":"mobiler-forderer-fur-unterbrechungsfreien-ladebetrieb","status":"publish","type":"page","link":"https:\/\/strojrem.com\/de\/siapro-group\/mobile-conveyor-for-uninterrupted-loading-copy\/","title":{"rendered":"Automatisierte Verpackungslinie f\u00fcr D\u00fcngemittel"},"content":{"rendered":"<section class=\"bde-section-1605-316 bde-section\">\n              \n  \n  \n\t\n\n\n\n<div class=\"section-container\"><h1 class=\"bde-heading-1605-102 bde-heading\">\nAutomatisierte Verpackungslinie f\u00fcr D\u00fcngemittel\n<\/h1><div class=\"bde-text-1605-320 bde-text\">\nFortschrittliche Industriel\u00f6sungen f\u00fcr zuverl\u00e4ssige Produktion\n<\/div><\/div>\n<\/section><section id=\"podjetja\" class=\"bde-section-1605-399 bde-section\">\n  \n  \n\t\n\n\n\n<div class=\"section-container\"><h2 class=\"bde-heading-1605-400 bde-heading heading-with-bar\">\n\u00dcBER DAS PROJEKT\n<\/h2><\/div>\n<\/section><section class=\"bde-section-1605-332 bde-section\">\n  \n  \n\t\n\n\n\n<div class=\"section-container\"><div class=\"bde-columns-1605-408 bde-columns\"><div class=\"bde-column-1605-409 bde-column\">\n  \n  \n\t\n\n\n\n<div class=\"bde-rich-text-1605-412 bde-rich-text breakdance-rich-text-styles\">\n<p>F\u00fcr unseren Partner RWA Hrvatska d.o.o. lieferten wir eine komplette D\u00fcngerabf\u00fcllanlage.<\/p>\n<p>Die Linie ist vollautomatisch und hat eine Kapazit\u00e4t von 600 S\u00e4cken pro Stunde. Der D\u00fcnger wird in 25 kg Kunststofft\u00fcten verpackt. Am Ende der Linie wird eine Palette mit ordentlich gestapelten S\u00e4cken automatisch mit Stretchhaubenfolie umwickelt und f\u00fcr die Aufnahme durch einen Gabelstapler vorbereitet.<\/p>\n<p>Das gesamte Projekt \u2013 von der Konzepterstellung \u00fcber die Auslegung der Ausr\u00fcstung bis hin zur Fertigung, Installation und Inbetriebnahme \u2013 wurde von unserem engagierten Team aus Ingenieuren, Programmierern und Technikern bei Strojrem durchgef\u00fchrt.<\/p>\n<p>Das Projekt umfasste die Konstruktion, Fertigung und Integration einer kompletten automatisierten Linie f\u00fcr das Dosieren, Wiegen, Verpacken, Palettieren und die Palettenhandhabung von granuliertem D\u00fcnger. Das System verarbeitet frei flie\u00dfende Granulatd\u00fcnger bis zu einer Gr\u00f6\u00dfe von 5 mm mit einer Sch\u00fcttdichte von 0,8\u20131,1 t\/m\u00b3 unter normalen Umgebungsbedingungen.<\/p>\n<p>Produktbehandlung und Zuf\u00fchrung<\/p>\n<p>Der D\u00fcnger wird von einem Radlader zur Produktionslinie transportiert und in einen Aufnahmebeh\u00e4lter mit einem Fassungsverm\u00f6gen von 10 m\u00b3 eingebracht. Der Beh\u00e4lter ist mit Sensoren und Signalisierungssystemen zur \u00dcberwachung des Materialstandes ausgestattet. Von dort wird das Material \u00fcber ein F\u00f6rderband zur Abf\u00fcllmaschine zur Weiterverarbeitung transportiert.<\/p>\n<p>Dosieren, Wiegen und Verpacken<\/p>\n<p>Das Verpackungssystem formt automatisch S\u00e4cke aus Schlauchfolie aus PVC, bef\u00fcllt diese mittels eines pr\u00e4zisen Dosier- und W\u00e4gesystems und verschwei\u00dft sie. Das System produziert 25-kg-D\u00fcngemittels\u00e4cke mit einer Kapazit\u00e4t von bis zu 600 S\u00e4cken pro Stunde. Ein Thermotransferdrucker kennzeichnet jeden Sack mit wesentlichen Informationen wie Deklaration, Barcode, Chargennummer und Verpackungsdatum. Eine Sackausrichtvorrichtung sorgt f\u00fcr kompakte und formschl\u00fcssige S\u00e4cke f\u00fcr die Palettierung.<\/p>\n<p>Roboter-Palettiersystem<\/p>\n<p>Gef\u00fcllte S\u00e4cke werden zu einer Palettiermaschine transportiert, wo ein Fanuc-Industrieroboter jeden Sack aufnimmt und auf Paletten stapelt. Das System platziert vor der ersten Lage eine Trennfolie und organisiert die S\u00e4cke in strukturierten Lagen. Jede Palette enth\u00e4lt 50 S\u00e4cke (10 Lagen) mit einer maximalen Palettenh\u00f6he von 1800 mm und erreicht eine Kapazit\u00e4t von 12 Paletten pro Stunde.<\/p>\n<p>Palettenf\u00f6rderanlage<\/p>\n<p>Das Palettenhandhabungssystem f\u00fchrt automatisch Leerpaletten aus einem Palettenmagazin zu und transportiert diese zur Palettiermaschine. Nach dem Palettieren werden die Vollpaletten \u00fcber Rollenbahnen der Verpackungsstation und schlie\u00dflich dem Ausgabebereich zugef\u00fchrt, wo sie von einem Gabelstapler \u00fcbernommen werden.<\/p>\n<p>Stretchhauben-Verpackungssystem<\/p>\n<p>Die Stretchhaubenmaschine bringt automatisch dehnbare Schlauchfolie \u00fcber die fertige Palettenladung an und sorgt so f\u00fcr einen stabilen und gesch\u00fctzten Transport. Das System kann Paletten bis zu einer H\u00f6he von 1800 mm mit einer Leistung von 12 Paletten pro Stunde umwickeln.<\/p>\n<p>Steuerung und Automatisierung<\/p>\n<p>Die gesamte Linie wird von einer Siemens Simatic S7 SPS gesteuert und ist mit hochwertigen Komponenten von f\u00fchrenden Industriezulieferern wie Siemens, Festo, Balluff, Nord, SEW und Rulmeca ausgestattet. Das automatisierte System gew\u00e4hrleistet einen zuverl\u00e4ssigen Betrieb, eine hohe Produktivit\u00e4t und eine pr\u00e4zise Prozesssteuerung.<\/p>\n<\/div>\n<\/div><div class=\"bde-column-1605-410 bde-column\">\n  \n  \n\t\n\n\n\n<img decoding=\"async\" class=\"bde-image2-1605-411 bde-image2\" src=\"http:\/\/strojrem.com\/wp-content\/uploads\/2026\/03\/strojrem-referenca-avtomatizirana-linija-za-pakiranje-umjetnog-gnojiva.jpg\" loading=\"lazy\" srcset=\"http:\/\/strojrem.com\/wp-content\/uploads\/2026\/03\/strojrem-referenca-avtomatizirana-linija-za-pakiranje-umjetnog-gnojiva.jpg 1216w, http:\/\/strojrem.com\/wp-content\/uploads\/2026\/03\/strojrem-referenca-avtomatizirana-linija-za-pakiranje-umjetnog-gnojiva-300x168.jpg 300w, http:\/\/strojrem.com\/wp-content\/uploads\/2026\/03\/strojrem-referenca-avtomatizirana-linija-za-pakiranje-umjetnog-gnojiva-1024x574.jpg 1024w, http:\/\/strojrem.com\/wp-content\/uploads\/2026\/03\/strojrem-referenca-avtomatizirana-linija-za-pakiranje-umjetnog-gnojiva-768x431.jpg 768w, http:\/\/strojrem.com\/wp-content\/uploads\/2026\/03\/strojrem-referenca-avtomatizirana-linija-za-pakiranje-umjetnog-gnojiva-18x10.jpg 18w\" sizes=\"(max-width: 1216px) 100vw, 1216px\"><div class=\"bde-icon-list-1605-472 bde-icon-list\">\n<ul>\n  \n              \n    <li>\n              <div class='bde-icon-list__item-wrapper'>\n      \n      <span class='bde-icon-list__icon'>\n        <svg xmlns=\"http:\/\/www.w3.org\/2000\/svg\" id=\"icon-calendar\" viewbox=\"0 0 32 32\">\n<path d=\"M10 12h4v4h-4zM16 12h4v4h-4zM22 12h4v4h-4zM4 24h4v4h-4zM10 24h4v4h-4zM16 24h4v4h-4zM10 18h4v4h-4zM16 18h4v4h-4zM22 18h4v4h-4zM4 18h4v4h-4zM26 0v2h-4v-2h-14v2h-4v-2h-4v32h30v-32h-4zM28 30h-26v-22h26v22z\"\/>\n<\/svg>\n      <\/span>\n      <span class='bde-icon-list__text' >\n      Herstellungsjahr: 2022\n      <\/span>\n              <\/div>\n      \n    <\/li>\n\n  \n              \n    <li>\n              <div class='bde-icon-list__item-wrapper'>\n      \n      <span class='bde-icon-list__icon'>\n        <svg xmlns=\"http:\/\/www.w3.org\/2000\/svg\" viewbox=\"0 0 512 512\"><!--! Font Awesome Free 6.5.1 by @fontawesome - https:\/\/fontawesome.com License - https:\/\/fontawesome.com\/license\/free (Icons: CC BY 4.0, Fonts: SIL OFL 1.1, Code: MIT License) Copyright 2023 Fonticons, Inc. --><path d=\"M495.9 166.6c3.2 8.7 .5 18.4-6.4 24.6l-43.3 39.4c1.1 8.3 1.7 16.8 1.7 25.4s-.6 17.1-1.7 25.4l43.3 39.4c6.9 6.2 9.6 15.9 6.4 24.6c-4.4 11.9-9.7 23.3-15.8 34.3l-4.7 8.1c-6.6 11-14 21.4-22.1 31.2c-5.9 7.2-15.7 9.6-24.5 6.8l-55.7-17.7c-13.4 10.3-28.2 18.9-44 25.4l-12.5 57.1c-2 9.1-9 16.3-18.2 17.8c-13.8 2.3-28 3.5-42.5 3.5s-28.7-1.2-42.5-3.5c-9.2-1.5-16.2-8.7-18.2-17.8l-12.5-57.1c-15.8-6.5-30.6-15.1-44-25.4L83.1 425.9c-8.8 2.8-18.6 .3-24.5-6.8c-8.1-9.8-15.5-20.2-22.1-31.2l-4.7-8.1c-6.1-11-11.4-22.4-15.8-34.3c-3.2-8.7-.5-18.4 6.4-24.6l43.3-39.4C64.6 273.1 64 264.6 64 256s.6-17.1 1.7-25.4L22.4 191.2c-6.9-6.2-9.6-15.9-6.4-24.6c4.4-11.9 9.7-23.3 15.8-34.3l4.7-8.1c6.6-11 14-21.4 22.1-31.2c5.9-7.2 15.7-9.6 24.5-6.8l55.7 17.7c13.4-10.3 28.2-18.9 44-25.4l12.5-57.1c2-9.1 9-16.3 18.2-17.8C227.3 1.2 241.5 0 256 0s28.7 1.2 42.5 3.5c9.2 1.5 16.2 8.7 18.2 17.8l12.5 57.1c15.8 6.5 30.6 15.1 44 25.4l55.7-17.7c8.8-2.8 18.6-.3 24.5 6.8c8.1 9.8 15.5 20.2 22.1 31.2l4.7 8.1c6.1 11 11.4 22.4 15.8 34.3zM256 336a80 80 0 1 0 0-160 80 80 0 1 0 0 160z\"\/><\/svg>\n      <\/span>\n      <span class='bde-icon-list__text' >\n      Verpackungslinie\n      <\/span>\n              <\/div>\n      \n    <\/li>\n\n  <\/ul>\n\n<\/div><div class=\"bde-gallery-1605-489 bde-gallery breakdance-free-version-frontend-element-hider\">\n\n\n  \n\n\n\n\n\n\n\n\n\n\n<div class=\"ee-gallery ee-gallery--default ee-gallery--grid ee-gallery--single ee-gallery--lightbox ee-gallery-- ee-gallery--caption- ee-gallery--caption-none ee-gallery--ratio\">\n                  \n      <a class=\"ee-gallery-item ee-gallery-item--image ee-gallery-item--single\" href=\"http:\/\/strojrem.com\/wp-content\/uploads\/2026\/03\/fertilizer.jpg\"  data-sub-html=\"<span><\/span>\" data-category=\"1\"                  data-lg-size=\"1060-795\"\n\n      >\n        <figure class=\"ee-gallery-item-figure\">\n                        <img decoding=\"async\" class=\"breakdance-image-object\" src=\"http:\/\/strojrem.com\/wp-content\/uploads\/2026\/03\/fertilizer-1024x768.jpg\" width=\"1024\" height=\"768\" srcset=\"http:\/\/strojrem.com\/wp-content\/uploads\/2026\/03\/fertilizer.jpg 1060w, http:\/\/strojrem.com\/wp-content\/uploads\/2026\/03\/fertilizer-300x225.jpg 300w, http:\/\/strojrem.com\/wp-content\/uploads\/2026\/03\/fertilizer-1024x768.jpg 1024w, http:\/\/strojrem.com\/wp-content\/uploads\/2026\/03\/fertilizer-768x576.jpg 768w, http:\/\/strojrem.com\/wp-content\/uploads\/2026\/03\/fertilizer-16x12.jpg 16w\" sizes=\"auto, (max-width: 1060px) 100vw, 1060px\" alt=\"D\u00fcngemittel\" loading=\"lazy\">\n          \n                  <\/figure>\n      <\/a>\n\n                \n      <a class=\"ee-gallery-item ee-gallery-item--image ee-gallery-item--single\" href=\"http:\/\/strojrem.com\/wp-content\/uploads\/2026\/03\/material-feedig-conveyor.jpg\"  data-sub-html=\"<span><\/span>\" data-category=\"1\"                  data-lg-size=\"1060-795\"\n\n      >\n        <figure class=\"ee-gallery-item-figure\">\n                        <img decoding=\"async\" class=\"breakdance-image-object\" src=\"http:\/\/strojrem.com\/wp-content\/uploads\/2026\/03\/material-feedig-conveyor-1024x768.jpg\" width=\"1024\" height=\"768\" srcset=\"http:\/\/strojrem.com\/wp-content\/uploads\/2026\/03\/material-feedig-conveyor.jpg 1060w, http:\/\/strojrem.com\/wp-content\/uploads\/2026\/03\/material-feedig-conveyor-300x225.jpg 300w, http:\/\/strojrem.com\/wp-content\/uploads\/2026\/03\/material-feedig-conveyor-1024x768.jpg 1024w, http:\/\/strojrem.com\/wp-content\/uploads\/2026\/03\/material-feedig-conveyor-768x576.jpg 768w, http:\/\/strojrem.com\/wp-content\/uploads\/2026\/03\/material-feedig-conveyor-16x12.jpg 16w\" sizes=\"auto, (max-width: 1060px) 100vw, 1060px\" alt=\"Materialzuf\u00fchrband\" loading=\"lazy\">\n          \n                  <\/figure>\n      <\/a>\n\n                \n      <a class=\"ee-gallery-item ee-gallery-item--image ee-gallery-item--single\" href=\"http:\/\/strojrem.com\/wp-content\/uploads\/2026\/03\/packaging-line-siapro-group.jpg\"  data-sub-html=\"<span><\/span>\" data-category=\"1\"                  data-lg-size=\"1284-917\"\n\n      >\n        <figure class=\"ee-gallery-item-figure\">\n                        <img decoding=\"async\" class=\"breakdance-image-object\" src=\"http:\/\/strojrem.com\/wp-content\/uploads\/2026\/03\/packaging-line-siapro-group-1024x731.jpg\" width=\"1024\" height=\"731\" srcset=\"http:\/\/strojrem.com\/wp-content\/uploads\/2026\/03\/packaging-line-siapro-group.jpg 1284w, http:\/\/strojrem.com\/wp-content\/uploads\/2026\/03\/packaging-line-siapro-group-300x214.jpg 300w, http:\/\/strojrem.com\/wp-content\/uploads\/2026\/03\/packaging-line-siapro-group-1024x731.jpg 1024w, http:\/\/strojrem.com\/wp-content\/uploads\/2026\/03\/packaging-line-siapro-group-768x548.jpg 768w, http:\/\/strojrem.com\/wp-content\/uploads\/2026\/03\/packaging-line-siapro-group-18x12.jpg 18w\" sizes=\"auto, (max-width: 1284px) 100vw, 1284px\" loading=\"lazy\">\n          \n                  <\/figure>\n      <\/a>\n\n                \n      <a class=\"ee-gallery-item ee-gallery-item--image ee-gallery-item--single\" href=\"http:\/\/strojrem.com\/wp-content\/uploads\/2026\/03\/bagging-machine.jpg\"  data-sub-html=\"<span><\/span>\" data-category=\"1\"                  data-lg-size=\"1051-941\"\n\n      >\n        <figure class=\"ee-gallery-item-figure\">\n                        <img decoding=\"async\" class=\"breakdance-image-object\" src=\"http:\/\/strojrem.com\/wp-content\/uploads\/2026\/03\/bagging-machine-1024x917.jpg\" width=\"1024\" height=\"917\" srcset=\"http:\/\/strojrem.com\/wp-content\/uploads\/2026\/03\/bagging-machine.jpg 1051w, http:\/\/strojrem.com\/wp-content\/uploads\/2026\/03\/bagging-machine-300x269.jpg 300w, http:\/\/strojrem.com\/wp-content\/uploads\/2026\/03\/bagging-machine-1024x917.jpg 1024w, http:\/\/strojrem.com\/wp-content\/uploads\/2026\/03\/bagging-machine-768x688.jpg 768w, http:\/\/strojrem.com\/wp-content\/uploads\/2026\/03\/bagging-machine-13x12.jpg 13w\" sizes=\"auto, (max-width: 1051px) 100vw, 1051px\" alt=\"Verpackungsmaschine\" loading=\"lazy\">\n          \n                  <\/figure>\n      <\/a>\n\n                \n      <a class=\"ee-gallery-item ee-gallery-item--image ee-gallery-item--single\" href=\"http:\/\/strojrem.com\/wp-content\/uploads\/2026\/03\/packaging-system.jpg\"  data-sub-html=\"<span><\/span>\" data-category=\"1\"                  data-lg-size=\"831-932\"\n\n      >\n        <figure class=\"ee-gallery-item-figure\">\n                        <img decoding=\"async\" class=\"breakdance-image-object\" src=\"http:\/\/strojrem.com\/wp-content\/uploads\/2026\/03\/packaging-system.jpg\" width=\"831\" height=\"932\" srcset=\"http:\/\/strojrem.com\/wp-content\/uploads\/2026\/03\/packaging-system.jpg 831w, http:\/\/strojrem.com\/wp-content\/uploads\/2026\/03\/packaging-system-267x300.jpg 267w, http:\/\/strojrem.com\/wp-content\/uploads\/2026\/03\/packaging-system-768x861.jpg 768w, http:\/\/strojrem.com\/wp-content\/uploads\/2026\/03\/packaging-system-11x12.jpg 11w\" sizes=\"auto, (max-width: 831px) 100vw, 831px\" alt=\"Verpackungssystem\" loading=\"lazy\">\n          \n                  <\/figure>\n      <\/a>\n\n                \n      <a class=\"ee-gallery-item ee-gallery-item--image ee-gallery-item--single\" href=\"http:\/\/strojrem.com\/wp-content\/uploads\/2026\/03\/palletizing-robot.jpg\"  data-sub-html=\"<span><\/span>\" data-category=\"1\"                  data-lg-size=\"1163-882\"\n\n      >\n        <figure class=\"ee-gallery-item-figure\">\n                        <img decoding=\"async\" class=\"breakdance-image-object\" src=\"http:\/\/strojrem.com\/wp-content\/uploads\/2026\/03\/palletizing-robot-1024x777.jpg\" width=\"1024\" height=\"777\" srcset=\"http:\/\/strojrem.com\/wp-content\/uploads\/2026\/03\/palletizing-robot.jpg 1163w, http:\/\/strojrem.com\/wp-content\/uploads\/2026\/03\/palletizing-robot-300x228.jpg 300w, http:\/\/strojrem.com\/wp-content\/uploads\/2026\/03\/palletizing-robot-1024x777.jpg 1024w, http:\/\/strojrem.com\/wp-content\/uploads\/2026\/03\/palletizing-robot-768x582.jpg 768w, http:\/\/strojrem.com\/wp-content\/uploads\/2026\/03\/palletizing-robot-16x12.jpg 16w\" sizes=\"auto, (max-width: 1163px) 100vw, 1163px\" alt=\"Palettierroboter\" loading=\"lazy\">\n          \n                  <\/figure>\n      <\/a>\n\n                \n      <a class=\"ee-gallery-item ee-gallery-item--image ee-gallery-item--single\" href=\"http:\/\/strojrem.com\/wp-content\/uploads\/2026\/03\/packaging-line.jpg\"  data-sub-html=\"<span><\/span>\" data-category=\"1\"                  data-lg-size=\"1138-854\"\n\n      >\n        <figure class=\"ee-gallery-item-figure\">\n                        <img decoding=\"async\" class=\"breakdance-image-object\" src=\"http:\/\/strojrem.com\/wp-content\/uploads\/2026\/03\/packaging-line-1024x768.jpg\" width=\"1024\" height=\"768\" srcset=\"http:\/\/strojrem.com\/wp-content\/uploads\/2026\/03\/packaging-line.jpg 1138w, http:\/\/strojrem.com\/wp-content\/uploads\/2026\/03\/packaging-line-300x225.jpg 300w, http:\/\/strojrem.com\/wp-content\/uploads\/2026\/03\/packaging-line-1024x768.jpg 1024w, http:\/\/strojrem.com\/wp-content\/uploads\/2026\/03\/packaging-line-768x576.jpg 768w, http:\/\/strojrem.com\/wp-content\/uploads\/2026\/03\/packaging-line-16x12.jpg 16w\" sizes=\"auto, (max-width: 1138px) 100vw, 1138px\" alt=\"Verpackungslinie\" loading=\"lazy\">\n          \n                  <\/figure>\n      <\/a>\n\n                \n      <a class=\"ee-gallery-item ee-gallery-item--image ee-gallery-item--single\" href=\"http:\/\/strojrem.com\/wp-content\/uploads\/2026\/03\/pallets-handling-system-strojrem.jpg\"  data-sub-html=\"<span><\/span>\" data-category=\"1\"                  data-lg-size=\"1284-994\"\n\n      >\n        <figure class=\"ee-gallery-item-figure\">\n                        <img decoding=\"async\" class=\"breakdance-image-object\" src=\"http:\/\/strojrem.com\/wp-content\/uploads\/2026\/03\/pallets-handling-system-strojrem-1024x793.jpg\" width=\"1024\" height=\"793\" srcset=\"http:\/\/strojrem.com\/wp-content\/uploads\/2026\/03\/pallets-handling-system-strojrem.jpg 1284w, http:\/\/strojrem.com\/wp-content\/uploads\/2026\/03\/pallets-handling-system-strojrem-300x232.jpg 300w, http:\/\/strojrem.com\/wp-content\/uploads\/2026\/03\/pallets-handling-system-strojrem-1024x793.jpg 1024w, http:\/\/strojrem.com\/wp-content\/uploads\/2026\/03\/pallets-handling-system-strojrem-768x595.jpg 768w, http:\/\/strojrem.com\/wp-content\/uploads\/2026\/03\/pallets-handling-system-strojrem-16x12.jpg 16w\" sizes=\"auto, (max-width: 1284px) 100vw, 1284px\" loading=\"lazy\">\n          \n                  <\/figure>\n      <\/a>\n\n                \n      <a class=\"ee-gallery-item ee-gallery-item--image ee-gallery-item--single\" href=\"http:\/\/strojrem.com\/wp-content\/uploads\/2026\/03\/Packing-line-strojrem.jpg\"  data-sub-html=\"<span><\/span>\" data-category=\"1\"                  data-lg-size=\"875-657\"\n\n      >\n        <figure class=\"ee-gallery-item-figure\">\n                        <img decoding=\"async\" class=\"breakdance-image-object\" src=\"http:\/\/strojrem.com\/wp-content\/uploads\/2026\/03\/Packing-line-strojrem.jpg\" width=\"875\" height=\"657\" srcset=\"http:\/\/strojrem.com\/wp-content\/uploads\/2026\/03\/Packing-line-strojrem.jpg 875w, http:\/\/strojrem.com\/wp-content\/uploads\/2026\/03\/Packing-line-strojrem-300x225.jpg 300w, http:\/\/strojrem.com\/wp-content\/uploads\/2026\/03\/Packing-line-strojrem-768x577.jpg 768w, http:\/\/strojrem.com\/wp-content\/uploads\/2026\/03\/Packing-line-strojrem-16x12.jpg 16w\" sizes=\"auto, (max-width: 875px) 100vw, 875px\" alt=\"Verpackungslinie Strojrem\" loading=\"lazy\">\n          \n                  <\/figure>\n      <\/a>\n\n                \n      <a class=\"ee-gallery-item ee-gallery-item--image ee-gallery-item--single\" href=\"http:\/\/strojrem.com\/wp-content\/uploads\/2026\/03\/pallets.jpg\"  data-sub-html=\"<span><\/span>\" data-category=\"1\"                  data-lg-size=\"889-889\"\n\n      >\n        <figure class=\"ee-gallery-item-figure\">\n                        <img decoding=\"async\" class=\"breakdance-image-object\" src=\"http:\/\/strojrem.com\/wp-content\/uploads\/2026\/03\/pallets.jpg\" width=\"889\" height=\"889\" srcset=\"http:\/\/strojrem.com\/wp-content\/uploads\/2026\/03\/pallets.jpg 889w, http:\/\/strojrem.com\/wp-content\/uploads\/2026\/03\/pallets-300x300.jpg 300w, http:\/\/strojrem.com\/wp-content\/uploads\/2026\/03\/pallets-150x150.jpg 150w, http:\/\/strojrem.com\/wp-content\/uploads\/2026\/03\/pallets-768x768.jpg 768w, http:\/\/strojrem.com\/wp-content\/uploads\/2026\/03\/pallets-12x12.jpg 12w\" sizes=\"auto, (max-width: 889px) 100vw, 889px\" loading=\"lazy\">\n          \n                  <\/figure>\n      <\/a>\n\n      \n  <\/div>\n\n\n\n<\/div>\n<\/div><\/div><\/div>\n<\/section><section class=\"bde-section-1605-483 bde-section\">\n  \n  \n\t\n\n\n\n        <div class=\"section-shape-divider-wrapper section-shape-divider-wrapper--1\">\n          <span class=\"section-shape-divider\">\n                      <svg\n                xmlns=\"http:\/\/www.w3.org\/2000\/svg\"\n                viewbox=\"0 0 1440 320\"\n                preserveaspectratio=\"none\"\n            >\n              <path fill=\"currentColor\" fill-opacity=\"1\" d=\"M0,32L40,64C80,96,160,160,240,181.3C320,203,400,181,480,197.3C560,213,640,267,720,261.3C800,256,880,192,960,154.7C1040,117,1120,107,1200,85.3C1280,64,1360,32,1400,16L1440,0L1440,320L1400,320C1360,320,1280,320,1200,320C1120,320,1040,320,960,320C880,320,800,320,720,320C640,320,560,320,480,320C400,320,320,320,240,320C160,320,80,320,40,320L0,320Z\"><\/path>\n            <\/svg>\n                    <\/span>\n      <\/div>\n        <div class=\"section-shape-divider-wrapper section-shape-divider-wrapper--2\">\n          <span class=\"section-shape-divider\">\n                      <svg\n                xmlns=\"http:\/\/www.w3.org\/2000\/svg\"\n                viewbox=\"0 0 1440 320\"\n                preserveaspectratio=\"none\"\n            >\n              <path fill=\"currentColor\" fill-opacity=\"1\" d=\"M0,32L40,64C80,96,160,160,240,181.3C320,203,400,181,480,197.3C560,213,640,267,720,261.3C800,256,880,192,960,154.7C1040,117,1120,107,1200,85.3C1280,64,1360,32,1400,16L1440,0L1440,320L1400,320C1360,320,1280,320,1200,320C1120,320,1040,320,960,320C880,320,800,320,720,320C640,320,560,320,480,320C400,320,320,320,240,320C160,320,80,320,40,320L0,320Z\"><\/path>\n            <\/svg>\n                    <\/span>\n      <\/div>\n  <div class=\"section-container\"><div class=\"bde-div-1605-484 bde-div\" data-entrance=\"slideUp\">\n  \n  \n\t\n\n\n\n<div class=\"bde-div-1605-485 bde-div\">\n  \n  \n\t\n\n\n\n<h2 class=\"bde-heading-1605-486 bde-heading\">\nM\u00f6chten Sie ein \u00e4hnliches Projekt?\n<\/h2><div class=\"bde-text-1605-487 bde-text\">\nKontaktieren Sie uns f\u00fcr professionelle Beratung oder ein Angebot f\u00fcr Ihr Wasserkraftwerk.\n<\/div><div class=\"bde-button-1605-488 bde-button\">\n    \n                        \n                        \n    \n    \n    \n    \n            \n                    \n            \n            \n\n    \n    \n    \n    \n    \n    <a class=\"breakdance-link button-atom button-atom--custom bde-button__button\" href=\"http:\/\/strojrem.com\/de\/kontakt\/\" target=\"_self\" data-type=\"url\"  >\n\n    \n        <span class=\"button-atom__text\">KONTAKTIEREN SIE UNS<\/span>\n\n        \n        \n                <\/a>\n\n    \n\n\n<\/div>\n<\/div>\n<\/div><\/div>\n<\/section>","protected":false},"excerpt":{"rendered":"<p>Automated Fertilizer Packaging Line Advanced industrial solutions for reliable production ABOUT THE PROJECT For our partner RWA Hrvatska d.o.o., we delivered a complete fertilizer packaging line. The line is fully automated, with a capacity of 600 bags per hour. The fertilizer is packed into 25 kg plastic bags. At the end of the line, a [&hellip;]<\/p>\n","protected":false},"author":2,"featured_media":0,"parent":270,"menu_order":0,"comment_status":"closed","ping_status":"closed","template":"","meta":{"_breakdance_hide_in_design_set":false,"_breakdance_tags":"","footnotes":""},"class_list":["post-1605","page","type-page","status-publish","hentry"],"_links":{"self":[{"href":"https:\/\/strojrem.com\/de\/wp-json\/wp\/v2\/pages\/1605","targetHints":{"allow":["GET"]}}],"collection":[{"href":"https:\/\/strojrem.com\/de\/wp-json\/wp\/v2\/pages"}],"about":[{"href":"https:\/\/strojrem.com\/de\/wp-json\/wp\/v2\/types\/page"}],"author":[{"embeddable":true,"href":"https:\/\/strojrem.com\/de\/wp-json\/wp\/v2\/users\/2"}],"replies":[{"embeddable":true,"href":"https:\/\/strojrem.com\/de\/wp-json\/wp\/v2\/comments?post=1605"}],"version-history":[{"count":7,"href":"https:\/\/strojrem.com\/de\/wp-json\/wp\/v2\/pages\/1605\/revisions"}],"predecessor-version":[{"id":1625,"href":"https:\/\/strojrem.com\/de\/wp-json\/wp\/v2\/pages\/1605\/revisions\/1625"}],"up":[{"embeddable":true,"href":"https:\/\/strojrem.com\/de\/wp-json\/wp\/v2\/pages\/270"}],"wp:attachment":[{"href":"https:\/\/strojrem.com\/de\/wp-json\/wp\/v2\/media?parent=1605"}],"curies":[{"name":"wp","href":"https:\/\/api.w.org\/{rel}","templated":true}]}}