{"id":270,"date":"2025-11-10T21:02:56","date_gmt":"2025-11-10T20:02:56","guid":{"rendered":"http:\/\/strojrem.com\/?page_id=270"},"modified":"2026-03-05T09:56:52","modified_gmt":"2026-03-05T08:56:52","slug":"siapro-gruppe","status":"publish","type":"page","link":"https:\/\/strojrem.com\/de\/siapro-group\/","title":{"rendered":"SIAPRO-GRUPPE"},"content":{"rendered":"<section class=\"bde-section-270-316 bde-section\">\n              \n  \n  \n\t\n\n\n\n<div class=\"section-container\"><h1 class=\"bde-heading-270-102 bde-heading\">\nSIAPRO-GRUPPE\n<\/h1><div class=\"bde-text-270-320 bde-text\">\nZusammenf\u00fchrung von spezialisierten Unternehmen mit jahrzehntelanger Erfahrung in der Technik.\n<\/div><\/div>\n<\/section><section id=\"podjetja\" class=\"bde-section-270-399 bde-section\">\n  \n  \n\t\n\n\n\n<div class=\"section-container\"><h2 class=\"bde-heading-270-400 bde-heading heading-with-bar\">\n\u00dcBER DIE SIAPRO GRUPPE\n<\/h2><\/div>\n<\/section><section class=\"bde-section-270-723 bde-section\">\n  \n  \n\t\n\n\n\n<div class=\"section-container\"><div class=\"bde-columns-270-724 bde-columns\"><div class=\"bde-column-270-725 bde-column\">\n  \n  \n\t\n\n\n\n<div class=\"bde-columns-270-733 bde-columns\"><div class=\"bde-column-270-734 bde-column\">\n  \n  \n\t\n\n\n\n<div class=\"bde-rich-text-270-726 bde-rich-text breakdance-rich-text-styles\">\n<p data-start=\"0\" data-end=\"285\">Die Siapro-Gruppe besteht aus Siapro d.o.o. (Slowenien), Strojrem d.o.o. (Kroatien) und Siapro Hydro Power GmbH (\u00d6sterreich). Die Gruppe ist seit mehr als 30 Jahren auf dem Markt t\u00e4tig und besch\u00e4ftigt insgesamt 78 hochqualifizierte Fachkr\u00e4fte auf einer \u00fcberdachten Produktionsfl\u00e4che von 3.860 m\u00b2.<\/p>\n<p data-start=\"287\" data-end=\"597\" data-is-last-node=\"\" data-is-only-node=\"\">Das Vertriebs- und Entwicklungsprogramm der Siapro-Gruppe umfasst die Entwicklung und Herstellung von <strong>F\u00f6rderanlagen, Strahlanlagen, Gie\u00dfereianlagen, Wasserkraftwerke<\/strong> bis zu 10 MW, sowie L\u00f6sungen f\u00fcr die Automatisierung, Robotisierung und Digitalisierung der Produktion. Alle Projekte werden schl\u00fcsselfertig geliefert.<\/p>\n<p>Mit unserem Fachwissen \u00fcber moderne L\u00f6sungen und neue Technologien und mit in der EU hergestellten Ger\u00e4ten 100% sind wir in der Lage, unseren Kunden einen gleichbleibend hohen Qualit\u00e4tsstandard zu bieten. Sie k\u00f6nnen die Produkte der gesamten Gruppe auf den Websites von <a href=\"https:\/\/www.siapro.eu\" target=\"_blank\" rel=\"noopener\">Siapro<\/a>\u00a0und\u00a0<a href=\"https:\/\/siapro-hydro.eu\" target=\"_blank\" rel=\"noopener\">Siapro-Wasserkraftwerke<\/a>. Die Gruppe selbst wird auf einer Webseite von <a href=\"https:\/\/siapro-group.com\/\" target=\"_blank\" rel=\"noopener\">Siapro-Gruppe<\/a>.<\/p>\n<\/div>\n<\/div><div class=\"bde-column-270-735 bde-column\">\n  \n  \n\t\n\n\n\n<img decoding=\"async\" class=\"bde-image2-270-732 bde-image2\" src=\"http:\/\/strojrem.com\/wp-content\/uploads\/2025\/09\/logo-SIAPRO-original-RAL-300x77.png\" loading=\"lazy\" srcset=\"http:\/\/strojrem.com\/wp-content\/uploads\/2025\/09\/logo-SIAPRO-original-RAL.png 1421w, http:\/\/strojrem.com\/wp-content\/uploads\/2025\/09\/logo-SIAPRO-original-RAL-300x77.png 300w, http:\/\/strojrem.com\/wp-content\/uploads\/2025\/09\/logo-SIAPRO-original-RAL-1024x262.png 1024w, http:\/\/strojrem.com\/wp-content\/uploads\/2025\/09\/logo-SIAPRO-original-RAL-768x196.png 768w\" sizes=\"(max-width: 1421px) 100vw, 1421px\">\n<\/div><\/div>\n<\/div><\/div><div class=\"bde-gallery-270-731 bde-gallery breakdance-free-version-frontend-element-hider\">\n\n\n  \n\n\n\n\n\n\n\n\n\n\n<div class=\"ee-gallery ee-gallery--default ee-gallery--grid ee-gallery--single ee-gallery--lightbox ee-gallery-- ee-gallery--caption- ee-gallery--caption-none ee-gallery--ratio\">\n                  \n      <a class=\"ee-gallery-item ee-gallery-item--image ee-gallery-item--single\" href=\"http:\/\/strojrem.com\/wp-content\/uploads\/2026\/02\/Siapro-headder.jpg\" span><\/span>\" data-category=\"1\"                  data-lg-size=\"1920-800\"\n\n      >\n        <figure class=\"ee-gallery-item-figure\">\n                        <img decoding=\"async\" class=\"breakdance-image-object\" src=\"http:\/\/strojrem.com\/wp-content\/uploads\/2026\/02\/Siapro-headder-1024x427.jpg\" width=\"1024\" height=\"427\" srcset=\"http:\/\/strojrem.com\/wp-content\/uploads\/2026\/02\/Siapro-headder.jpg 1920w, http:\/\/strojrem.com\/wp-content\/uploads\/2026\/02\/Siapro-headder-300x125.jpg 300w, http:\/\/strojrem.com\/wp-content\/uploads\/2026\/02\/Siapro-headder-1024x427.jpg 1024w, http:\/\/strojrem.com\/wp-content\/uploads\/2026\/02\/Siapro-headder-768x320.jpg 768w, http:\/\/strojrem.com\/wp-content\/uploads\/2026\/02\/Siapro-headder-1536x640.jpg 1536w, http:\/\/strojrem.com\/wp-content\/uploads\/2026\/02\/Siapro-headder-18x8.jpg 18w\" sizes=\"auto, (max-width: 1920px) 100vw, 1920px\" loading=\"lazy\">\n          \n                  <\/figure>\n      <\/a>\n\n                \n      <a class=\"ee-gallery-item ee-gallery-item--image ee-gallery-item--single\" href=\"http:\/\/strojrem.com\/wp-content\/uploads\/2026\/02\/Siapro-sjediste-Slovenija.jpg\" span><\/span>\" data-category=\"1\"                  data-lg-size=\"1280-793\"\n\n      >\n        <figure class=\"ee-gallery-item-figure\">\n                        <img decoding=\"async\" class=\"breakdance-image-object\" src=\"http:\/\/strojrem.com\/wp-content\/uploads\/2026\/02\/Siapro-sjediste-Slovenija-1024x634.jpg\" width=\"1024\" height=\"634\" srcset=\"http:\/\/strojrem.com\/wp-content\/uploads\/2026\/02\/Siapro-sjediste-Slovenija.jpg 1280w, http:\/\/strojrem.com\/wp-content\/uploads\/2026\/02\/Siapro-sjediste-Slovenija-300x186.jpg 300w, http:\/\/strojrem.com\/wp-content\/uploads\/2026\/02\/Siapro-sjediste-Slovenija-1024x634.jpg 1024w, http:\/\/strojrem.com\/wp-content\/uploads\/2026\/02\/Siapro-sjediste-Slovenija-768x476.jpg 768w, http:\/\/strojrem.com\/wp-content\/uploads\/2026\/02\/Siapro-sjediste-Slovenija-18x12.jpg 18w\" sizes=\"auto, (max-width: 1280px) 100vw, 1280px\" loading=\"lazy\">\n          \n                  <\/figure>\n      <\/a>\n\n      \n  <\/div>\n\n\n\n<\/div><\/div>\n<\/section><section id=\"podjetja\" class=\"bde-section-270-736 bde-section\">\n              \n  \n  \n\t\n\n  <div class=\"section-background-overlay\"><\/div>\n\n\n<div class=\"section-container\"><h2 class=\"bde-heading-270-737 bde-heading heading-with-bar\">\nVIDEO-PR\u00c4SENTATION - SIAPRO-GRUPPE\n<\/h2><\/div>\n<\/section><section class=\"bde-section-270-738 bde-section\">\n              \n  \n  \n\t\n\n  <div class=\"section-background-overlay\"><\/div>\n\n\n<div class=\"section-container\"><div class=\"bde-video-270-744 bde-video\">\n<div class=\"ee-video-container\">\n                                                                        \n                <lite-youtube\n                        videoid=\"RinLguKoBJ4\"\n                                                style=\"background-image: url(https:\/\/i.ytimg.com\/vi\/RinLguKoBJ4\/maxresdefault.jpg); \"\n                        class=\"ee-video\"\n                        title=\"\"\n                        params=\"&playsinline=0&rel=0&enablejsapi=1\"\n                >\n                <\/lite-youtube>\n                    \n        \n            \n    <\/div>\n\n<\/div><\/div>\n<\/section><section id=\"podjetja\" class=\"bde-section-270-745 bde-section\">\n  \n  \n\t\n\n\n\n<div class=\"section-container\"><h2 class=\"bde-heading-270-746 bde-heading heading-with-bar\">\nEntwicklung und Produktion von Strojrem-F\u00f6rderanlagen\n<\/h2><\/div>\n<\/section><section class=\"bde-section-270-747 bde-section\">\n  \n  \n\t\n\n\n\n<div class=\"section-container\"><div class=\"bde-columns-270-748 bde-columns\"><div class=\"bde-column-270-749 bde-column\">\n  \n  \n\t\n\n\n\n<div class=\"bde-rich-text-270-750 bde-rich-text breakdance-rich-text-styles\">\n<p data-start=\"0\" data-end=\"347\"><strong data-start=\"0\" data-end=\"37\">Wir liefern ma\u00dfgeschneiderte L\u00f6sungen.<\/strong><br data-start=\"37\" data-end=\"40\" \/>Das Strojrem-Ingenieurteam verf\u00fcgt \u00fcber langj\u00e4hrige Erfahrung in der Entwicklung von F\u00f6rderanlagen und verwandten Ger\u00e4ten. Strojrem ist auf dem kroatischen Markt gut etabliert und wird zunehmend auf dem gesamten europ\u00e4ischen Markt anerkannt.<\/p>\n<p data-start=\"0\" data-end=\"347\">Wir analysieren die Bed\u00fcrfnisse jedes Kunden gr\u00fcndlich und liefern Projekte schl\u00fcsselfertig - von der Planung und Konstruktion bis zur Fertigung und Endmontage der Anlagen. Wir liefern auch alle erforderlichen Ersatzteile. In den \u00fcber drei\u00dfig Jahren unserer T\u00e4tigkeit haben wir uns das Vertrauen unserer Kunden verdient und ein starkes Portfolio an Referenzen in einer Vielzahl von Branchen aufgebaut.\u00a0<\/p>\n<\/div><div class=\"bde-gallery-270-751 bde-gallery breakdance-free-version-frontend-element-hider\">\n\n\n  \n\n\n\n\n\n\n\n\n\n\n<div class=\"ee-gallery ee-gallery--default ee-gallery--grid ee-gallery--single ee-gallery--lightbox ee-gallery-- ee-gallery--caption- ee-gallery--caption-none ee-gallery--ratio\">\n                  \n      <a class=\"ee-gallery-item ee-gallery-item--image ee-gallery-item--single\" href=\"http:\/\/strojrem.com\/wp-content\/uploads\/2026\/03\/SOLIDWORKS-industrial-conveyor-model-on-screen-strojrem.jpg\" span><\/span>\" data-category=\"1\"                  data-lg-size=\"1006-754\"\n\n      >\n        <figure class=\"ee-gallery-item-figure\">\n                        <img decoding=\"async\" class=\"breakdance-image-object\" src=\"http:\/\/strojrem.com\/wp-content\/uploads\/2026\/03\/SOLIDWORKS-industrial-conveyor-model-on-screen-strojrem.jpg\" width=\"1006\" height=\"754\" srcset=\"http:\/\/strojrem.com\/wp-content\/uploads\/2026\/03\/SOLIDWORKS-industrial-conveyor-model-on-screen-strojrem.jpg 1006w, http:\/\/strojrem.com\/wp-content\/uploads\/2026\/03\/SOLIDWORKS-industrial-conveyor-model-on-screen-strojrem-300x225.jpg 300w, http:\/\/strojrem.com\/wp-content\/uploads\/2026\/03\/SOLIDWORKS-industrial-conveyor-model-on-screen-strojrem-768x576.jpg 768w, http:\/\/strojrem.com\/wp-content\/uploads\/2026\/03\/SOLIDWORKS-industrial-conveyor-model-on-screen-strojrem-16x12.jpg 16w\" sizes=\"auto, (max-width: 1006px) 100vw, 1006px\" alt=\"SOLIDWORKS Modell eines Industrief\u00f6rderers auf dem Bildschirm strojrem\" loading=\"lazy\">\n          \n                  <\/figure>\n      <\/a>\n\n                \n      <a class=\"ee-gallery-item ee-gallery-item--image ee-gallery-item--single\" href=\"http:\/\/strojrem.com\/wp-content\/uploads\/2026\/03\/engineering-siapro-group.jpg\" span><\/span>\" data-category=\"1\"                  data-lg-size=\"1280-853\"\n\n      >\n        <figure class=\"ee-gallery-item-figure\">\n                        <img decoding=\"async\" class=\"breakdance-image-object\" src=\"http:\/\/strojrem.com\/wp-content\/uploads\/2026\/03\/engineering-siapro-group.jpg\" width=\"1280\" height=\"853\" srcset=\"http:\/\/strojrem.com\/wp-content\/uploads\/2026\/03\/engineering-siapro-group.jpg 1280w, http:\/\/strojrem.com\/wp-content\/uploads\/2026\/03\/engineering-siapro-group-300x200.jpg 300w, http:\/\/strojrem.com\/wp-content\/uploads\/2026\/03\/engineering-siapro-group-1024x682.jpg 1024w, http:\/\/strojrem.com\/wp-content\/uploads\/2026\/03\/engineering-siapro-group-768x512.jpg 768w, http:\/\/strojrem.com\/wp-content\/uploads\/2026\/03\/engineering-siapro-group-18x12.jpg 18w\" sizes=\"auto, (max-width: 1280px) 100vw, 1280px\" loading=\"lazy\">\n          \n                  <\/figure>\n      <\/a>\n\n      \n  <\/div>\n\n\n\n<\/div>\n<\/div><\/div><\/div>\n<\/section><section id=\"podjetja\" class=\"bde-section-270-752 bde-section\">\n              \n  \n  \n\t\n\n  <div class=\"section-background-overlay\"><\/div>\n\n\n<div class=\"section-container\"><h2 class=\"bde-heading-270-753 bde-heading heading-with-bar\">\nEntwicklung und Produktion von Siapro-Strahlanlagen\n<\/h2><\/div>\n<\/section><section class=\"bde-section-270-754 bde-section\">\n              \n  \n  \n\t\n\n  <div class=\"section-background-overlay\"><\/div>\n\n\n<div class=\"section-container\"><div class=\"bde-rich-text-270-755 bde-rich-text breakdance-rich-text-styles\">\n<p style=\"text-align: left;\">Strojrem ist Teil der Siapro-Gruppe. Siapro-Strahlanlagen sind in der ganzen Welt bekannt, wobei der gr\u00f6\u00dfte Markt Europa ist. Seit 30 Jahren stellen wir Maschinen auf Bestellung und nach speziellen Kundenw\u00fcnschen her. Wir haben gro\u00dfes Vertrauen bei unseren Kunden aufgebaut. Wir verfolgen die Trends im Bereich der Robotik und setzen sie in unseren Projekten um. Die Anforderungen des Marktes an die Automatisierung, Digitalisierung und Robotisierung der Produktion steigen, und wir bei Siapro k\u00f6nnen ihnen mit unserem Wissen und unserer langj\u00e4hrigen Erfahrung problemlos folgen. Bei Strojrem produzieren wir Anlagen nach dem Turnkey-System. Mehr \u00fcber die Produktion von Strahlanlagen finden Sie unter\u00a0<a href=\"http:\/\/en.siapro.eu\/\" target=\"_blank\" rel=\"noopener\">www.siapro.eu<\/a><\/p>\n<\/div><div class=\"bde-columns-270-756 bde-columns\"><div class=\"bde-column-270-757 bde-column\">\n  \n  \n\t\n\n\n\n<img decoding=\"async\" class=\"bde-image2-270-758 bde-image2\" src=\"http:\/\/strojrem.com\/wp-content\/uploads\/2026\/02\/ing22.jpg\" loading=\"lazy\" srcset=\"http:\/\/strojrem.com\/wp-content\/uploads\/2026\/02\/ing22.jpg 1080w, http:\/\/strojrem.com\/wp-content\/uploads\/2026\/02\/ing22-300x300.jpg 300w, http:\/\/strojrem.com\/wp-content\/uploads\/2026\/02\/ing22-1024x1024.jpg 1024w, http:\/\/strojrem.com\/wp-content\/uploads\/2026\/02\/ing22-150x150.jpg 150w, http:\/\/strojrem.com\/wp-content\/uploads\/2026\/02\/ing22-768x768.jpg 768w, http:\/\/strojrem.com\/wp-content\/uploads\/2026\/02\/ing22-12x12.jpg 12w\" sizes=\"(max-width: 1080px) 100vw, 1080px\">\n<\/div><div class=\"bde-column-270-759 bde-column\">\n  \n  \n\t\n\n\n\n<img decoding=\"async\" class=\"bde-image2-270-760 bde-image2\" src=\"http:\/\/strojrem.com\/wp-content\/uploads\/2026\/02\/ing21.jpg\" loading=\"lazy\" srcset=\"http:\/\/strojrem.com\/wp-content\/uploads\/2026\/02\/ing21.jpg 1080w, http:\/\/strojrem.com\/wp-content\/uploads\/2026\/02\/ing21-300x300.jpg 300w, http:\/\/strojrem.com\/wp-content\/uploads\/2026\/02\/ing21-1024x1024.jpg 1024w, http:\/\/strojrem.com\/wp-content\/uploads\/2026\/02\/ing21-150x150.jpg 150w, http:\/\/strojrem.com\/wp-content\/uploads\/2026\/02\/ing21-768x768.jpg 768w, http:\/\/strojrem.com\/wp-content\/uploads\/2026\/02\/ing21-12x12.jpg 12w\" sizes=\"(max-width: 1080px) 100vw, 1080px\">\n<\/div><\/div><\/div>\n<\/section><section id=\"podjetja\" class=\"bde-section-270-765 bde-section\">\n              \n  \n  \n\t\n\n  <div class=\"section-background-overlay\"><\/div>\n\n\n<div class=\"section-container\"><h2 class=\"bde-heading-270-766 bde-heading heading-with-bar\">\nPlanung und Herstellung von Siapro-Wasserkraftwerken\n<\/h2><\/div>\n<\/section><section class=\"bde-section-270-767 bde-section\">\n              \n  \n  \n\t\n\n  <div class=\"section-background-overlay\"><\/div>\n\n\n<div class=\"section-container\"><div class=\"bde-rich-text-270-768 bde-rich-text breakdance-rich-text-styles\">\n<p style=\"text-align: left;\">Siapro ist ein international anerkanntes Unternehmen im Bereich der Herstellung von Kleinwasserkraftwerken bis zu 10 MW. Schl\u00fcsselfertige Projekte werden mit dem Siapro Ingenieurteam realisiert. Im Bereich der Wasserkrafterzeugung konstruieren, fertigen und installieren wir Pelton-, Kaplan- und Francis-Turbinen, Crossflow-Turbinen (Banki) sowie die komplette hydro-mechanische und elektrische Ausr\u00fcstung. Die Wasserkraftwerke werden in Slowenien entworfen und hergestellt und in der ganzen Welt installiert. Kleinere Wasserkraftwerke haben eine Leistung von etwa 100 kW, gr\u00f6\u00dfere von bis zu 10 MW. Strojrem ist Teil der Siapro-Gruppe. Die kombinierte Erfahrung und das technische Know-how kommen beiden Unternehmen zugute. Mehr \u00fcber die Produktion von Siapro-Wasserkraftwerken finden Sie unter\u00a0\u00a0<a href=\"http:\/\/www.hydro-electricity.eu\/domov\/\" target=\"_blank\" rel=\"noopener\">www. siapro-hydro.com<\/a><\/p>\n<\/div><div class=\"bde-columns-270-769 bde-columns\"><div class=\"bde-column-270-770 bde-column\">\n  \n  \n\t\n\n\n\n<img decoding=\"async\" class=\"bde-image2-270-771 bde-image2\" src=\"http:\/\/strojrem.com\/wp-content\/uploads\/2026\/02\/ing31.jpg\" loading=\"lazy\" srcset=\"http:\/\/strojrem.com\/wp-content\/uploads\/2026\/02\/ing31.jpg 1920w, http:\/\/strojrem.com\/wp-content\/uploads\/2026\/02\/ing31-300x169.jpg 300w, http:\/\/strojrem.com\/wp-content\/uploads\/2026\/02\/ing31-1024x576.jpg 1024w, http:\/\/strojrem.com\/wp-content\/uploads\/2026\/02\/ing31-768x432.jpg 768w, http:\/\/strojrem.com\/wp-content\/uploads\/2026\/02\/ing31-1536x864.jpg 1536w, http:\/\/strojrem.com\/wp-content\/uploads\/2026\/02\/ing31-18x10.jpg 18w\" sizes=\"(max-width: 1920px) 100vw, 1920px\">\n<\/div><div class=\"bde-column-270-772 bde-column\">\n  \n  \n\t\n\n\n\n<img decoding=\"async\" class=\"bde-image2-270-773 bde-image2\" src=\"http:\/\/strojrem.com\/wp-content\/uploads\/2026\/02\/ing32.jpg\" loading=\"lazy\" srcset=\"http:\/\/strojrem.com\/wp-content\/uploads\/2026\/02\/ing32.jpg 1920w, http:\/\/strojrem.com\/wp-content\/uploads\/2026\/02\/ing32-300x169.jpg 300w, http:\/\/strojrem.com\/wp-content\/uploads\/2026\/02\/ing32-1024x576.jpg 1024w, http:\/\/strojrem.com\/wp-content\/uploads\/2026\/02\/ing32-768x432.jpg 768w, http:\/\/strojrem.com\/wp-content\/uploads\/2026\/02\/ing32-1536x864.jpg 1536w, http:\/\/strojrem.com\/wp-content\/uploads\/2026\/02\/ing32-18x10.jpg 18w\" sizes=\"(max-width: 1920px) 100vw, 1920px\">\n<\/div><\/div><\/div>\n<\/section>","protected":false},"excerpt":{"rendered":"<p>SIAPRO GROUP Bringing together specialized companies with decades of engineering excellence. ABOUT SIAPRO GROUP The Siapro Group consists of Siapro d.o.o. (Slovenia), Strojrem d.o.o. (Croatia), and Siapro Hydro Power GmbH (Austria). The group has been operating on the market for more than 30 years and employs a total of 78 highly skilled professionals, with 3,860 [&hellip;]<\/p>\n","protected":false},"author":1,"featured_media":0,"parent":0,"menu_order":0,"comment_status":"closed","ping_status":"closed","template":"","meta":{"_breakdance_hide_in_design_set":false,"_breakdance_tags":"","footnotes":""},"class_list":["post-270","page","type-page","status-publish","hentry"],"_links":{"self":[{"href":"https:\/\/strojrem.com\/de\/wp-json\/wp\/v2\/pages\/270","targetHints":{"allow":["GET"]}}],"collection":[{"href":"https:\/\/strojrem.com\/de\/wp-json\/wp\/v2\/pages"}],"about":[{"href":"https:\/\/strojrem.com\/de\/wp-json\/wp\/v2\/types\/page"}],"author":[{"embeddable":true,"href":"https:\/\/strojrem.com\/de\/wp-json\/wp\/v2\/users\/1"}],"replies":[{"embeddable":true,"href":"https:\/\/strojrem.com\/de\/wp-json\/wp\/v2\/comments?post=270"}],"version-history":[{"count":47,"href":"https:\/\/strojrem.com\/de\/wp-json\/wp\/v2\/pages\/270\/revisions"}],"predecessor-version":[{"id":1659,"href":"https:\/\/strojrem.com\/de\/wp-json\/wp\/v2\/pages\/270\/revisions\/1659"}],"wp:attachment":[{"href":"https:\/\/strojrem.com\/de\/wp-json\/wp\/v2\/media?parent=270"}],"curies":[{"name":"wp","href":"https:\/\/api.w.org\/{rel}","templated":true}]}}