{"id":227,"date":"2025-11-09T21:09:49","date_gmt":"2025-11-09T20:09:49","guid":{"rendered":"http:\/\/strojrem.com\/?page_id=227"},"modified":"2026-02-22T22:52:54","modified_gmt":"2026-02-22T21:52:54","slug":"proizvodi","status":"publish","type":"page","link":"https:\/\/strojrem.com\/hr\/products\/","title":{"rendered":"Proizvodi"},"content":{"rendered":"<section class=\"bde-section-227-316 bde-section\">\n              \n  \n  \n\t\n\n\n\n<div class=\"section-container\"><h1 class=\"bde-heading-227-102 bde-heading\">\nProizvodi\n<\/h1><div class=\"bde-text-227-320 bde-text\">\nWe offer complete conveyor belts solutions\n<\/div><\/div>\n<\/section><section class=\"bde-section-227-332 bde-section\">\n  \n  \n\t\n\n\n\n<div class=\"section-container\"><div class=\"bde-text-227-334 bde-text\">\nSTROJREM specializes in the design, production, and installation of conveyor and industrial transport systems for bulk and unit material handling. We deliver reliable, high-performance solutions tailored to the needs of modern industry.\n<\/div><\/div>\n<\/section><section id=\"podjetja\" class=\"bde-section-227-399 bde-section\">\n  \n  \n\t\n\n\n\n<div class=\"section-container\"><h2 class=\"bde-heading-227-400 bde-heading heading-with-bar\">\nOur conveyor belt solutions\n<\/h2><\/div>\n<\/section><section class=\"bde-section-227-385 bde-section\">\n              \n  \n  \n\t\n\n  <div class=\"section-background-overlay\"><\/div>\n\n\n<div class=\"section-container\"><div class=\"bde-grid-227-401 bde-grid\">\n  \n  \n\t\n\n\n\n<div class=\"bde-image-box-227-404 bde-image-box\">\n<div class=\"ee-imagebox-image\">\n  <img loading=\"lazy\" decoding=\"async\" class=\"breakdance-image-object\" src=\"http:\/\/strojrem.com\/wp-content\/uploads\/2026\/02\/transporteri-Strojrem-1-1024x576-1.jpg\" width=\"1024\" height=\"576\" srcset=\"http:\/\/strojrem.com\/wp-content\/uploads\/2026\/02\/transporteri-Strojrem-1-1024x576-1.jpg 1024w, http:\/\/strojrem.com\/wp-content\/uploads\/2026\/02\/transporteri-Strojrem-1-1024x576-1-300x169.jpg 300w, http:\/\/strojrem.com\/wp-content\/uploads\/2026\/02\/transporteri-Strojrem-1-1024x576-1-768x432.jpg 768w, http:\/\/strojrem.com\/wp-content\/uploads\/2026\/02\/transporteri-Strojrem-1-1024x576-1-18x10.jpg 18w\" sizes=\"auto, (max-width: 1024px) 100vw, 1024px\">\n<\/div>\n<div class=\"ee-imagebox-content\">\n      <p class=\"ee-imagebox-title bde-h3\" >Industrijska rje\u0161enja za rasuti teret<\/p>\n    \n      <div class=\"ee-imagebox-text\" >Kompletni sustavi za rukovanje rasutim materijalima u zahtjevnim industrijskim okru\u017eenjima. Dizajniramo i proizvodimo transportne sustave velikih kapaciteta, prijemne jedinice, skladi\u0161na rje\u0161enja i opremu za transport prilago\u0111enu rudarstvu, cementnoj industriji, energetici, lu\u010dkom prometu i poljoprivredi. Na\u0161a rje\u0161enja osiguravaju pouzdan rad, trajnost i optimizirani protok materijala od prijema do kona\u010dne obrade.<\/div>\n    \n          \n                                    \n    \n    \n    \n    \n            \n                    \n            \n            \n\n    \n    \n    \n    \n    \n    <a class=\"breakdance-link button-atom button-atom--primary ee-imagebox-button\" href=\"http:\/\/strojrem.com\/hr\/proizvodi\/rjesenja-za-industrijski-rasuti-teret\/\" target=\"_self\" data-type=\"url\"  >\n\n    \n        <span class=\"button-atom__text\">Pro\u010ditajte vi\u0161e<\/span>\n\n        \n        \n                <\/a>\n\n    \n\n  <\/div>\n\n<\/div><div class=\"bde-image-box-227-418 bde-image-box\">\n<div class=\"ee-imagebox-image\">\n  <img loading=\"lazy\" decoding=\"async\" class=\"breakdance-image-object\" src=\"http:\/\/strojrem.com\/wp-content\/uploads\/2026\/02\/00-slider-04-1024x640-1.jpg\" width=\"1024\" height=\"640\" srcset=\"http:\/\/strojrem.com\/wp-content\/uploads\/2026\/02\/00-slider-04-1024x640-1.jpg 1024w, http:\/\/strojrem.com\/wp-content\/uploads\/2026\/02\/00-slider-04-1024x640-1-300x188.jpg 300w, http:\/\/strojrem.com\/wp-content\/uploads\/2026\/02\/00-slider-04-1024x640-1-768x480.jpg 768w, http:\/\/strojrem.com\/wp-content\/uploads\/2026\/02\/00-slider-04-1024x640-1-18x12.jpg 18w\" sizes=\"auto, (max-width: 1024px) 100vw, 1024px\">\n<\/div>\n<div class=\"ee-imagebox-content\">\n      <p class=\"ee-imagebox-title bde-h3\" >Rukovanje komadnom i lakom teretom<\/p>\n    \n      <div class=\"ee-imagebox-text\" >U\u010dinkoviti transportni i rukovni sustavi za internu logistiku, proizvodne pogone i skladi\u0161ta.  Dostavljamo rje\u0161enja po principu \"klju\u010d u ruke\", uklju\u010duju\u0107i linije za sortiranje, transport paleta, sustave za vaganje i integrirane logisti\u010dke procese.  Dizajnirani za fleksibilnost i preciznost, na\u0161i sustavi pobolj\u0161avaju u\u010dinkovitost tijeka rada i osiguravaju neometan protok materijala kroz objekte.<\/div>\n    \n          \n                                    \n    \n    \n    \n    \n            \n                    \n            \n            \n\n    \n    \n    \n    \n    \n    <a class=\"breakdance-link button-atom button-atom--primary ee-imagebox-button\" href=\"http:\/\/strojrem.com\/hr\/proizvodi\/manipulacija-komadnom-i-lakom-robom\/\" target=\"_self\" data-type=\"url\"  >\n\n    \n        <span class=\"button-atom__text\">Pro\u010ditajte vi\u0161e<\/span>\n\n        \n        \n                <\/a>\n\n    \n\n  <\/div>\n\n<\/div><div class=\"bde-image-box-227-416 bde-image-box\">\n<div class=\"ee-imagebox-image\">\n  <img loading=\"lazy\" decoding=\"async\" class=\"breakdance-image-object\" src=\"http:\/\/strojrem.com\/wp-content\/uploads\/2026\/02\/waste-recycling-equipment-problemo-1024x576-1.jpg\" width=\"1024\" height=\"576\" srcset=\"http:\/\/strojrem.com\/wp-content\/uploads\/2026\/02\/waste-recycling-equipment-problemo-1024x576-1.jpg 1024w, http:\/\/strojrem.com\/wp-content\/uploads\/2026\/02\/waste-recycling-equipment-problemo-1024x576-1-300x169.jpg 300w, http:\/\/strojrem.com\/wp-content\/uploads\/2026\/02\/waste-recycling-equipment-problemo-1024x576-1-768x432.jpg 768w, http:\/\/strojrem.com\/wp-content\/uploads\/2026\/02\/waste-recycling-equipment-problemo-1024x576-1-18x10.jpg 18w\" sizes=\"auto, (max-width: 1024px) 100vw, 1024px\">\n<\/div>\n<div class=\"ee-imagebox-content\">\n      <p class=\"ee-imagebox-title bde-h3\" >Mobilni transporteri<\/p>\n    \n      <div class=\"ee-imagebox-text\" >Fleksibilni i visokou\u010dinkoviti mobilni transportni sustavi dizajnirani za rukovanje materijalima na licu mjesta. Idealni za utovar, istovar i prijenosne operacije, na\u0161i mobilni sustavi pru\u017eaju mobilnost, brzo postavljanje i pouzdane performanse u raznim industrijama. Projektirani za izdr\u017eljivost i u\u010dinkovitost, podr\u017eavaju optimizirani transport rasutih materijala gdje god je to potrebno.<\/div>\n    \n          \n                                    \n    \n    \n    \n    \n            \n                    \n            \n            \n\n    \n    \n    \n    \n    \n    <a class=\"breakdance-link button-atom button-atom--primary ee-imagebox-button\" href=\"http:\/\/strojrem.com\/hr\/proizvodi\/pokretne-trake\/\" target=\"_self\" data-type=\"url\"  >\n\n    \n        <span class=\"button-atom__text\">Pro\u010ditajte vi\u0161e<\/span>\n\n        \n        \n                <\/a>\n\n    \n\n  <\/div>\n\n<\/div>\n<\/div><\/div>\n<\/section><section class=\"bde-section-227-431 bde-section\">\n  \n  \n\t\n\n\n\n        <div class=\"section-shape-divider-wrapper section-shape-divider-wrapper--1\">\n          <span class=\"section-shape-divider\">\n                      <svg\n                xmlns=\"http:\/\/www.w3.org\/2000\/svg\"\n                viewbox=\"0 0 1440 320\"\n                preserveaspectratio=\"none\"\n            >\n              <path fill=\"currentColor\" fill-opacity=\"1\" d=\"M0,32L40,64C80,96,160,160,240,181.3C320,203,400,181,480,197.3C560,213,640,267,720,261.3C800,256,880,192,960,154.7C1040,117,1120,107,1200,85.3C1280,64,1360,32,1400,16L1440,0L1440,320L1400,320C1360,320,1280,320,1200,320C1120,320,1040,320,960,320C880,320,800,320,720,320C640,320,560,320,480,320C400,320,320,320,240,320C160,320,80,320,40,320L0,320Z\"><\/path>\n            <\/svg>\n                    <\/span>\n      <\/div>\n        <div class=\"section-shape-divider-wrapper section-shape-divider-wrapper--2\">\n          <span class=\"section-shape-divider\">\n                      <svg\n                xmlns=\"http:\/\/www.w3.org\/2000\/svg\"\n                viewbox=\"0 0 1440 320\"\n                preserveaspectratio=\"none\"\n            >\n              <path fill=\"currentColor\" fill-opacity=\"1\" d=\"M0,32L40,64C80,96,160,160,240,181.3C320,203,400,181,480,197.3C560,213,640,267,720,261.3C800,256,880,192,960,154.7C1040,117,1120,107,1200,85.3C1280,64,1360,32,1400,16L1440,0L1440,320L1400,320C1360,320,1280,320,1200,320C1120,320,1040,320,960,320C880,320,800,320,720,320C640,320,560,320,480,320C400,320,320,320,240,320C160,320,80,320,40,320L0,320Z\"><\/path>\n            <\/svg>\n                    <\/span>\n      <\/div>\n  <div class=\"section-container\"><div class=\"bde-div-227-432 bde-div\" data-entrance=\"slideUp\">\n  \n  \n\t\n\n\n\n<div class=\"bde-div-227-433 bde-div\">\n  \n  \n\t\n\n\n\n<h2 class=\"bde-heading-227-434 bde-heading\">\nObratite nam se za stru\u010dno savjetovanje.\n<\/h2><div class=\"bde-text-227-435 bde-text\">\nObratite nam se za stru\u010dni savjet ili zahtjev za ponudu za va\u0161 transportni sustav.\n<\/div><div class=\"bde-button-227-436 bde-button\">\n    \n                        \n                        \n    \n    \n    \n    \n            \n                    \n            \n            \n\n    \n    \n    \n    \n    \n    <a class=\"breakdance-link button-atom button-atom--custom bde-button__button\" href=\"http:\/\/strojrem.com\/hr\/contact-us\/\" target=\"_self\" data-type=\"url\"  >\n\n    \n        <span class=\"button-atom__text\">Kontaktirajte nas<\/span>\n\n        \n        \n                <\/a>\n\n    \n\n\n<\/div>\n<\/div>\n<\/div><\/div>\n<\/section>","protected":false},"excerpt":{"rendered":"<p>Products We offer complete conveyor belts solutions STROJREM specializes in the design, production, and installation of conveyor and industrial transport systems for bulk and unit material handling. We deliver reliable, high-performance solutions tailored to the needs of modern industry. Our conveyor belt solutions Industrial bulk cargo solutions Complete systems for handling bulk materials in demanding [&hellip;]<\/p>\n","protected":false},"author":1,"featured_media":0,"parent":0,"menu_order":0,"comment_status":"closed","ping_status":"closed","template":"","meta":{"_breakdance_hide_in_design_set":false,"_breakdance_tags":"","footnotes":""},"class_list":["post-227","page","type-page","status-publish","hentry"],"_links":{"self":[{"href":"https:\/\/strojrem.com\/hr\/wp-json\/wp\/v2\/pages\/227","targetHints":{"allow":["GET"]}}],"collection":[{"href":"https:\/\/strojrem.com\/hr\/wp-json\/wp\/v2\/pages"}],"about":[{"href":"https:\/\/strojrem.com\/hr\/wp-json\/wp\/v2\/types\/page"}],"author":[{"embeddable":true,"href":"https:\/\/strojrem.com\/hr\/wp-json\/wp\/v2\/users\/1"}],"replies":[{"embeddable":true,"href":"https:\/\/strojrem.com\/hr\/wp-json\/wp\/v2\/comments?post=227"}],"version-history":[{"count":22,"href":"https:\/\/strojrem.com\/hr\/wp-json\/wp\/v2\/pages\/227\/revisions"}],"predecessor-version":[{"id":1238,"href":"https:\/\/strojrem.com\/hr\/wp-json\/wp\/v2\/pages\/227\/revisions\/1238"}],"wp:attachment":[{"href":"https:\/\/strojrem.com\/hr\/wp-json\/wp\/v2\/media?parent=227"}],"curies":[{"name":"wp","href":"https:\/\/api.w.org\/{rel}","templated":true}]}}