{"id":270,"date":"2025-11-10T21:02:56","date_gmt":"2025-11-10T20:02:56","guid":{"rendered":"http:\/\/strojrem.com\/?page_id=270"},"modified":"2026-03-05T09:56:52","modified_gmt":"2026-03-05T08:56:52","slug":"siapro-grupa","status":"publish","type":"page","link":"https:\/\/strojrem.com\/hr\/siapro-group\/","title":{"rendered":"SIAPRO GROUP"},"content":{"rendered":"<section class=\"bde-section-270-316 bde-section\">\n              \n  \n  \n\t\n\n\n\n<div class=\"section-container\"><h1 class=\"bde-heading-270-102 bde-heading\">\nSIAPRO GROUP\n<\/h1><div class=\"bde-text-270-320 bde-text\">\nOkupljanje specijaliziranih tvrtki s desetlje\u0107ima in\u017eenjerske izvrsnosti.\n<\/div><\/div>\n<\/section><section id=\"podjetja\" class=\"bde-section-270-399 bde-section\">\n  \n  \n\t\n\n\n\n<div class=\"section-container\"><h2 class=\"bde-heading-270-400 bde-heading heading-with-bar\">\nO SIAPRO GRUPI\n<\/h2><\/div>\n<\/section><section class=\"bde-section-270-723 bde-section\">\n  \n  \n\t\n\n\n\n<div class=\"section-container\"><div class=\"bde-columns-270-724 bde-columns\"><div class=\"bde-column-270-725 bde-column\">\n  \n  \n\t\n\n\n\n<div class=\"bde-columns-270-733 bde-columns\"><div class=\"bde-column-270-734 bde-column\">\n  \n  \n\t\n\n\n\n<div class=\"bde-rich-text-270-726 bde-rich-text breakdance-rich-text-styles\">\n<p data-start=\"0\" data-end=\"285\">Siapro Grupu \u010dine Siapro d.o.o. (Slovenija), Strojrem d.o.o. (Hrvatska) i Siapro Hydro Power GmbH (Austrija). Grupa posluje na tr\u017ei\u0161tu vi\u0161e od 30 godina i zapo\u0161ljava ukupno 78 visoko kvalificiranih stru\u010dnjaka, raspola\u017eu\u0107i sa 3.860 m\u00b2 natkrivenog proizvodnog prostora.<\/p>\n<p data-start=\"287\" data-end=\"597\" data-is-last-node=\"\" data-is-only-node=\"\">Prodajno-in\u017eenjerski program Siapro Grupe obuhva\u0107a projektiranje i proizvodnju <strong>transporteri, strojevi za pjeskarenje, oprema za ljevaonice, hidroelektrane<\/strong> do 10 MW, kao i rje\u0161enja za automatizaciju, robotizaciju i digitalizaciju proizvodnje. Svi projekti isporu\u010duju se po principu \"klju\u010d u ruke\".<\/p>\n<p>S na\u0161om stru\u010dno\u0161\u0107u u modernim rje\u0161enjima i novim tehnologijama, te s opremom 100% proizvedenom u EU, u mogu\u0107nosti smo na\u0161im kupcima pru\u017eiti dosljedno visoke standarde kvalitete. Proizvode cijele grupe mo\u017eete istra\u017eiti na web stranicama <a href=\"https:\/\/www.siapro.eu\" target=\"_blank\" rel=\"noopener\">Siapro<\/a>\u00a0i\u00a0<a href=\"https:\/\/siapro-hydro.eu\" target=\"_blank\" rel=\"noopener\">Hidroelektrane Siapro<\/a>. Grupa je predstavljena na web stranici <a href=\"https:\/\/siapro-group.com\/\" target=\"_blank\" rel=\"noopener\">Siapro grupa<\/a>.<\/p>\n<\/div>\n<\/div><div class=\"bde-column-270-735 bde-column\">\n  \n  \n\t\n\n\n\n<img decoding=\"async\" class=\"bde-image2-270-732 bde-image2\" src=\"http:\/\/strojrem.com\/wp-content\/uploads\/2025\/09\/logo-SIAPRO-original-RAL-300x77.png\" loading=\"lazy\" srcset=\"http:\/\/strojrem.com\/wp-content\/uploads\/2025\/09\/logo-SIAPRO-original-RAL.png 1421w, http:\/\/strojrem.com\/wp-content\/uploads\/2025\/09\/logo-SIAPRO-original-RAL-300x77.png 300w, http:\/\/strojrem.com\/wp-content\/uploads\/2025\/09\/logo-SIAPRO-original-RAL-1024x262.png 1024w, http:\/\/strojrem.com\/wp-content\/uploads\/2025\/09\/logo-SIAPRO-original-RAL-768x196.png 768w\" sizes=\"(max-width: 1421px) 100vw, 1421px\">\n<\/div><\/div>\n<\/div><\/div><div class=\"bde-gallery-270-731 bde-gallery breakdance-free-version-frontend-element-hider\">\n\n\n  \n\n\n\n\n\n\n\n\n\n\n<div class=\"ee-gallery ee-gallery--default ee-gallery--grid ee-gallery--single ee-gallery--lightbox ee-gallery-- ee-gallery--caption- ee-gallery--caption-none ee-gallery--ratio\">\n                  \n      <a class=\"ee-gallery-item ee-gallery-item--image ee-gallery-item--single\" href=\"http:\/\/strojrem.com\/wp-content\/uploads\/2026\/02\/Siapro-headder.jpg\" span><\/span>\" data-category=\"1\"                  data-lg-size=\"1920-800\"\n\n      >\n        <figure class=\"ee-gallery-item-figure\">\n                        <img decoding=\"async\" class=\"breakdance-image-object\" src=\"http:\/\/strojrem.com\/wp-content\/uploads\/2026\/02\/Siapro-headder-1024x427.jpg\" width=\"1024\" height=\"427\" srcset=\"http:\/\/strojrem.com\/wp-content\/uploads\/2026\/02\/Siapro-headder.jpg 1920w, http:\/\/strojrem.com\/wp-content\/uploads\/2026\/02\/Siapro-headder-300x125.jpg 300w, http:\/\/strojrem.com\/wp-content\/uploads\/2026\/02\/Siapro-headder-1024x427.jpg 1024w, http:\/\/strojrem.com\/wp-content\/uploads\/2026\/02\/Siapro-headder-768x320.jpg 768w, http:\/\/strojrem.com\/wp-content\/uploads\/2026\/02\/Siapro-headder-1536x640.jpg 1536w, http:\/\/strojrem.com\/wp-content\/uploads\/2026\/02\/Siapro-headder-18x8.jpg 18w\" sizes=\"auto, (max-width: 1920px) 100vw, 1920px\" loading=\"lazy\">\n          \n                  <\/figure>\n      <\/a>\n\n                \n      <a class=\"ee-gallery-item ee-gallery-item--image ee-gallery-item--single\" href=\"http:\/\/strojrem.com\/wp-content\/uploads\/2026\/02\/Siapro-sjediste-Slovenija.jpg\" span><\/span>\" data-category=\"1\"                  data-lg-size=\"1280-793\"\n\n      >\n        <figure class=\"ee-gallery-item-figure\">\n                        <img decoding=\"async\" class=\"breakdance-image-object\" src=\"http:\/\/strojrem.com\/wp-content\/uploads\/2026\/02\/Siapro-sjediste-Slovenija-1024x634.jpg\" width=\"1024\" height=\"634\" srcset=\"http:\/\/strojrem.com\/wp-content\/uploads\/2026\/02\/Siapro-sjediste-Slovenija.jpg 1280w, http:\/\/strojrem.com\/wp-content\/uploads\/2026\/02\/Siapro-sjediste-Slovenija-300x186.jpg 300w, http:\/\/strojrem.com\/wp-content\/uploads\/2026\/02\/Siapro-sjediste-Slovenija-1024x634.jpg 1024w, http:\/\/strojrem.com\/wp-content\/uploads\/2026\/02\/Siapro-sjediste-Slovenija-768x476.jpg 768w, http:\/\/strojrem.com\/wp-content\/uploads\/2026\/02\/Siapro-sjediste-Slovenija-18x12.jpg 18w\" sizes=\"auto, (max-width: 1280px) 100vw, 1280px\" loading=\"lazy\">\n          \n                  <\/figure>\n      <\/a>\n\n      \n  <\/div>\n\n\n\n<\/div><\/div>\n<\/section><section id=\"podjetja\" class=\"bde-section-270-736 bde-section\">\n              \n  \n  \n\t\n\n  <div class=\"section-background-overlay\"><\/div>\n\n\n<div class=\"section-container\"><h2 class=\"bde-heading-270-737 bde-heading heading-with-bar\">\nVIDEO PREZENTACIJA - SIAPRO GRUPA\n<\/h2><\/div>\n<\/section><section class=\"bde-section-270-738 bde-section\">\n              \n  \n  \n\t\n\n  <div class=\"section-background-overlay\"><\/div>\n\n\n<div class=\"section-container\"><div class=\"bde-video-270-744 bde-video\">\n<div class=\"ee-video-container\">\n                                                                        \n                <lite-youtube\n                        videoid=\"RinLguKoBJ4\"\n                                                style=\"background-image: url(https:\/\/i.ytimg.com\/vi\/RinLguKoBJ4\/maxresdefault.jpg); \"\n                        class=\"ee-video\"\n                        title=\"\"\n                        params=\"&playsinline=0&rel=0&enablejsapi=1\"\n                >\n                <\/lite-youtube>\n                    \n        \n            \n    <\/div>\n\n<\/div><\/div>\n<\/section><section id=\"podjetja\" class=\"bde-section-270-745 bde-section\">\n  \n  \n\t\n\n\n\n<div class=\"section-container\"><h2 class=\"bde-heading-270-746 bde-heading heading-with-bar\">\nIn\u017eenjering i proizvodnja Strojrem transportnih sustava\n<\/h2><\/div>\n<\/section><section class=\"bde-section-270-747 bde-section\">\n  \n  \n\t\n\n\n\n<div class=\"section-container\"><div class=\"bde-columns-270-748 bde-columns\"><div class=\"bde-column-270-749 bde-column\">\n  \n  \n\t\n\n\n\n<div class=\"bde-rich-text-270-750 bde-rich-text breakdance-rich-text-styles\">\n<p data-start=\"0\" data-end=\"347\"><strong data-start=\"0\" data-end=\"37\">Dostavljamo rje\u0161enja po mjeri.<\/strong><br data-start=\"37\" data-end=\"40\" \/>Strojremov in\u017eenjerski tim ima vi\u0161egodi\u0161nje iskustvo u projektiranju transportnih traka i pripadaju\u0107e opreme. Strojrem je dobro etabliran na hrvatskom tr\u017ei\u0161tu i sve vi\u0161e je prepoznat na \u0161irem europskom tr\u017ei\u0161tu.<\/p>\n<p data-start=\"0\" data-end=\"347\">Temeljito analiziramo potrebe svakog klijenta i isporu\u010dujemo projekte po sistemu klju\u010d u ruke \u2013 od planiranja i dizajna do proizvodnje i kona\u010dne monta\u017ee opreme. Tako\u0111er opskrbljujemo svim potrebnim rezervnim dijelovima. Tijekom vi\u0161e od trideset godina rada stekli smo povjerenje kupaca te izgradili sna\u017ean portfelj referenci u najrazli\u010ditijim industrijama.\u00a0<\/p>\n<\/div><div class=\"bde-gallery-270-751 bde-gallery breakdance-free-version-frontend-element-hider\">\n\n\n  \n\n\n\n\n\n\n\n\n\n\n<div class=\"ee-gallery ee-gallery--default ee-gallery--grid ee-gallery--single ee-gallery--lightbox ee-gallery-- ee-gallery--caption- ee-gallery--caption-none ee-gallery--ratio\">\n                  \n      <a class=\"ee-gallery-item ee-gallery-item--image ee-gallery-item--single\" href=\"http:\/\/strojrem.com\/wp-content\/uploads\/2026\/03\/SOLIDWORKS-industrial-conveyor-model-on-screen-strojrem.jpg\" span><\/span>\" data-category=\"1\"                  data-lg-size=\"1006-754\"\n\n      >\n        <figure class=\"ee-gallery-item-figure\">\n                        <img decoding=\"async\" class=\"breakdance-image-object\" src=\"http:\/\/strojrem.com\/wp-content\/uploads\/2026\/03\/SOLIDWORKS-industrial-conveyor-model-on-screen-strojrem.jpg\" width=\"1006\" height=\"754\" srcset=\"http:\/\/strojrem.com\/wp-content\/uploads\/2026\/03\/SOLIDWORKS-industrial-conveyor-model-on-screen-strojrem.jpg 1006w, http:\/\/strojrem.com\/wp-content\/uploads\/2026\/03\/SOLIDWORKS-industrial-conveyor-model-on-screen-strojrem-300x225.jpg 300w, http:\/\/strojrem.com\/wp-content\/uploads\/2026\/03\/SOLIDWORKS-industrial-conveyor-model-on-screen-strojrem-768x576.jpg 768w, http:\/\/strojrem.com\/wp-content\/uploads\/2026\/03\/SOLIDWORKS-industrial-conveyor-model-on-screen-strojrem-16x12.jpg 16w\" sizes=\"auto, (max-width: 1006px) 100vw, 1006px\" alt=\"SOLIDWORKS model industrijskog transportera na ekranu strojrem\" loading=\"lazy\">\n          \n                  <\/figure>\n      <\/a>\n\n                \n      <a class=\"ee-gallery-item ee-gallery-item--image ee-gallery-item--single\" href=\"http:\/\/strojrem.com\/wp-content\/uploads\/2026\/03\/engineering-siapro-group.jpg\" span><\/span>\" data-category=\"1\"                  data-lg-size=\"1280-853\"\n\n      >\n        <figure class=\"ee-gallery-item-figure\">\n                        <img decoding=\"async\" class=\"breakdance-image-object\" src=\"http:\/\/strojrem.com\/wp-content\/uploads\/2026\/03\/engineering-siapro-group.jpg\" width=\"1280\" height=\"853\" srcset=\"http:\/\/strojrem.com\/wp-content\/uploads\/2026\/03\/engineering-siapro-group.jpg 1280w, http:\/\/strojrem.com\/wp-content\/uploads\/2026\/03\/engineering-siapro-group-300x200.jpg 300w, http:\/\/strojrem.com\/wp-content\/uploads\/2026\/03\/engineering-siapro-group-1024x682.jpg 1024w, http:\/\/strojrem.com\/wp-content\/uploads\/2026\/03\/engineering-siapro-group-768x512.jpg 768w, http:\/\/strojrem.com\/wp-content\/uploads\/2026\/03\/engineering-siapro-group-18x12.jpg 18w\" sizes=\"auto, (max-width: 1280px) 100vw, 1280px\" loading=\"lazy\">\n          \n                  <\/figure>\n      <\/a>\n\n      \n  <\/div>\n\n\n\n<\/div>\n<\/div><\/div><\/div>\n<\/section><section id=\"podjetja\" class=\"bde-section-270-752 bde-section\">\n              \n  \n  \n\t\n\n  <div class=\"section-background-overlay\"><\/div>\n\n\n<div class=\"section-container\"><h2 class=\"bde-heading-270-753 bde-heading heading-with-bar\">\nIn\u017eenjering i proizvodnja strojeva za pjeskarenje Siapro\n<\/h2><\/div>\n<\/section><section class=\"bde-section-270-754 bde-section\">\n              \n  \n  \n\t\n\n  <div class=\"section-background-overlay\"><\/div>\n\n\n<div class=\"section-container\"><div class=\"bde-rich-text-270-755 bde-rich-text breakdance-rich-text-styles\">\n<p style=\"text-align: left;\">Strojrem je dio Siapro grupe. Pjeskarenje strojeva marke Siapro poznato je diljem svijeta, a najve\u0107e tr\u017ei\u0161te je Europa. Ve\u0107 30 godina proizvodimo strojeve po narud\u017ebi i sa posebnim zahtjevima kupaca. Stekli smo veliko povjerenje kod kupaca. Pratimo trendove vezane uz robotiku i implementiramo ih u na\u0161e projekte. Zahtjevi tr\u017ei\u0161ta za automatizacijom, digitalizacijom i robotizacijom proizvodnje rastu, a mi u Siapru ih lako pratimo svojim znanjem i dugogodi\u0161njim iskustvom. U Strojremu proizvodimo opremu po sistemu \"klju\u010d u ruke\". Vi\u0161e o proizvodnji strojeva za pjeskarenje mo\u017eete prona\u0107i na\u00a0<a href=\"http:\/\/en.siapro.eu\/\" target=\"_blank\" rel=\"noopener\">www.siapro.eu<\/a><\/p>\n<\/div><div class=\"bde-columns-270-756 bde-columns\"><div class=\"bde-column-270-757 bde-column\">\n  \n  \n\t\n\n\n\n<img decoding=\"async\" class=\"bde-image2-270-758 bde-image2\" src=\"http:\/\/strojrem.com\/wp-content\/uploads\/2026\/02\/ing22.jpg\" loading=\"lazy\" srcset=\"http:\/\/strojrem.com\/wp-content\/uploads\/2026\/02\/ing22.jpg 1080w, http:\/\/strojrem.com\/wp-content\/uploads\/2026\/02\/ing22-300x300.jpg 300w, http:\/\/strojrem.com\/wp-content\/uploads\/2026\/02\/ing22-1024x1024.jpg 1024w, http:\/\/strojrem.com\/wp-content\/uploads\/2026\/02\/ing22-150x150.jpg 150w, http:\/\/strojrem.com\/wp-content\/uploads\/2026\/02\/ing22-768x768.jpg 768w, http:\/\/strojrem.com\/wp-content\/uploads\/2026\/02\/ing22-12x12.jpg 12w\" sizes=\"(max-width: 1080px) 100vw, 1080px\">\n<\/div><div class=\"bde-column-270-759 bde-column\">\n  \n  \n\t\n\n\n\n<img decoding=\"async\" class=\"bde-image2-270-760 bde-image2\" src=\"http:\/\/strojrem.com\/wp-content\/uploads\/2026\/02\/ing21.jpg\" loading=\"lazy\" srcset=\"http:\/\/strojrem.com\/wp-content\/uploads\/2026\/02\/ing21.jpg 1080w, http:\/\/strojrem.com\/wp-content\/uploads\/2026\/02\/ing21-300x300.jpg 300w, http:\/\/strojrem.com\/wp-content\/uploads\/2026\/02\/ing21-1024x1024.jpg 1024w, http:\/\/strojrem.com\/wp-content\/uploads\/2026\/02\/ing21-150x150.jpg 150w, http:\/\/strojrem.com\/wp-content\/uploads\/2026\/02\/ing21-768x768.jpg 768w, http:\/\/strojrem.com\/wp-content\/uploads\/2026\/02\/ing21-12x12.jpg 12w\" sizes=\"(max-width: 1080px) 100vw, 1080px\">\n<\/div><\/div><\/div>\n<\/section><section id=\"podjetja\" class=\"bde-section-270-765 bde-section\">\n              \n  \n  \n\t\n\n  <div class=\"section-background-overlay\"><\/div>\n\n\n<div class=\"section-container\"><h2 class=\"bde-heading-270-766 bde-heading heading-with-bar\">\nProjektiranje i proizvodnja hidroelektrana Siapro\n<\/h2><\/div>\n<\/section><section class=\"bde-section-270-767 bde-section\">\n              \n  \n  \n\t\n\n  <div class=\"section-background-overlay\"><\/div>\n\n\n<div class=\"section-container\"><div class=\"bde-rich-text-270-768 bde-rich-text breakdance-rich-text-styles\">\n<p style=\"text-align: left;\">Siapro je me\u0111unarodno priznata tvrtka u podru\u010dju proizvodnje malih hidroelektrana do 10 MW. Klju\u010d u ruke projekti realiziraju se sa Siapro in\u017eenjerskim timom. U podru\u010dju hidroenergetike projektiramo, proizvodimo i montiramo turbine Pelton, Kaplan, Francis, Crossflow (Banki) te kompletnu hidromehani\u010dku i elektri\u010dnu opremu. Hidroelektrane projektiraju se i proizvode u Sloveniji, a ugra\u0111uju diljem svijeta. Manje hidroelektrane snage su oko 100 kW, a ve\u0107e do 10 MW. Strojrem je dio Siapro grupacije. Zajedni\u010dko iskustvo i in\u017eenjersko znanje koristi objema tvrtkama. Vi\u0161e o proizvodnji Siapro hidroelektrana mo\u017eete pogledati na\u00a0\u00a0<a href=\"http:\/\/www.hydro-electricity.eu\/domov\/\" target=\"_blank\" rel=\"noopener\">www.siapro-hydro.com<\/a><\/p>\n<\/div><div class=\"bde-columns-270-769 bde-columns\"><div class=\"bde-column-270-770 bde-column\">\n  \n  \n\t\n\n\n\n<img decoding=\"async\" class=\"bde-image2-270-771 bde-image2\" src=\"http:\/\/strojrem.com\/wp-content\/uploads\/2026\/02\/ing31.jpg\" loading=\"lazy\" srcset=\"http:\/\/strojrem.com\/wp-content\/uploads\/2026\/02\/ing31.jpg 1920w, http:\/\/strojrem.com\/wp-content\/uploads\/2026\/02\/ing31-300x169.jpg 300w, http:\/\/strojrem.com\/wp-content\/uploads\/2026\/02\/ing31-1024x576.jpg 1024w, http:\/\/strojrem.com\/wp-content\/uploads\/2026\/02\/ing31-768x432.jpg 768w, http:\/\/strojrem.com\/wp-content\/uploads\/2026\/02\/ing31-1536x864.jpg 1536w, http:\/\/strojrem.com\/wp-content\/uploads\/2026\/02\/ing31-18x10.jpg 18w\" sizes=\"(max-width: 1920px) 100vw, 1920px\">\n<\/div><div class=\"bde-column-270-772 bde-column\">\n  \n  \n\t\n\n\n\n<img decoding=\"async\" class=\"bde-image2-270-773 bde-image2\" src=\"http:\/\/strojrem.com\/wp-content\/uploads\/2026\/02\/ing32.jpg\" loading=\"lazy\" srcset=\"http:\/\/strojrem.com\/wp-content\/uploads\/2026\/02\/ing32.jpg 1920w, http:\/\/strojrem.com\/wp-content\/uploads\/2026\/02\/ing32-300x169.jpg 300w, http:\/\/strojrem.com\/wp-content\/uploads\/2026\/02\/ing32-1024x576.jpg 1024w, http:\/\/strojrem.com\/wp-content\/uploads\/2026\/02\/ing32-768x432.jpg 768w, http:\/\/strojrem.com\/wp-content\/uploads\/2026\/02\/ing32-1536x864.jpg 1536w, http:\/\/strojrem.com\/wp-content\/uploads\/2026\/02\/ing32-18x10.jpg 18w\" sizes=\"(max-width: 1920px) 100vw, 1920px\">\n<\/div><\/div><\/div>\n<\/section>","protected":false},"excerpt":{"rendered":"<p>SIAPRO GROUP Bringing together specialized companies with decades of engineering excellence. ABOUT SIAPRO GROUP The Siapro Group consists of Siapro d.o.o. (Slovenia), Strojrem d.o.o. (Croatia), and Siapro Hydro Power GmbH (Austria). The group has been operating on the market for more than 30 years and employs a total of 78 highly skilled professionals, with 3,860 [&hellip;]<\/p>\n","protected":false},"author":1,"featured_media":0,"parent":0,"menu_order":0,"comment_status":"closed","ping_status":"closed","template":"","meta":{"_breakdance_hide_in_design_set":false,"_breakdance_tags":"","footnotes":""},"class_list":["post-270","page","type-page","status-publish","hentry"],"_links":{"self":[{"href":"https:\/\/strojrem.com\/hr\/wp-json\/wp\/v2\/pages\/270","targetHints":{"allow":["GET"]}}],"collection":[{"href":"https:\/\/strojrem.com\/hr\/wp-json\/wp\/v2\/pages"}],"about":[{"href":"https:\/\/strojrem.com\/hr\/wp-json\/wp\/v2\/types\/page"}],"author":[{"embeddable":true,"href":"https:\/\/strojrem.com\/hr\/wp-json\/wp\/v2\/users\/1"}],"replies":[{"embeddable":true,"href":"https:\/\/strojrem.com\/hr\/wp-json\/wp\/v2\/comments?post=270"}],"version-history":[{"count":47,"href":"https:\/\/strojrem.com\/hr\/wp-json\/wp\/v2\/pages\/270\/revisions"}],"predecessor-version":[{"id":1659,"href":"https:\/\/strojrem.com\/hr\/wp-json\/wp\/v2\/pages\/270\/revisions\/1659"}],"wp:attachment":[{"href":"https:\/\/strojrem.com\/hr\/wp-json\/wp\/v2\/media?parent=270"}],"curies":[{"name":"wp","href":"https:\/\/api.w.org\/{rel}","templated":true}]}}