{"id":412,"date":"2025-11-15T20:41:51","date_gmt":"2025-11-15T19:41:51","guid":{"rendered":"http:\/\/strojrem.com\/?page_id=412"},"modified":"2026-04-10T13:28:36","modified_gmt":"2026-04-10T12:28:36","slug":"manipulacija-komadnom-i-lakom-robom","status":"publish","type":"page","link":"https:\/\/strojrem.com\/hr\/products\/manipulation-of-piece-and-light-cargo\/","title":{"rendered":"Rukovanje komadnom i lakom teretom"},"content":{"rendered":"<section class=\"bde-section-412-316 bde-section\">\n              \n  \n  \n\t\n\n\n\n<div class=\"section-container\"><h1 class=\"bde-heading-412-102 bde-heading\">\nRUKOVANJE KOMADNIM I LAGANIM TERETOM\n<\/h1><div class=\"bde-text-412-320 bde-text\">\nU\u010dinkoviti sustavi za rukovanje komadnom robom i laganim materijalima u industrijskim okru\u017eenjima.\n<\/div><\/div>\n<\/section><section id=\"podjetja\" class=\"bde-section-412-399 bde-section\">\n  \n  \n\t\n\n\n\n<div class=\"section-container\"><h2 class=\"bde-heading-412-400 bde-heading heading-with-bar\">\nRukovanje materijalima u proizvodnim pogonima, logisti\u010dkim centrima i skladi\u0161tima\n<\/h2><\/div>\n<\/section><section class=\"bde-section-412-332 bde-section\">\n  \n  \n\t\n\n\n\n<div class=\"section-container\"><div class=\"bde-columns-412-408 bde-columns\"><div class=\"bde-column-412-409 bde-column\">\n  \n  \n\t\n\n\n\n<div class=\"bde-rich-text-412-412 bde-rich-text breakdance-rich-text-styles\">\n<ul>\n<li data-start=\"112\" data-end=\"517\">Kompletni sustavi po principu \"klju\u010d u ruke\"<\/li>\n<li data-start=\"112\" data-end=\"517\">Vaganje, sortiranje, detekcija metala i drugi procesi povezani s transportom i internom logistikom<\/li>\n<li data-start=\"112\" data-end=\"517\">Prijevoz i rukovanje paletama<\/li>\n<li data-start=\"112\" data-end=\"517\">Skupne i sortirne linije<\/li>\n<\/ul>\n<\/div>\n<\/div><div class=\"bde-column-412-410 bde-column\">\n  \n  \n\t\n\n\n\n<img decoding=\"async\" class=\"bde-image2-412-411 bde-image2\" src=\"http:\/\/strojrem.com\/wp-content\/uploads\/2026\/03\/Packing-line-strojrem.jpg\" alt=\"Packing line strojrem\" loading=\"lazy\" srcset=\"http:\/\/strojrem.com\/wp-content\/uploads\/2026\/03\/Packing-line-strojrem.jpg 875w, http:\/\/strojrem.com\/wp-content\/uploads\/2026\/03\/Packing-line-strojrem-300x225.jpg 300w, http:\/\/strojrem.com\/wp-content\/uploads\/2026\/03\/Packing-line-strojrem-768x577.jpg 768w, http:\/\/strojrem.com\/wp-content\/uploads\/2026\/03\/Packing-line-strojrem-16x12.jpg 16w\" sizes=\"(max-width: 875px) 100vw, 875px\">\n<\/div><\/div><\/div>\n<\/section><section id=\"podjetja\" class=\"bde-section-412-507 bde-section\">\n              \n  \n  \n\t\n\n  <div class=\"section-background-overlay\"><\/div>\n\n\n<div class=\"section-container\"><h2 class=\"bde-heading-412-508 bde-heading heading-with-bar\">\nRJE\u0160ENJA ZA PRIJEVOZ RAZLI\u010cITIH MODULA\n<\/h2><\/div>\n<\/section><section class=\"bde-section-412-509 bde-section\">\n              \n  \n  \n\t\n\n  <div class=\"section-background-overlay\"><\/div>\n\n\n<div class=\"section-container\"><div class=\"bde-columns-412-510 bde-columns\"><div class=\"bde-column-412-511 bde-column\">\n  \n  \n\t\n\n\n\n<img decoding=\"async\" class=\"bde-image2-412-512 bde-image2\" src=\"http:\/\/strojrem.com\/wp-content\/uploads\/2026\/02\/Transport-boca-paketa-i-vreca.jpg\" loading=\"lazy\" srcset=\"https:\/\/strojrem.com\/wp-content\/uploads\/2026\/02\/Transport-boca-paketa-i-vreca.jpg 258w, https:\/\/strojrem.com\/wp-content\/uploads\/2026\/02\/Transport-boca-paketa-i-vreca-225x300.jpg 225w, https:\/\/strojrem.com\/wp-content\/uploads\/2026\/02\/Transport-boca-paketa-i-vreca-9x12.jpg 9w\" sizes=\"(max-width: 258px) 100vw, 258px\">\n<\/div><div class=\"bde-column-412-513 bde-column\">\n  \n  \n\t\n\n\n\n<div class=\"bde-rich-text-412-514 bde-rich-text breakdance-rich-text-styles\">\n<ul>\n<li>Prijevoz jedinice ili pakiranog proizvoda<\/li>\n<li>Prijevoz boca, paketa i torbi<\/li>\n<li>Prijevoz poluproizvoda i gotovih proizvoda<\/li>\n<li>Prijevoz papira i kartona<\/li>\n<li>Rje\u0161enja prilago\u0111ena korisnicima<\/li>\n<\/ul>\n<\/div>\n<\/div><\/div><\/div>\n<\/section><section id=\"podjetja\" class=\"bde-section-412-515 bde-section\">\n  \n  \n\t\n\n\n\n<div class=\"section-container\"><h2 class=\"bde-heading-412-516 bde-heading heading-with-bar\">\nServis i postprodaja\n<\/h2><\/div>\n<\/section><section class=\"bde-section-412-517 bde-section\">\n  \n  \n\t\n\n\n\n<div class=\"section-container\"><div class=\"bde-columns-412-518 bde-columns\"><div class=\"bde-column-412-519 bde-column\">\n  \n  \n\t\n\n\n\n<div class=\"bde-rich-text-412-520 bde-rich-text breakdance-rich-text-styles\">\n<ul>\n<li data-start=\"112\" data-end=\"517\">Preventivno i periodi\u010dno odr\u017eavanje<\/li>\n<li data-start=\"112\" data-end=\"517\">Otvorena telefonska linija od 0 do 24 sata.<\/li>\n<li data-start=\"112\" data-end=\"517\">Intervencije hitnih slu\u017ebi s najkra\u0107im mogu\u0107im vremenom odziva<\/li>\n<li data-start=\"112\" data-end=\"517\">Potro\u0161ni materijal i rezervni dijelovi<\/li>\n<li data-start=\"112\" data-end=\"517\">Trake za transport: isporuka, sastavljene u radionici ili monta\u017ea na terenu<\/li>\n<\/ul>\n<\/div>\n<\/div><div class=\"bde-column-412-521 bde-column\">\n  \n  \n\t\n\n\n\n<img decoding=\"async\" class=\"bde-image2-412-522 bde-image2\" src=\"http:\/\/strojrem.com\/wp-content\/uploads\/2026\/02\/00-slider-04-1024x640-1.jpg\" loading=\"lazy\" srcset=\"http:\/\/strojrem.com\/wp-content\/uploads\/2026\/02\/00-slider-04-1024x640-1.jpg 1024w, http:\/\/strojrem.com\/wp-content\/uploads\/2026\/02\/00-slider-04-1024x640-1-300x188.jpg 300w, http:\/\/strojrem.com\/wp-content\/uploads\/2026\/02\/00-slider-04-1024x640-1-768x480.jpg 768w, http:\/\/strojrem.com\/wp-content\/uploads\/2026\/02\/00-slider-04-1024x640-1-18x12.jpg 18w\" sizes=\"(max-width: 1024px) 100vw, 1024px\">\n<\/div><\/div><\/div>\n<\/section><section id=\"podjetja\" class=\"bde-section-412-417 bde-section\">\n              \n  \n  \n\t\n\n  <div class=\"section-background-overlay\"><\/div>\n\n\n<div class=\"section-container\"><h2 class=\"bde-heading-412-418 bde-heading heading-with-bar\">\nbro\u0161ura\n<\/h2><div class=\"bde-div-412-523 bde-div\">\n  \n  \n\t\n\n\n\n<div class=\"bde-icon-412-524 bde-icon\">\n\n    \n            <div class=\"bde-icon-icon breakdance-icon-atom\" >\n    \n                    <svg xmlns=\"http:\/\/www.w3.org\/2000\/svg\" id=\"icon-file-pdf\" viewbox=\"0 0 32 32\">\n<path d=\"M26.313 18.421c-0.427-0.42-1.372-0.643-2.812-0.662-0.974-0.011-2.147 0.075-3.38 0.248-0.552-0.319-1.122-0.665-1.568-1.083-1.202-1.122-2.205-2.68-2.831-4.394 0.041-0.16 0.075-0.301 0.108-0.444 0 0 0.677-3.846 0.498-5.146-0.025-0.178-0.040-0.23-0.088-0.369l-0.059-0.151c-0.184-0.425-0.545-0.875-1.111-0.85l-0.341-0.011c-0.631 0-1.146 0.323-1.281 0.805-0.411 1.514 0.013 3.778 0.781 6.711l-0.197 0.478c-0.55 1.34-1.238 2.689-1.846 3.88l-0.079 0.155c-0.639 1.251-1.22 2.313-1.745 3.213l-0.543 0.287c-0.040 0.021-0.97 0.513-1.188 0.645-1.852 1.106-3.079 2.361-3.282 3.357-0.065 0.318-0.017 0.725 0.313 0.913l0.525 0.264c0.228 0.114 0.468 0.172 0.714 0.172 1.319 0 2.85-1.643 4.959-5.324 2.435-0.793 5.208-1.452 7.638-1.815 1.852 1.043 4.129 1.767 5.567 1.767 0.255 0 0.475-0.024 0.654-0.072 0.276-0.073 0.508-0.23 0.65-0.444 0.279-0.42 0.335-0.998 0.26-1.59-0.023-0.176-0.163-0.393-0.315-0.541zM6.614 25.439c0.241-0.658 1.192-1.958 2.6-3.111 0.088-0.072 0.306-0.276 0.506-0.466-1.472 2.348-2.458 3.283-3.106 3.577zM14.951 6.24c0.424 0 0.665 1.069 0.685 2.070s-0.214 1.705-0.505 2.225c-0.241-0.77-0.357-1.984-0.357-2.778 0 0-0.018-1.517 0.177-1.517v0zM12.464 19.922c0.295-0.529 0.603-1.086 0.917-1.677 0.765-1.447 1.249-2.58 1.609-3.511 0.716 1.303 1.608 2.41 2.656 3.297 0.131 0.111 0.269 0.222 0.415 0.333-2.132 0.422-3.974 0.935-5.596 1.558v0zM25.903 19.802c-0.13 0.081-0.502 0.128-0.741 0.128-0.772 0-1.727-0.353-3.066-0.927 0.515-0.038 0.986-0.057 1.409-0.057 0.774 0 1.004-0.003 1.761 0.19s0.767 0.585 0.637 0.667v0z\"\/>\n<path d=\"M28.681 7.159c-0.694-0.947-1.662-2.053-2.724-3.116s-2.169-2.030-3.116-2.724c-1.612-1.182-2.393-1.319-2.841-1.319h-15.5c-1.378 0-2.5 1.121-2.5 2.5v27c0 1.378 1.121 2.5 2.5 2.5h23c1.378 0 2.5-1.122 2.5-2.5v-19.5c0-0.448-0.137-1.23-1.319-2.841v0zM24.543 5.457c0.959 0.959 1.712 1.825 2.268 2.543h-4.811v-4.811c0.718 0.556 1.584 1.309 2.543 2.268v0zM28 29.5c0 0.271-0.229 0.5-0.5 0.5h-23c-0.271 0-0.5-0.229-0.5-0.5v-27c0-0.271 0.229-0.5 0.5-0.5 0 0 15.499-0 15.5 0v7c0 0.552 0.448 1 1 1h7v19.5z\"\/>\n<\/svg>\n        \n        \n        \n            <\/div>\n    \n\n\n<\/div><div class=\"bde-button-412-525 bde-button\">\n    \n                                    \n    \n    \n    \n    \n            \n                    \n            \n            \n\n    \n    \n    \n    \n    \n    <a class=\"breakdance-link button-atom button-atom--primary bde-button__button\" href=\"https:\/\/strojrem.com\/wp-content\/uploads\/2026\/04\/004-PDF-A4_Industrial-Light-Cargo-Manipulation_Strojrem_2026_eng_distribution.pdf\" target=\"_self\" data-type=\"url\"  >\n\n    \n        <span class=\"button-atom__text\">PDF - STROJREM RUKOVANJE DJELOM I LAKIM TERETOM<\/span>\n\n        \n        \n                <\/a>\n\n    \n\n\n<\/div>\n<\/div><\/div>\n<\/section><section id=\"podjetja\" class=\"bde-section-412-542 bde-section\">\n  \n  \n\t\n\n\n\n<div class=\"section-container\"><h2 class=\"bde-heading-412-543 bde-heading heading-with-bar\">\nREFERENCE\n<\/h2><div class=\"bde-columns-412-544 bde-columns\"><div class=\"bde-column-412-545 bde-column\">\n  \n  \n\t\n\n\n\n<div class=\"bde-video-412-546 bde-video\">\n<div class=\"ee-video-container\">\n                                                                        \n                <lite-youtube\n                        videoid=\"eb_3qsGcvzw\"\n                                                style=\"background-image: url(https:\/\/i.ytimg.com\/vi\/eb_3qsGcvzw\/maxresdefault.jpg); \"\n                        class=\"ee-video\"\n                        title=\"\"\n                        params=\"&playsinline=0&rel=0&enablejsapi=1\"\n                >\n                <\/lite-youtube>\n                    \n        \n            \n    <\/div>\n\n<\/div>\n<\/div><div class=\"bde-column-412-548 bde-column\">\n  \n  \n\t\n\n\n\n<div class=\"bde-video-412-549 bde-video\">\n<div class=\"ee-video-container\">\n                                                                        \n                <lite-youtube\n                        videoid=\"lDtY5fEpwlE\"\n                                                style=\"background-image: url(https:\/\/i.ytimg.com\/vi\/lDtY5fEpwlE\/maxresdefault.jpg); \"\n                        class=\"ee-video\"\n                        title=\"\"\n                        params=\"&playsinline=0&rel=0&enablejsapi=1\"\n                >\n                <\/lite-youtube>\n                    \n        \n            \n    <\/div>\n\n<\/div>\n<\/div><\/div><div class=\"bde-fancy-divider-412-551 bde-fancy-divider\">\n\n\n<div class=\"bde-fancy-divider__wrapper\">\n  <div class=\"bde-fancy-divider__separator\">\n  \t  <\/div>\n<\/div>\n\n<\/div><div class=\"bde-gallery-412-552 bde-gallery breakdance-free-version-frontend-element-hider\">\n\n\n  \n\n\n\n\n\n\n\n\n\n\n<div class=\"ee-gallery ee-gallery--default ee-gallery--grid ee-gallery--single ee-gallery--lightbox ee-gallery-- ee-gallery--caption- ee-gallery--caption-none ee-gallery--ratio\">\n                  \n      <a class=\"ee-gallery-item ee-gallery-item--image ee-gallery-item--single\" href=\"http:\/\/strojrem.com\/wp-content\/uploads\/2026\/02\/light-cargo-transporter.jpg\"  data-sub-html=\"<span><\/span>\" data-category=\"1\"                  data-lg-size=\"852-639\"\n\n      >\n        <figure class=\"ee-gallery-item-figure\">\n                        <img decoding=\"async\" class=\"breakdance-image-object\" src=\"http:\/\/strojrem.com\/wp-content\/uploads\/2026\/02\/light-cargo-transporter.jpg\" width=\"852\" height=\"639\" srcset=\"http:\/\/strojrem.com\/wp-content\/uploads\/2026\/02\/light-cargo-transporter.jpg 852w, http:\/\/strojrem.com\/wp-content\/uploads\/2026\/02\/light-cargo-transporter-300x225.jpg 300w, http:\/\/strojrem.com\/wp-content\/uploads\/2026\/02\/light-cargo-transporter-768x576.jpg 768w, http:\/\/strojrem.com\/wp-content\/uploads\/2026\/02\/light-cargo-transporter-16x12.jpg 16w\" sizes=\"auto, (max-width: 852px) 100vw, 852px\" loading=\"lazy\">\n          \n                  <\/figure>\n      <\/a>\n\n                \n      <a class=\"ee-gallery-item ee-gallery-item--image ee-gallery-item--single\" href=\"http:\/\/strojrem.com\/wp-content\/uploads\/2026\/03\/Transporter-Strojrem-Bulgaria-3.jpg\"  data-sub-html=\"<span><\/span>\" data-category=\"1\"                  data-lg-size=\"1600-900\"\n\n      >\n        <figure class=\"ee-gallery-item-figure\">\n                        <img decoding=\"async\" class=\"breakdance-image-object\" src=\"http:\/\/strojrem.com\/wp-content\/uploads\/2026\/03\/Transporter-Strojrem-Bulgaria-3-1024x576.jpg\" width=\"1024\" height=\"576\" srcset=\"http:\/\/strojrem.com\/wp-content\/uploads\/2026\/03\/Transporter-Strojrem-Bulgaria-3.jpg 1600w, http:\/\/strojrem.com\/wp-content\/uploads\/2026\/03\/Transporter-Strojrem-Bulgaria-3-300x169.jpg 300w, http:\/\/strojrem.com\/wp-content\/uploads\/2026\/03\/Transporter-Strojrem-Bulgaria-3-1024x576.jpg 1024w, http:\/\/strojrem.com\/wp-content\/uploads\/2026\/03\/Transporter-Strojrem-Bulgaria-3-768x432.jpg 768w, http:\/\/strojrem.com\/wp-content\/uploads\/2026\/03\/Transporter-Strojrem-Bulgaria-3-1536x864.jpg 1536w, http:\/\/strojrem.com\/wp-content\/uploads\/2026\/03\/Transporter-Strojrem-Bulgaria-3-18x10.jpg 18w\" sizes=\"auto, (max-width: 1600px) 100vw, 1600px\" loading=\"lazy\">\n          \n                  <\/figure>\n      <\/a>\n\n                \n      <a class=\"ee-gallery-item ee-gallery-item--image ee-gallery-item--single\" href=\"https:\/\/strojrem.com\/wp-content\/uploads\/2026\/04\/Packing-line-strojrem-siapro.jpg\"  data-sub-html=\"<span><\/span>\" data-category=\"1\"                  data-lg-size=\"876-657\"\n\n      >\n        <figure class=\"ee-gallery-item-figure\">\n                        <img decoding=\"async\" class=\"breakdance-image-object\" src=\"https:\/\/strojrem.com\/wp-content\/uploads\/2026\/04\/Packing-line-strojrem-siapro.jpg\" width=\"876\" height=\"657\" srcset=\"https:\/\/strojrem.com\/wp-content\/uploads\/2026\/04\/Packing-line-strojrem-siapro.jpg 876w, https:\/\/strojrem.com\/wp-content\/uploads\/2026\/04\/Packing-line-strojrem-siapro-300x225.jpg 300w, https:\/\/strojrem.com\/wp-content\/uploads\/2026\/04\/Packing-line-strojrem-siapro-768x576.jpg 768w, https:\/\/strojrem.com\/wp-content\/uploads\/2026\/04\/Packing-line-strojrem-siapro-16x12.jpg 16w\" sizes=\"auto, (max-width: 876px) 100vw, 876px\" loading=\"lazy\">\n          \n                  <\/figure>\n      <\/a>\n\n                \n      <a class=\"ee-gallery-item ee-gallery-item--image ee-gallery-item--single\" href=\"http:\/\/strojrem.com\/wp-content\/uploads\/2026\/03\/packaging-and-paletisation-3.jpg\"  data-sub-html=\"<span><\/span>\" data-category=\"1\"                  data-lg-size=\"768-1024\"\n\n      >\n        <figure class=\"ee-gallery-item-figure\">\n                        <img decoding=\"async\" class=\"breakdance-image-object\" src=\"http:\/\/strojrem.com\/wp-content\/uploads\/2026\/03\/packaging-and-paletisation-3.jpg\" width=\"768\" height=\"1024\" srcset=\"http:\/\/strojrem.com\/wp-content\/uploads\/2026\/03\/packaging-and-paletisation-3.jpg 768w, http:\/\/strojrem.com\/wp-content\/uploads\/2026\/03\/packaging-and-paletisation-3-225x300.jpg 225w, http:\/\/strojrem.com\/wp-content\/uploads\/2026\/03\/packaging-and-paletisation-3-9x12.jpg 9w\" sizes=\"auto, (max-width: 768px) 100vw, 768px\" loading=\"lazy\">\n          \n                  <\/figure>\n      <\/a>\n\n                \n      <a class=\"ee-gallery-item ee-gallery-item--image ee-gallery-item--single\" href=\"https:\/\/strojrem.com\/wp-content\/uploads\/2026\/04\/automated-packaging-line-strojrem.jpg\"  data-sub-html=\"<span><\/span>\" data-category=\"1\"                  data-lg-size=\"1280-853\"\n\n      >\n        <figure class=\"ee-gallery-item-figure\">\n                        <img decoding=\"async\" class=\"breakdance-image-object\" src=\"https:\/\/strojrem.com\/wp-content\/uploads\/2026\/04\/automated-packaging-line-strojrem-1024x682.jpg\" width=\"1024\" height=\"682\" srcset=\"https:\/\/strojrem.com\/wp-content\/uploads\/2026\/04\/automated-packaging-line-strojrem.jpg 1280w, https:\/\/strojrem.com\/wp-content\/uploads\/2026\/04\/automated-packaging-line-strojrem-300x200.jpg 300w, https:\/\/strojrem.com\/wp-content\/uploads\/2026\/04\/automated-packaging-line-strojrem-1024x682.jpg 1024w, https:\/\/strojrem.com\/wp-content\/uploads\/2026\/04\/automated-packaging-line-strojrem-768x512.jpg 768w, https:\/\/strojrem.com\/wp-content\/uploads\/2026\/04\/automated-packaging-line-strojrem-18x12.jpg 18w\" sizes=\"auto, (max-width: 1280px) 100vw, 1280px\" alt=\"automatizirana proizvodna linija strojrem\" loading=\"lazy\">\n          \n                  <\/figure>\n      <\/a>\n\n                \n      <a class=\"ee-gallery-item ee-gallery-item--image ee-gallery-item--single\" href=\"https:\/\/strojrem.com\/wp-content\/uploads\/2026\/04\/pallets-handling-system-strojrem.jpg\"  data-sub-html=\"<span><\/span>\" data-category=\"1\"                  data-lg-size=\"1284-994\"\n\n      >\n        <figure class=\"ee-gallery-item-figure\">\n                        <img decoding=\"async\" class=\"breakdance-image-object\" src=\"https:\/\/strojrem.com\/wp-content\/uploads\/2026\/04\/pallets-handling-system-strojrem-1024x793.jpg\" width=\"1024\" height=\"793\" srcset=\"https:\/\/strojrem.com\/wp-content\/uploads\/2026\/04\/pallets-handling-system-strojrem.jpg 1284w, https:\/\/strojrem.com\/wp-content\/uploads\/2026\/04\/pallets-handling-system-strojrem-300x232.jpg 300w, https:\/\/strojrem.com\/wp-content\/uploads\/2026\/04\/pallets-handling-system-strojrem-1024x793.jpg 1024w, https:\/\/strojrem.com\/wp-content\/uploads\/2026\/04\/pallets-handling-system-strojrem-768x595.jpg 768w, https:\/\/strojrem.com\/wp-content\/uploads\/2026\/04\/pallets-handling-system-strojrem-16x12.jpg 16w\" sizes=\"auto, (max-width: 1284px) 100vw, 1284px\" alt=\"pallets handling system strojrem\" loading=\"lazy\">\n          \n                  <\/figure>\n      <\/a>\n\n                \n      <a class=\"ee-gallery-item ee-gallery-item--image ee-gallery-item--single\" href=\"https:\/\/strojrem.com\/wp-content\/uploads\/2026\/04\/bagging-machine.jpg\"  data-sub-html=\"<span><\/span>\" data-category=\"1\"                  data-lg-size=\"1051-941\"\n\n      >\n        <figure class=\"ee-gallery-item-figure\">\n                        <img decoding=\"async\" class=\"breakdance-image-object\" src=\"https:\/\/strojrem.com\/wp-content\/uploads\/2026\/04\/bagging-machine-1024x917.jpg\" width=\"1024\" height=\"917\" srcset=\"https:\/\/strojrem.com\/wp-content\/uploads\/2026\/04\/bagging-machine.jpg 1051w, https:\/\/strojrem.com\/wp-content\/uploads\/2026\/04\/bagging-machine-300x269.jpg 300w, https:\/\/strojrem.com\/wp-content\/uploads\/2026\/04\/bagging-machine-1024x917.jpg 1024w, https:\/\/strojrem.com\/wp-content\/uploads\/2026\/04\/bagging-machine-768x688.jpg 768w, https:\/\/strojrem.com\/wp-content\/uploads\/2026\/04\/bagging-machine-13x12.jpg 13w\" sizes=\"auto, (max-width: 1051px) 100vw, 1051px\" loading=\"lazy\">\n          \n                  <\/figure>\n      <\/a>\n\n                \n      <a class=\"ee-gallery-item ee-gallery-item--image ee-gallery-item--single\" href=\"https:\/\/strojrem.com\/wp-content\/uploads\/2026\/04\/light-cargo-conveyor-system.jpg\"  data-sub-html=\"<span><\/span>\" data-category=\"1\"                  data-lg-size=\"1212-906\"\n\n      >\n        <figure class=\"ee-gallery-item-figure\">\n                        <img decoding=\"async\" class=\"breakdance-image-object\" src=\"https:\/\/strojrem.com\/wp-content\/uploads\/2026\/04\/light-cargo-conveyor-system-1024x765.jpg\" width=\"1024\" height=\"765\" srcset=\"https:\/\/strojrem.com\/wp-content\/uploads\/2026\/04\/light-cargo-conveyor-system.jpg 1212w, https:\/\/strojrem.com\/wp-content\/uploads\/2026\/04\/light-cargo-conveyor-system-300x224.jpg 300w, https:\/\/strojrem.com\/wp-content\/uploads\/2026\/04\/light-cargo-conveyor-system-1024x765.jpg 1024w, https:\/\/strojrem.com\/wp-content\/uploads\/2026\/04\/light-cargo-conveyor-system-768x574.jpg 768w, https:\/\/strojrem.com\/wp-content\/uploads\/2026\/04\/light-cargo-conveyor-system-16x12.jpg 16w\" sizes=\"auto, (max-width: 1212px) 100vw, 1212px\" alt=\"sustav konvejera za lagano tereto\" loading=\"lazy\">\n          \n                  <\/figure>\n      <\/a>\n\n                \n      <a class=\"ee-gallery-item ee-gallery-item--image ee-gallery-item--single\" href=\"http:\/\/strojrem.com\/wp-content\/uploads\/2026\/02\/Transport-boca-paketa-i-vreca.jpg\"  data-sub-html=\"<span><\/span>\" data-category=\"1\"                  data-lg-size=\"258-344\"\n\n      >\n        <figure class=\"ee-gallery-item-figure\">\n                        <img decoding=\"async\" class=\"breakdance-image-object\" src=\"http:\/\/strojrem.com\/wp-content\/uploads\/2026\/02\/Transport-boca-paketa-i-vreca.jpg\" width=\"258\" height=\"344\" srcset=\"http:\/\/strojrem.com\/wp-content\/uploads\/2026\/02\/Transport-boca-paketa-i-vreca.jpg 258w, http:\/\/strojrem.com\/wp-content\/uploads\/2026\/02\/Transport-boca-paketa-i-vreca-225x300.jpg 225w, http:\/\/strojrem.com\/wp-content\/uploads\/2026\/02\/Transport-boca-paketa-i-vreca-9x12.jpg 9w\" sizes=\"auto, (max-width: 258px) 100vw, 258px\" loading=\"lazy\">\n          \n                  <\/figure>\n      <\/a>\n\n      \n  <\/div>\n\n\n\n<\/div><\/div>\n<\/section><section class=\"bde-section-412-532 bde-section\">\n  \n  \n\t\n\n\n\n        <div class=\"section-shape-divider-wrapper section-shape-divider-wrapper--1\">\n          <span class=\"section-shape-divider\">\n                      <svg\n                xmlns=\"http:\/\/www.w3.org\/2000\/svg\"\n                viewbox=\"0 0 1440 320\"\n                preserveaspectratio=\"none\"\n            >\n              <path fill=\"currentColor\" fill-opacity=\"1\" d=\"M0,32L40,64C80,96,160,160,240,181.3C320,203,400,181,480,197.3C560,213,640,267,720,261.3C800,256,880,192,960,154.7C1040,117,1120,107,1200,85.3C1280,64,1360,32,1400,16L1440,0L1440,320L1400,320C1360,320,1280,320,1200,320C1120,320,1040,320,960,320C880,320,800,320,720,320C640,320,560,320,480,320C400,320,320,320,240,320C160,320,80,320,40,320L0,320Z\"><\/path>\n            <\/svg>\n                    <\/span>\n      <\/div>\n        <div class=\"section-shape-divider-wrapper section-shape-divider-wrapper--2\">\n          <span class=\"section-shape-divider\">\n                      <svg\n                xmlns=\"http:\/\/www.w3.org\/2000\/svg\"\n                viewbox=\"0 0 1440 320\"\n                preserveaspectratio=\"none\"\n            >\n              <path fill=\"currentColor\" fill-opacity=\"1\" d=\"M0,32L40,64C80,96,160,160,240,181.3C320,203,400,181,480,197.3C560,213,640,267,720,261.3C800,256,880,192,960,154.7C1040,117,1120,107,1200,85.3C1280,64,1360,32,1400,16L1440,0L1440,320L1400,320C1360,320,1280,320,1200,320C1120,320,1040,320,960,320C880,320,800,320,720,320C640,320,560,320,480,320C400,320,320,320,240,320C160,320,80,320,40,320L0,320Z\"><\/path>\n            <\/svg>\n                    <\/span>\n      <\/div>\n  <div class=\"section-container\"><div class=\"bde-div-412-533 bde-div\" data-entrance=\"slideUp\">\n  \n  \n\t\n\n\n\n<div class=\"bde-div-412-534 bde-div\">\n  \n  \n\t\n\n\n\n<h2 class=\"bde-heading-412-535 bde-heading\">\nObratite nam se za stru\u010dno savjetovanje.\n<\/h2><div class=\"bde-text-412-536 bde-text\">\nObratite nam se za stru\u010dni savjet ili zahtjev za ponudu za va\u0161 transportni sustav.\n<\/div><div class=\"bde-button-412-537 bde-button\">\n    \n                        \n                        \n    \n    \n    \n    \n            \n                    \n            \n            \n\n    \n    \n    \n    \n    \n    <a class=\"breakdance-link button-atom button-atom--custom bde-button__button\" href=\"http:\/\/strojrem.com\/hr\/contact-us\/\" target=\"_self\" data-type=\"url\"  >\n\n    \n        <span class=\"button-atom__text\">Kontaktirajte nas<\/span>\n\n        \n        \n                <\/a>\n\n    \n\n\n<\/div>\n<\/div>\n<\/div><\/div>\n<\/section>","protected":false},"excerpt":{"rendered":"<p>MANIPULATION OF PIECE AND LIGHT CARGO Efficient systems for handling piece goods and light materials in industrial environments. MATERIAL HANDLING IN PRODUCTION PLANTS, LOGISTICS CENTERS AND WAREHOUSES Complete turnkey systems Weighing, sorting, metal detection and other processes related to transport and internal logistics Transport and handling of pallets Assembly and sorting lines SOLUTIONS FOR TRANSPORTATION [&hellip;]<\/p>\n","protected":false},"author":1,"featured_media":0,"parent":227,"menu_order":0,"comment_status":"closed","ping_status":"closed","template":"","meta":{"_breakdance_hide_in_design_set":false,"_breakdance_tags":"","footnotes":""},"class_list":["post-412","page","type-page","status-publish","hentry"],"_links":{"self":[{"href":"https:\/\/strojrem.com\/hr\/wp-json\/wp\/v2\/pages\/412","targetHints":{"allow":["GET"]}}],"collection":[{"href":"https:\/\/strojrem.com\/hr\/wp-json\/wp\/v2\/pages"}],"about":[{"href":"https:\/\/strojrem.com\/hr\/wp-json\/wp\/v2\/types\/page"}],"author":[{"embeddable":true,"href":"https:\/\/strojrem.com\/hr\/wp-json\/wp\/v2\/users\/1"}],"replies":[{"embeddable":true,"href":"https:\/\/strojrem.com\/hr\/wp-json\/wp\/v2\/comments?post=412"}],"version-history":[{"count":62,"href":"https:\/\/strojrem.com\/hr\/wp-json\/wp\/v2\/pages\/412\/revisions"}],"predecessor-version":[{"id":1782,"href":"https:\/\/strojrem.com\/hr\/wp-json\/wp\/v2\/pages\/412\/revisions\/1782"}],"up":[{"embeddable":true,"href":"https:\/\/strojrem.com\/hr\/wp-json\/wp\/v2\/pages\/227"}],"wp:attachment":[{"href":"https:\/\/strojrem.com\/hr\/wp-json\/wp\/v2\/media?parent=412"}],"curies":[{"name":"wp","href":"https:\/\/api.w.org\/{rel}","templated":true}]}}