{"id":546,"date":"2025-11-16T17:04:29","date_gmt":"2025-11-16T16:04:29","guid":{"rendered":"http:\/\/strojrem.com\/?page_id=546"},"modified":"2026-03-05T10:14:38","modified_gmt":"2026-03-05T09:14:38","slug":"inzenjerstvo","status":"publish","type":"page","link":"https:\/\/strojrem.com\/hr\/engineering\/","title":{"rendered":"In\u017eenjerstvo"},"content":{"rendered":"<section class=\"bde-section-546-316 bde-section\">\n              \n  \n  \n\t\n\n\n\n<div class=\"section-container\"><h1 class=\"bde-heading-546-102 bde-heading\">\nIN\u017dENJERING\n<\/h1><div class=\"bde-text-546-320 bde-text\">\nSistemi po mjeri dizajnirani prema va\u0161im operativnim potrebama.\n<\/div><\/div>\n<\/section><section id=\"podjetja\" class=\"bde-section-546-532 bde-section\">\n  \n  \n\t\n\n\n\n<div class=\"section-container\"><h2 class=\"bde-heading-546-533 bde-heading heading-with-bar\">\nSISTEMI TRACA PO NARUD\u017dBI\n<\/h2><\/div>\n<\/section><section class=\"bde-section-546-534 bde-section\">\n  \n  \n\t\n\n\n\n<div class=\"section-container\"><div class=\"bde-columns-546-535 bde-columns\"><div class=\"bde-column-546-536 bde-column\">\n  \n  \n\t\n\n\n\n<div class=\"bde-rich-text-546-537 bde-rich-text breakdance-rich-text-styles\">\n<p>Strojrem se specijalizirao za dizajn i proizvodnju <strong data-start=\"90\" data-end=\"128\">sustavi pokretnih traka po mjeri<\/strong> Prilago\u0111eni specifi\u010dnim zahtjevima svakog industrijskog procesa. Na\u0161a su rje\u0161enja razvijena kako bi osigurala pouzdanu obradu materijala, optimalnu produktivnost i besprijekornu integraciju u postoje\u0107e proizvodne linije.<\/p>\n<p>Na\u0161 <strong data-start=\"199\" data-end=\"341\">in\u017eenjeri mehani\u010dkog dizajna i in\u017eenjeri elektrotehnike, s vi\u0161egodi\u0161njim iskustvom u industrijskoj automatizaciji i sustavima za rukovanje materijalima<\/strong>, razvijati rje\u0161enja koja osiguravaju pouzdan rad<\/p>\n<p>S desetlje\u0107ima in\u017eenjerske stru\u010dnosti stvaramo transportne sustave sposobne raditi u zahtjevnim industrijskim okru\u017eenjima, uz odr\u017eavanje visoke u\u010dinkovitosti i trajnosti.<\/p>\n<\/div>\n<\/div><div class=\"bde-column-546-538 bde-column\">\n  \n  \n\t\n\n\n\n<img decoding=\"async\" class=\"bde-image2-546-539 bde-image2\" src=\"http:\/\/strojrem.com\/wp-content\/uploads\/2026\/03\/strojrem-transport-systems-engineering.jpg\" loading=\"lazy\" srcset=\"http:\/\/strojrem.com\/wp-content\/uploads\/2026\/03\/strojrem-transport-systems-engineering.jpg 1280w, http:\/\/strojrem.com\/wp-content\/uploads\/2026\/03\/strojrem-transport-systems-engineering-300x200.jpg 300w, http:\/\/strojrem.com\/wp-content\/uploads\/2026\/03\/strojrem-transport-systems-engineering-1024x682.jpg 1024w, http:\/\/strojrem.com\/wp-content\/uploads\/2026\/03\/strojrem-transport-systems-engineering-768x512.jpg 768w, http:\/\/strojrem.com\/wp-content\/uploads\/2026\/03\/strojrem-transport-systems-engineering-18x12.jpg 18w\" sizes=\"(max-width: 1280px) 100vw, 1280px\">\n<\/div><\/div><\/div>\n<\/section><section id=\"podjetja\" class=\"bde-section-546-540 bde-section\">\n              \n  \n  \n\t\n\n  <div class=\"section-background-overlay\"><\/div>\n\n\n<div class=\"section-container\"><h2 class=\"bde-heading-546-541 bde-heading heading-with-bar\">\nIn\u017eenjerska i proizvodna stru\u010dnost\n<\/h2><\/div>\n<\/section><section class=\"bde-section-546-542 bde-section\">\n              \n  \n  \n\t\n\n  <div class=\"section-background-overlay\"><\/div>\n\n\n<div class=\"section-container\"><div class=\"bde-columns-546-543 bde-columns\"><div class=\"bde-column-546-544 bde-column\">\n  \n  \n\t\n\n\n\n<img decoding=\"async\" class=\"bde-image2-546-545 bde-image2\" src=\"http:\/\/strojrem.com\/wp-content\/uploads\/2026\/03\/3D-model-of-industrial-automation-system.jpg\" alt=\"3D model industrijskog sustava automatizacije\" loading=\"lazy\" srcset=\"http:\/\/strojrem.com\/wp-content\/uploads\/2026\/03\/3D-model-of-industrial-automation-system.jpg 1280w, http:\/\/strojrem.com\/wp-content\/uploads\/2026\/03\/3D-model-of-industrial-automation-system-300x200.jpg 300w, http:\/\/strojrem.com\/wp-content\/uploads\/2026\/03\/3D-model-of-industrial-automation-system-1024x682.jpg 1024w, http:\/\/strojrem.com\/wp-content\/uploads\/2026\/03\/3D-model-of-industrial-automation-system-768x512.jpg 768w, http:\/\/strojrem.com\/wp-content\/uploads\/2026\/03\/3D-model-of-industrial-automation-system-18x12.jpg 18w\" sizes=\"(max-width: 1280px) 100vw, 1280px\">\n<\/div><div class=\"bde-column-546-546 bde-column\">\n  \n  \n\t\n\n\n\n<div class=\"bde-rich-text-546-547 bde-rich-text breakdance-rich-text-styles\">\n<p>Na\u0161 iskusni in\u017eenjerski tim pa\u017eljivo analizira procesne zahtjeve svakog klijenta i razvija <strong data-start=\"660\" data-end=\"704\">tehni\u010dki optimizirana rje\u0161enja za transportne trake<\/strong> za \u0161irok raspon industrija. Od razvoja koncepta i detaljnog projektiranja do proizvodnje mehani\u010dkih konstrukcija i opreme, svaka faza proizvodnje provodi se uz strogu kontrolu kvalitete.<\/p>\n<p>Strojrem kombinira robusni mehani\u010dki dizajn s modernim in\u017eenjerskim praksama kako bi isporu\u010dio opremu koja zadovoljava visoke standarde performansi i pouzdanosti.<\/p>\n<\/div>\n<\/div><\/div><\/div>\n<\/section><section id=\"podjetja\" class=\"bde-section-546-562 bde-section\">\n              \n  \n  \n\t\n\n  <div class=\"section-background-overlay\"><\/div>\n\n\n<div class=\"section-container\"><h2 class=\"bde-heading-546-563 bde-heading heading-with-bar\">\nPredaja i instalacija po principu \"klju\u010d u ruke\"\n<\/h2><\/div>\n<\/section><section class=\"bde-section-546-555 bde-section\">\n  \n  \n\t\n\n\n\n<div class=\"section-container\"><div class=\"bde-columns-546-556 bde-columns\"><div class=\"bde-column-546-557 bde-column\">\n  \n  \n\t\n\n\n\n<div class=\"bde-rich-text-546-558 bde-rich-text breakdance-rich-text-styles\">\n<p>Strojrem isporu\u010duje projekte na <strong data-start=\"1231\" data-end=\"1257\">klju\u010d u ruke<\/strong>, pokrivaju\u0107i sve faze projekta\u2014od po\u010detnog planiranja i projektiranja do proizvodnje, isporuke i kona\u010dne ugradnje na lokaciji kupca.<\/p>\n<p>Na\u0161 tim osigurava nesmetano pu\u0161tanje u rad i potpunu integraciju transportnog sustava u proizvodni proces. Tako\u0111er osiguravamo rezervne dijelove i dugoro\u010dnu tehni\u010dku podr\u0161ku.<\/p>\n<p>S vi\u0161e od <strong data-start=\"1601\" data-end=\"1627\">30 godina iskustva<\/strong>, Strojrem je izgradio sna\u017enu reputaciju i pouzdan popis preporuka diljem Hrvatske i \u0161ireg europskog tr\u017ei\u0161ta.<\/p>\n<\/div>\n<\/div><div class=\"bde-column-546-559 bde-column\">\n  \n  \n\t\n\n\n\n<img decoding=\"async\" class=\"bde-image2-546-560 bde-image2\" src=\"http:\/\/strojrem.com\/wp-content\/uploads\/2026\/03\/Analysing-design-plans-in-the-office.jpg\" loading=\"lazy\" srcset=\"http:\/\/strojrem.com\/wp-content\/uploads\/2026\/03\/Analysing-design-plans-in-the-office.jpg 1280w, http:\/\/strojrem.com\/wp-content\/uploads\/2026\/03\/Analysing-design-plans-in-the-office-300x200.jpg 300w, http:\/\/strojrem.com\/wp-content\/uploads\/2026\/03\/Analysing-design-plans-in-the-office-1024x682.jpg 1024w, http:\/\/strojrem.com\/wp-content\/uploads\/2026\/03\/Analysing-design-plans-in-the-office-768x512.jpg 768w, http:\/\/strojrem.com\/wp-content\/uploads\/2026\/03\/Analysing-design-plans-in-the-office-18x12.jpg 18w\" sizes=\"(max-width: 1280px) 100vw, 1280px\">\n<\/div><\/div><\/div>\n<\/section>","protected":false},"excerpt":{"rendered":"<p>ENGINEERING Custom-designed systems tailored to your operational needs. CUSTOM MADE CONVEYOR SYSTEMS Strojrem specializes in the design and manufacturing of custom-engineered conveyor systems tailored to the specific requirements of each industrial process. Our solutions are developed to ensure reliable material handling, optimal productivity, and seamless integration into existing production lines. Our mechanical design engineers and [&hellip;]<\/p>\n","protected":false},"author":1,"featured_media":0,"parent":0,"menu_order":0,"comment_status":"closed","ping_status":"closed","template":"","meta":{"_breakdance_hide_in_design_set":false,"_breakdance_tags":"","footnotes":""},"class_list":["post-546","page","type-page","status-publish","hentry"],"_links":{"self":[{"href":"https:\/\/strojrem.com\/hr\/wp-json\/wp\/v2\/pages\/546","targetHints":{"allow":["GET"]}}],"collection":[{"href":"https:\/\/strojrem.com\/hr\/wp-json\/wp\/v2\/pages"}],"about":[{"href":"https:\/\/strojrem.com\/hr\/wp-json\/wp\/v2\/types\/page"}],"author":[{"embeddable":true,"href":"https:\/\/strojrem.com\/hr\/wp-json\/wp\/v2\/users\/1"}],"replies":[{"embeddable":true,"href":"https:\/\/strojrem.com\/hr\/wp-json\/wp\/v2\/comments?post=546"}],"version-history":[{"count":33,"href":"https:\/\/strojrem.com\/hr\/wp-json\/wp\/v2\/pages\/546\/revisions"}],"predecessor-version":[{"id":1668,"href":"https:\/\/strojrem.com\/hr\/wp-json\/wp\/v2\/pages\/546\/revisions\/1668"}],"wp:attachment":[{"href":"https:\/\/strojrem.com\/hr\/wp-json\/wp\/v2\/media?parent=546"}],"curies":[{"name":"wp","href":"https:\/\/api.w.org\/{rel}","templated":true}]}}