{"id":1605,"date":"2026-03-04T13:12:22","date_gmt":"2026-03-04T12:12:22","guid":{"rendered":"http:\/\/strojrem.com\/?page_id=1605"},"modified":"2026-03-04T13:36:52","modified_gmt":"2026-03-04T12:36:52","slug":"mobil-szallitoszalag-megszakitas-nelkuli-rakodashoz-2","status":"publish","type":"page","link":"https:\/\/strojrem.com\/hu\/siapro-group\/mobile-conveyor-for-uninterrupted-loading-copy\/","title":{"rendered":"Automata m\u0171tr\u00e1gyacsomagol\u00f3 sor"},"content":{"rendered":"<section class=\"bde-section-1605-316 bde-section\">\n              \n  \n  \n\t\n\n\n\n<div class=\"section-container\"><h1 class=\"bde-heading-1605-102 bde-heading\">\nAutomata m\u0171tr\u00e1gyacsomagol\u00f3 sor\n<\/h1><div class=\"bde-text-1605-320 bde-text\">\nFejlett ipari megold\u00e1sok a megb\u00edzhat\u00f3 termel\u00e9shez\n<\/div><\/div>\n<\/section><section id=\"podjetja\" class=\"bde-section-1605-399 bde-section\">\n  \n  \n\t\n\n\n\n<div class=\"section-container\"><h2 class=\"bde-heading-1605-400 bde-heading heading-with-bar\">\nA PROJEKT R\u00c9SZEIR\u0150L\n<\/h2><\/div>\n<\/section><section class=\"bde-section-1605-332 bde-section\">\n  \n  \n\t\n\n\n\n<div class=\"section-container\"><div class=\"bde-columns-1605-408 bde-columns\"><div class=\"bde-column-1605-409 bde-column\">\n  \n  \n\t\n\n\n\n<div class=\"bde-rich-text-1605-412 bde-rich-text breakdance-rich-text-styles\">\n<p>Partner\u00fcnknek, az RWA Hrvatska d.o.o.-nak teljes m\u0171tr\u00e1gyacsomagol\u00f3 sort sz\u00e1ll\u00edtottunk.<\/p>\n<p>A sor teljesen automatiz\u00e1lt, \u00f3r\u00e1nk\u00e9nti kapacit\u00e1sa 600 zs\u00e1k. A m\u0171tr\u00e1gy\u00e1t 25 kg-os m\u0171anyag zs\u00e1kokba csomagolj\u00e1k. A sor v\u00e9g\u00e9n a sz\u00e9pen felhalmozott zs\u00e1kokkal ell\u00e1tott raklap automatikusan stretch hood f\u00f3li\u00e1val becsomagol\u00e1sra ker\u00fcl, \u00e9s el\u0151k\u00e9sz\u00edtik a targonca sz\u00e1m\u00e1ra.<\/p>\n<p>Az eg\u00e9sz projektet \u2013 az \u00f6tletfejleszt\u00e9st\u0151l, a berendez\u00e9s tervez\u00e9s\u00e9n, gy\u00e1rt\u00e1s\u00e1n, telep\u00edt\u00e9s\u00e9n \u00e9s \u00fczembe helyez\u00e9s\u00e9n \u00e1t \u2013 m\u00e9rn\u00f6k\u00f6kb\u0151l, programoz\u00f3kb\u00f3l \u00e9s technikusokb\u00f3l \u00e1ll\u00f3, elk\u00f6telezett csapatunk v\u00e9gezte a Strojremn\u00e9l.<\/p>\n<p>A projekt mag\u00e1ban foglalta egy teljes automata granul\u00e1lt m\u0171tr\u00e1gya adagol\u00e1si, s\u00falyoz\u00e1si, csomagol\u00e1si, raklapoz\u00e1si \u00e9s raklapkezel\u00e9si vonal tervez\u00e9s\u00e9t, gy\u00e1rt\u00e1s\u00e1t \u00e9s integr\u00e1l\u00e1s\u00e1t. A rendszer 5 mm m\u00e9ret\u0171, laz\u00e1n foly\u00f3 m\u0171tr\u00e1gyagranul\u00e1tumot dolgoz fel, 0,8\u20131,1 t\/m\u00b3 \u00f6mlesztett s\u0171r\u0171s\u00e9ggel, norm\u00e1l k\u00f6rnyezeti k\u00f6r\u00fclm\u00e9nyek k\u00f6z\u00f6tt m\u0171k\u00f6dve.<\/p>\n<p>Term\u00e9kkezel\u00e9s \u00e9s adagol\u00e1s<\/p>\n<p>A m\u0171tr\u00e1gy\u00e1t egy rakod\u00f3g\u00e9p sz\u00e1ll\u00edtja a gy\u00e1rt\u00f3sorra, \u00e9s egy 10 m\u00b3 \u0171rtartalm\u00fa fogad\u00f3garatba t\u00f6ltik. A garat anyag\u00e9rz\u00e9kel\u0151kkel \u00e9s jelz\u0151rendszerekkel van felszerelve az anyagszint figyel\u00e9s\u00e9re. Onnan az anyag egy szalagos sz\u00e1ll\u00edt\u00f3szalagon jut a zs\u00e1kol\u00f3 g\u00e9phez tov\u00e1bbi feldolgoz\u00e1sra.<\/p>\n<p>Adagol\u00e1s, M\u00e9r\u00e9s \u00e9s Csomagol\u00e1s<\/p>\n<p>A csomagol\u00f3rendszer automatikusan k\u00e9pzi a zs\u00e1kokat cs\u0151 alak\u00fa PVC f\u00f3li\u00e1b\u00f3l, prec\u00edzi\u00f3s adagol\u00f3 \u00e9s m\u00e9r\u0151rendszerrel t\u00f6lti meg \u0151ket, majd lez\u00e1rja. A rendszer 25 kg-os m\u0171tr\u00e1gy\u00e1s zs\u00e1kokat \u00e1ll\u00edt el\u0151, \u00f3r\u00e1nk\u00e9nt ak\u00e1r 600 zs\u00e1k kapacit\u00e1ssal. Egy term\u00e1l transzfer nyomtat\u00f3 az alapvet\u0151 inform\u00e1ci\u00f3kkal, mint p\u00e9ld\u00e1ul a deklar\u00e1ci\u00f3, vonalk\u00f3d, t\u00e9tel sz\u00e1m \u00e9s csomagol\u00e1si d\u00e1tum, l\u00e1t el minden egyes zs\u00e1kot. A zs\u00e1k elrendez\u0151 egys\u00e9g gondoskodik a zs\u00e1kok t\u00f6m\u00f6r \u00e9s helyes alakj\u00e1r\u00f3l a raklapoz\u00e1shoz.<\/p>\n<p>Robotiz\u00e1lt raklaprakod\u00f3 rendszer<\/p>\n<p>A t\u00f6lt\u00f6tt zs\u00e1kokat egy raklapra helyez\u0151 \u00e1llom\u00e1sra sz\u00e1ll\u00edtj\u00e1k, ahol egy Fanuc ipari robot felemeli az egyes zs\u00e1kokat \u00e9s a raklapokra rakja azokat. A rendszer az els\u0151 r\u00e9teg el\u00e9 egy cs\u00fasz\u00f3pap\u00edrt helyez, \u00e9s a zs\u00e1kokat struktur\u00e1lt r\u00e9tegekbe rendezi. Minden raklap 50 zs\u00e1kot (10 r\u00e9teg) tartalmaz, maxim\u00e1lis raklapmagass\u00e1guk 1800 mm, \u00f3r\u00e1nk\u00e9nti kapacit\u00e1suk el\u00e9rheti a 12 raklapot.<\/p>\n<p>Raklapkezel\u0151 sor<\/p>\n<p>A raklapoz\u00f3 rendszer automatikusan ell\u00e1tja \u00fcres raklapokkal a raklapmagazint, \u00e9s azokat a raklapoz\u00f3 \u00e1llom\u00e1sra sz\u00e1ll\u00edtja. A raklapoz\u00e1s ut\u00e1n a teli raklapokat g\u00f6rg\u0151s sz\u00e1ll\u00edt\u00f3szalagok tov\u00e1bb\u00edtj\u00e1k a csomagol\u00f3 \u00e1llom\u00e1sra, majd v\u00e9g\u00fcl a kimeneti ter\u00fcletre, ahol targonca veszi \u00e1t \u0151ket.<\/p>\n<p>Stretch Hood csomagol\u00f3rendszer<\/p>\n<p>A Stretch Hood csomagol\u00f3g\u00e9p automatikusan felhordja a ny\u00fal\u00e9kony, cs\u0151szer\u0171 f\u00f3li\u00e1t a k\u00e9sz raklapterhel\u00e9sre, biztos\u00edtva a stabil \u00e9s v\u00e9dett sz\u00e1ll\u00edt\u00e1st. A rendszer ak\u00e1r 1800 mm magas raklapokat is k\u00e9pes becsomagolni, \u00f3r\u00e1nk\u00e9nt 12 raklap kapacit\u00e1ssal.<\/p>\n<p>Vez\u00e9rl\u00e9s \u00e9s automatiz\u00e1l\u00e1s<\/p>\n<p>A teljes vonalat egy Siemens Simatic S7 PLC vez\u00e9rli, \u00e9s olyan vezet\u0151 ipari besz\u00e1ll\u00edt\u00f3k kiv\u00e1l\u00f3 min\u0151s\u00e9g\u0171 alkatr\u00e9szeivel van felszerelve, mint a Siemens, Festo, Balluff, Nord, SEW \u00e9s Rulmeca. Az automatiz\u00e1lt rendszer megb\u00edzhat\u00f3 m\u0171k\u00f6d\u00e9st, magas termel\u00e9kenys\u00e9get \u00e9s prec\u00edz folyamatir\u00e1ny\u00edt\u00e1st biztos\u00edt.<\/p>\n<\/div>\n<\/div><div class=\"bde-column-1605-410 bde-column\">\n  \n  \n\t\n\n\n\n<img decoding=\"async\" class=\"bde-image2-1605-411 bde-image2\" src=\"http:\/\/strojrem.com\/wp-content\/uploads\/2026\/03\/strojrem-referenca-avtomatizirana-linija-za-pakiranje-umjetnog-gnojiva.jpg\" loading=\"lazy\" srcset=\"http:\/\/strojrem.com\/wp-content\/uploads\/2026\/03\/strojrem-referenca-avtomatizirana-linija-za-pakiranje-umjetnog-gnojiva.jpg 1216w, http:\/\/strojrem.com\/wp-content\/uploads\/2026\/03\/strojrem-referenca-avtomatizirana-linija-za-pakiranje-umjetnog-gnojiva-300x168.jpg 300w, http:\/\/strojrem.com\/wp-content\/uploads\/2026\/03\/strojrem-referenca-avtomatizirana-linija-za-pakiranje-umjetnog-gnojiva-1024x574.jpg 1024w, http:\/\/strojrem.com\/wp-content\/uploads\/2026\/03\/strojrem-referenca-avtomatizirana-linija-za-pakiranje-umjetnog-gnojiva-768x431.jpg 768w, http:\/\/strojrem.com\/wp-content\/uploads\/2026\/03\/strojrem-referenca-avtomatizirana-linija-za-pakiranje-umjetnog-gnojiva-18x10.jpg 18w\" sizes=\"(max-width: 1216px) 100vw, 1216px\"><div class=\"bde-icon-list-1605-472 bde-icon-list\">\n<ul>\n  \n              \n    <li>\n              <div class='bde-icon-list__item-wrapper'>\n      \n      <span class='bde-icon-list__icon'>\n        <svg xmlns=\"http:\/\/www.w3.org\/2000\/svg\" id=\"icon-calendar\" viewbox=\"0 0 32 32\">\n<path d=\"M10 12h4v4h-4zM16 12h4v4h-4zM22 12h4v4h-4zM4 24h4v4h-4zM10 24h4v4h-4zM16 24h4v4h-4zM10 18h4v4h-4zM16 18h4v4h-4zM22 18h4v4h-4zM4 18h4v4h-4zM26 0v2h-4v-2h-14v2h-4v-2h-4v32h30v-32h-4zM28 30h-26v-22h26v22z\"\/>\n<\/svg>\n      <\/span>\n      <span class='bde-icon-list__text' >\n      Gy\u00e1rt\u00e1si \u00e9v: 2022\n      <\/span>\n              <\/div>\n      \n    <\/li>\n\n  \n              \n    <li>\n              <div class='bde-icon-list__item-wrapper'>\n      \n      <span class='bde-icon-list__icon'>\n        <svg xmlns=\"http:\/\/www.w3.org\/2000\/svg\" viewbox=\"0 0 512 512\"><!--! Font Awesome Free 6.5.1 by @fontawesome - https:\/\/fontawesome.com License - https:\/\/fontawesome.com\/license\/free (Icons: CC BY 4.0, Fonts: SIL OFL 1.1, Code: MIT License) Copyright 2023 Fonticons, Inc. --><path d=\"M495.9 166.6c3.2 8.7 .5 18.4-6.4 24.6l-43.3 39.4c1.1 8.3 1.7 16.8 1.7 25.4s-.6 17.1-1.7 25.4l43.3 39.4c6.9 6.2 9.6 15.9 6.4 24.6c-4.4 11.9-9.7 23.3-15.8 34.3l-4.7 8.1c-6.6 11-14 21.4-22.1 31.2c-5.9 7.2-15.7 9.6-24.5 6.8l-55.7-17.7c-13.4 10.3-28.2 18.9-44 25.4l-12.5 57.1c-2 9.1-9 16.3-18.2 17.8c-13.8 2.3-28 3.5-42.5 3.5s-28.7-1.2-42.5-3.5c-9.2-1.5-16.2-8.7-18.2-17.8l-12.5-57.1c-15.8-6.5-30.6-15.1-44-25.4L83.1 425.9c-8.8 2.8-18.6 .3-24.5-6.8c-8.1-9.8-15.5-20.2-22.1-31.2l-4.7-8.1c-6.1-11-11.4-22.4-15.8-34.3c-3.2-8.7-.5-18.4 6.4-24.6l43.3-39.4C64.6 273.1 64 264.6 64 256s.6-17.1 1.7-25.4L22.4 191.2c-6.9-6.2-9.6-15.9-6.4-24.6c4.4-11.9 9.7-23.3 15.8-34.3l4.7-8.1c6.6-11 14-21.4 22.1-31.2c5.9-7.2 15.7-9.6 24.5-6.8l55.7 17.7c13.4-10.3 28.2-18.9 44-25.4l12.5-57.1c2-9.1 9-16.3 18.2-17.8C227.3 1.2 241.5 0 256 0s28.7 1.2 42.5 3.5c9.2 1.5 16.2 8.7 18.2 17.8l12.5 57.1c15.8 6.5 30.6 15.1 44 25.4l55.7-17.7c8.8-2.8 18.6-.3 24.5 6.8c8.1 9.8 15.5 20.2 22.1 31.2l4.7 8.1c6.1 11 11.4 22.4 15.8 34.3zM256 336a80 80 0 1 0 0-160 80 80 0 1 0 0 160z\"\/><\/svg>\n      <\/span>\n      <span class='bde-icon-list__text' >\n      Csomagol\u00f3sor\n      <\/span>\n              <\/div>\n      \n    <\/li>\n\n  <\/ul>\n\n<\/div><div class=\"bde-gallery-1605-489 bde-gallery breakdance-free-version-frontend-element-hider\">\n\n\n  \n\n\n\n\n\n\n\n\n\n\n<div class=\"ee-gallery ee-gallery--default ee-gallery--grid ee-gallery--single ee-gallery--lightbox ee-gallery-- ee-gallery--caption- ee-gallery--caption-none ee-gallery--ratio\">\n                  \n      <a class=\"ee-gallery-item ee-gallery-item--image ee-gallery-item--single\" href=\"http:\/\/strojrem.com\/wp-content\/uploads\/2026\/03\/fertilizer.jpg\"  data-sub-html=\"<span><\/span>\" data-category=\"1\"                  data-lg-size=\"1060-795\"\n\n      >\n        <figure class=\"ee-gallery-item-figure\">\n                        <img decoding=\"async\" class=\"breakdance-image-object\" src=\"http:\/\/strojrem.com\/wp-content\/uploads\/2026\/03\/fertilizer-1024x768.jpg\" width=\"1024\" height=\"768\" srcset=\"http:\/\/strojrem.com\/wp-content\/uploads\/2026\/03\/fertilizer.jpg 1060w, http:\/\/strojrem.com\/wp-content\/uploads\/2026\/03\/fertilizer-300x225.jpg 300w, http:\/\/strojrem.com\/wp-content\/uploads\/2026\/03\/fertilizer-1024x768.jpg 1024w, http:\/\/strojrem.com\/wp-content\/uploads\/2026\/03\/fertilizer-768x576.jpg 768w, http:\/\/strojrem.com\/wp-content\/uploads\/2026\/03\/fertilizer-16x12.jpg 16w\" sizes=\"auto, (max-width: 1060px) 100vw, 1060px\" alt=\"m\u0171tr\u00e1gya\" loading=\"lazy\">\n          \n                  <\/figure>\n      <\/a>\n\n                \n      <a class=\"ee-gallery-item ee-gallery-item--image ee-gallery-item--single\" href=\"http:\/\/strojrem.com\/wp-content\/uploads\/2026\/03\/material-feedig-conveyor.jpg\"  data-sub-html=\"<span><\/span>\" data-category=\"1\"                  data-lg-size=\"1060-795\"\n\n      >\n        <figure class=\"ee-gallery-item-figure\">\n                        <img decoding=\"async\" class=\"breakdance-image-object\" src=\"http:\/\/strojrem.com\/wp-content\/uploads\/2026\/03\/material-feedig-conveyor-1024x768.jpg\" width=\"1024\" height=\"768\" srcset=\"http:\/\/strojrem.com\/wp-content\/uploads\/2026\/03\/material-feedig-conveyor.jpg 1060w, http:\/\/strojrem.com\/wp-content\/uploads\/2026\/03\/material-feedig-conveyor-300x225.jpg 300w, http:\/\/strojrem.com\/wp-content\/uploads\/2026\/03\/material-feedig-conveyor-1024x768.jpg 1024w, http:\/\/strojrem.com\/wp-content\/uploads\/2026\/03\/material-feedig-conveyor-768x576.jpg 768w, http:\/\/strojrem.com\/wp-content\/uploads\/2026\/03\/material-feedig-conveyor-16x12.jpg 16w\" sizes=\"auto, (max-width: 1060px) 100vw, 1060px\" alt=\"anyagell\u00e1t\u00f3 sz\u00e1ll\u00edt\u00f3szalag\" loading=\"lazy\">\n          \n                  <\/figure>\n      <\/a>\n\n                \n      <a class=\"ee-gallery-item ee-gallery-item--image ee-gallery-item--single\" href=\"http:\/\/strojrem.com\/wp-content\/uploads\/2026\/03\/packaging-line-siapro-group.jpg\"  data-sub-html=\"<span><\/span>\" data-category=\"1\"                  data-lg-size=\"1284-917\"\n\n      >\n        <figure class=\"ee-gallery-item-figure\">\n                        <img decoding=\"async\" class=\"breakdance-image-object\" src=\"http:\/\/strojrem.com\/wp-content\/uploads\/2026\/03\/packaging-line-siapro-group-1024x731.jpg\" width=\"1024\" height=\"731\" srcset=\"http:\/\/strojrem.com\/wp-content\/uploads\/2026\/03\/packaging-line-siapro-group.jpg 1284w, http:\/\/strojrem.com\/wp-content\/uploads\/2026\/03\/packaging-line-siapro-group-300x214.jpg 300w, http:\/\/strojrem.com\/wp-content\/uploads\/2026\/03\/packaging-line-siapro-group-1024x731.jpg 1024w, http:\/\/strojrem.com\/wp-content\/uploads\/2026\/03\/packaging-line-siapro-group-768x548.jpg 768w, http:\/\/strojrem.com\/wp-content\/uploads\/2026\/03\/packaging-line-siapro-group-18x12.jpg 18w\" sizes=\"auto, (max-width: 1284px) 100vw, 1284px\" loading=\"lazy\">\n          \n                  <\/figure>\n      <\/a>\n\n                \n      <a class=\"ee-gallery-item ee-gallery-item--image ee-gallery-item--single\" href=\"http:\/\/strojrem.com\/wp-content\/uploads\/2026\/03\/bagging-machine.jpg\"  data-sub-html=\"<span><\/span>\" data-category=\"1\"                  data-lg-size=\"1051-941\"\n\n      >\n        <figure class=\"ee-gallery-item-figure\">\n                        <img decoding=\"async\" class=\"breakdance-image-object\" src=\"http:\/\/strojrem.com\/wp-content\/uploads\/2026\/03\/bagging-machine-1024x917.jpg\" width=\"1024\" height=\"917\" srcset=\"http:\/\/strojrem.com\/wp-content\/uploads\/2026\/03\/bagging-machine.jpg 1051w, http:\/\/strojrem.com\/wp-content\/uploads\/2026\/03\/bagging-machine-300x269.jpg 300w, http:\/\/strojrem.com\/wp-content\/uploads\/2026\/03\/bagging-machine-1024x917.jpg 1024w, http:\/\/strojrem.com\/wp-content\/uploads\/2026\/03\/bagging-machine-768x688.jpg 768w, http:\/\/strojrem.com\/wp-content\/uploads\/2026\/03\/bagging-machine-13x12.jpg 13w\" sizes=\"auto, (max-width: 1051px) 100vw, 1051px\" alt=\"zs\u00e1kol\u00f3g\u00e9p\" loading=\"lazy\">\n          \n                  <\/figure>\n      <\/a>\n\n                \n      <a class=\"ee-gallery-item ee-gallery-item--image ee-gallery-item--single\" href=\"http:\/\/strojrem.com\/wp-content\/uploads\/2026\/03\/packaging-system.jpg\"  data-sub-html=\"<span><\/span>\" data-category=\"1\"                  data-lg-size=\"831-932\"\n\n      >\n        <figure class=\"ee-gallery-item-figure\">\n                        <img decoding=\"async\" class=\"breakdance-image-object\" src=\"http:\/\/strojrem.com\/wp-content\/uploads\/2026\/03\/packaging-system.jpg\" width=\"831\" height=\"932\" srcset=\"http:\/\/strojrem.com\/wp-content\/uploads\/2026\/03\/packaging-system.jpg 831w, http:\/\/strojrem.com\/wp-content\/uploads\/2026\/03\/packaging-system-267x300.jpg 267w, http:\/\/strojrem.com\/wp-content\/uploads\/2026\/03\/packaging-system-768x861.jpg 768w, http:\/\/strojrem.com\/wp-content\/uploads\/2026\/03\/packaging-system-11x12.jpg 11w\" sizes=\"auto, (max-width: 831px) 100vw, 831px\" alt=\"csomagol\u00f3rendszer\" loading=\"lazy\">\n          \n                  <\/figure>\n      <\/a>\n\n                \n      <a class=\"ee-gallery-item ee-gallery-item--image ee-gallery-item--single\" href=\"http:\/\/strojrem.com\/wp-content\/uploads\/2026\/03\/palletizing-robot.jpg\"  data-sub-html=\"<span><\/span>\" data-category=\"1\"                  data-lg-size=\"1163-882\"\n\n      >\n        <figure class=\"ee-gallery-item-figure\">\n                        <img decoding=\"async\" class=\"breakdance-image-object\" src=\"http:\/\/strojrem.com\/wp-content\/uploads\/2026\/03\/palletizing-robot-1024x777.jpg\" width=\"1024\" height=\"777\" srcset=\"http:\/\/strojrem.com\/wp-content\/uploads\/2026\/03\/palletizing-robot.jpg 1163w, http:\/\/strojrem.com\/wp-content\/uploads\/2026\/03\/palletizing-robot-300x228.jpg 300w, http:\/\/strojrem.com\/wp-content\/uploads\/2026\/03\/palletizing-robot-1024x777.jpg 1024w, http:\/\/strojrem.com\/wp-content\/uploads\/2026\/03\/palletizing-robot-768x582.jpg 768w, http:\/\/strojrem.com\/wp-content\/uploads\/2026\/03\/palletizing-robot-16x12.jpg 16w\" sizes=\"auto, (max-width: 1163px) 100vw, 1163px\" alt=\"rakod\u00f3 robot\" loading=\"lazy\">\n          \n                  <\/figure>\n      <\/a>\n\n                \n      <a class=\"ee-gallery-item ee-gallery-item--image ee-gallery-item--single\" href=\"http:\/\/strojrem.com\/wp-content\/uploads\/2026\/03\/packaging-line.jpg\"  data-sub-html=\"<span><\/span>\" data-category=\"1\"                  data-lg-size=\"1138-854\"\n\n      >\n        <figure class=\"ee-gallery-item-figure\">\n                        <img decoding=\"async\" class=\"breakdance-image-object\" src=\"http:\/\/strojrem.com\/wp-content\/uploads\/2026\/03\/packaging-line-1024x768.jpg\" width=\"1024\" height=\"768\" srcset=\"http:\/\/strojrem.com\/wp-content\/uploads\/2026\/03\/packaging-line.jpg 1138w, http:\/\/strojrem.com\/wp-content\/uploads\/2026\/03\/packaging-line-300x225.jpg 300w, http:\/\/strojrem.com\/wp-content\/uploads\/2026\/03\/packaging-line-1024x768.jpg 1024w, http:\/\/strojrem.com\/wp-content\/uploads\/2026\/03\/packaging-line-768x576.jpg 768w, http:\/\/strojrem.com\/wp-content\/uploads\/2026\/03\/packaging-line-16x12.jpg 16w\" sizes=\"auto, (max-width: 1138px) 100vw, 1138px\" alt=\"csomagol\u00f3sor\" loading=\"lazy\">\n          \n                  <\/figure>\n      <\/a>\n\n                \n      <a class=\"ee-gallery-item ee-gallery-item--image ee-gallery-item--single\" href=\"http:\/\/strojrem.com\/wp-content\/uploads\/2026\/03\/pallets-handling-system-strojrem.jpg\"  data-sub-html=\"<span><\/span>\" data-category=\"1\"                  data-lg-size=\"1284-994\"\n\n      >\n        <figure class=\"ee-gallery-item-figure\">\n                        <img decoding=\"async\" class=\"breakdance-image-object\" src=\"http:\/\/strojrem.com\/wp-content\/uploads\/2026\/03\/pallets-handling-system-strojrem-1024x793.jpg\" width=\"1024\" height=\"793\" srcset=\"http:\/\/strojrem.com\/wp-content\/uploads\/2026\/03\/pallets-handling-system-strojrem.jpg 1284w, http:\/\/strojrem.com\/wp-content\/uploads\/2026\/03\/pallets-handling-system-strojrem-300x232.jpg 300w, http:\/\/strojrem.com\/wp-content\/uploads\/2026\/03\/pallets-handling-system-strojrem-1024x793.jpg 1024w, http:\/\/strojrem.com\/wp-content\/uploads\/2026\/03\/pallets-handling-system-strojrem-768x595.jpg 768w, http:\/\/strojrem.com\/wp-content\/uploads\/2026\/03\/pallets-handling-system-strojrem-16x12.jpg 16w\" sizes=\"auto, (max-width: 1284px) 100vw, 1284px\" loading=\"lazy\">\n          \n                  <\/figure>\n      <\/a>\n\n                \n      <a class=\"ee-gallery-item ee-gallery-item--image ee-gallery-item--single\" href=\"http:\/\/strojrem.com\/wp-content\/uploads\/2026\/03\/Packing-line-strojrem.jpg\"  data-sub-html=\"<span><\/span>\" data-category=\"1\"                  data-lg-size=\"875-657\"\n\n      >\n        <figure class=\"ee-gallery-item-figure\">\n                        <img decoding=\"async\" class=\"breakdance-image-object\" src=\"http:\/\/strojrem.com\/wp-content\/uploads\/2026\/03\/Packing-line-strojrem.jpg\" width=\"875\" height=\"657\" srcset=\"http:\/\/strojrem.com\/wp-content\/uploads\/2026\/03\/Packing-line-strojrem.jpg 875w, http:\/\/strojrem.com\/wp-content\/uploads\/2026\/03\/Packing-line-strojrem-300x225.jpg 300w, http:\/\/strojrem.com\/wp-content\/uploads\/2026\/03\/Packing-line-strojrem-768x577.jpg 768w, http:\/\/strojrem.com\/wp-content\/uploads\/2026\/03\/Packing-line-strojrem-16x12.jpg 16w\" sizes=\"auto, (max-width: 875px) 100vw, 875px\" alt=\"Csomagol\u00f3sor\" loading=\"lazy\">\n          \n                  <\/figure>\n      <\/a>\n\n                \n      <a class=\"ee-gallery-item ee-gallery-item--image ee-gallery-item--single\" href=\"http:\/\/strojrem.com\/wp-content\/uploads\/2026\/03\/pallets.jpg\"  data-sub-html=\"<span><\/span>\" data-category=\"1\"                  data-lg-size=\"889-889\"\n\n      >\n        <figure class=\"ee-gallery-item-figure\">\n                        <img decoding=\"async\" class=\"breakdance-image-object\" src=\"http:\/\/strojrem.com\/wp-content\/uploads\/2026\/03\/pallets.jpg\" width=\"889\" height=\"889\" srcset=\"http:\/\/strojrem.com\/wp-content\/uploads\/2026\/03\/pallets.jpg 889w, http:\/\/strojrem.com\/wp-content\/uploads\/2026\/03\/pallets-300x300.jpg 300w, http:\/\/strojrem.com\/wp-content\/uploads\/2026\/03\/pallets-150x150.jpg 150w, http:\/\/strojrem.com\/wp-content\/uploads\/2026\/03\/pallets-768x768.jpg 768w, http:\/\/strojrem.com\/wp-content\/uploads\/2026\/03\/pallets-12x12.jpg 12w\" sizes=\"auto, (max-width: 889px) 100vw, 889px\" loading=\"lazy\">\n          \n                  <\/figure>\n      <\/a>\n\n      \n  <\/div>\n\n\n\n<\/div>\n<\/div><\/div><\/div>\n<\/section><section class=\"bde-section-1605-483 bde-section\">\n  \n  \n\t\n\n\n\n        <div class=\"section-shape-divider-wrapper section-shape-divider-wrapper--1\">\n          <span class=\"section-shape-divider\">\n                      <svg\n                xmlns=\"http:\/\/www.w3.org\/2000\/svg\"\n                viewbox=\"0 0 1440 320\"\n                preserveaspectratio=\"none\"\n            >\n              <path fill=\"currentColor\" fill-opacity=\"1\" d=\"M0,32L40,64C80,96,160,160,240,181.3C320,203,400,181,480,197.3C560,213,640,267,720,261.3C800,256,880,192,960,154.7C1040,117,1120,107,1200,85.3C1280,64,1360,32,1400,16L1440,0L1440,320L1400,320C1360,320,1280,320,1200,320C1120,320,1040,320,960,320C880,320,800,320,720,320C640,320,560,320,480,320C400,320,320,320,240,320C160,320,80,320,40,320L0,320Z\"><\/path>\n            <\/svg>\n                    <\/span>\n      <\/div>\n        <div class=\"section-shape-divider-wrapper section-shape-divider-wrapper--2\">\n          <span class=\"section-shape-divider\">\n                      <svg\n                xmlns=\"http:\/\/www.w3.org\/2000\/svg\"\n                viewbox=\"0 0 1440 320\"\n                preserveaspectratio=\"none\"\n            >\n              <path fill=\"currentColor\" fill-opacity=\"1\" d=\"M0,32L40,64C80,96,160,160,240,181.3C320,203,400,181,480,197.3C560,213,640,267,720,261.3C800,256,880,192,960,154.7C1040,117,1120,107,1200,85.3C1280,64,1360,32,1400,16L1440,0L1440,320L1400,320C1360,320,1280,320,1200,320C1120,320,1040,320,960,320C880,320,800,320,720,320C640,320,560,320,480,320C400,320,320,320,240,320C160,320,80,320,40,320L0,320Z\"><\/path>\n            <\/svg>\n                    <\/span>\n      <\/div>\n  <div class=\"section-container\"><div class=\"bde-div-1605-484 bde-div\" data-entrance=\"slideUp\">\n  \n  \n\t\n\n\n\n<div class=\"bde-div-1605-485 bde-div\">\n  \n  \n\t\n\n\n\n<h2 class=\"bde-heading-1605-486 bde-heading\">\nSzeretne hasonl\u00f3 projektet?\n<\/h2><div class=\"bde-text-1605-487 bde-text\">\nVegye fel vel\u00fcnk a kapcsolatot szakmai tan\u00e1csad\u00e1s\u00e9rt vagy \u00e1raj\u00e1nlat\u00e9rt a v\u00edzer\u0151m\u0171v\u00e9re.\n<\/div><div class=\"bde-button-1605-488 bde-button\">\n    \n                        \n                        \n    \n    \n    \n    \n            \n                    \n            \n            \n\n    \n    \n    \n    \n    \n    <a class=\"breakdance-link button-atom button-atom--custom bde-button__button\" href=\"http:\/\/strojrem.com\/hu\/kontakt\/\" target=\"_self\" data-type=\"url\"  >\n\n    \n        <span class=\"button-atom__text\">EL\u00c9RHET\u0150S\u00c9GEINK<\/span>\n\n        \n        \n                <\/a>\n\n    \n\n\n<\/div>\n<\/div>\n<\/div><\/div>\n<\/section>","protected":false},"excerpt":{"rendered":"<p>Automated Fertilizer Packaging Line Advanced industrial solutions for reliable production ABOUT THE PROJECT For our partner RWA Hrvatska d.o.o., we delivered a complete fertilizer packaging line. The line is fully automated, with a capacity of 600 bags per hour. The fertilizer is packed into 25 kg plastic bags. At the end of the line, a [&hellip;]<\/p>\n","protected":false},"author":2,"featured_media":0,"parent":270,"menu_order":0,"comment_status":"closed","ping_status":"closed","template":"","meta":{"_breakdance_hide_in_design_set":false,"_breakdance_tags":"","footnotes":""},"class_list":["post-1605","page","type-page","status-publish","hentry"],"_links":{"self":[{"href":"https:\/\/strojrem.com\/hu\/wp-json\/wp\/v2\/pages\/1605","targetHints":{"allow":["GET"]}}],"collection":[{"href":"https:\/\/strojrem.com\/hu\/wp-json\/wp\/v2\/pages"}],"about":[{"href":"https:\/\/strojrem.com\/hu\/wp-json\/wp\/v2\/types\/page"}],"author":[{"embeddable":true,"href":"https:\/\/strojrem.com\/hu\/wp-json\/wp\/v2\/users\/2"}],"replies":[{"embeddable":true,"href":"https:\/\/strojrem.com\/hu\/wp-json\/wp\/v2\/comments?post=1605"}],"version-history":[{"count":7,"href":"https:\/\/strojrem.com\/hu\/wp-json\/wp\/v2\/pages\/1605\/revisions"}],"predecessor-version":[{"id":1625,"href":"https:\/\/strojrem.com\/hu\/wp-json\/wp\/v2\/pages\/1605\/revisions\/1625"}],"up":[{"embeddable":true,"href":"https:\/\/strojrem.com\/hu\/wp-json\/wp\/v2\/pages\/270"}],"wp:attachment":[{"href":"https:\/\/strojrem.com\/hu\/wp-json\/wp\/v2\/media?parent=1605"}],"curies":[{"name":"wp","href":"https:\/\/api.w.org\/{rel}","templated":true}]}}