{"id":227,"date":"2025-11-09T21:09:49","date_gmt":"2025-11-09T20:09:49","guid":{"rendered":"http:\/\/strojrem.com\/?page_id=227"},"modified":"2026-02-22T22:52:54","modified_gmt":"2026-02-22T21:52:54","slug":"termekek","status":"publish","type":"page","link":"https:\/\/strojrem.com\/hu\/products\/","title":{"rendered":"Term\u00e9kek"},"content":{"rendered":"<section class=\"bde-section-227-316 bde-section\">\n              \n  \n  \n\t\n\n\n\n<div class=\"section-container\"><h1 class=\"bde-heading-227-102 bde-heading\">\nTerm\u00e9kek\n<\/h1><div class=\"bde-text-227-320 bde-text\">\nWe offer complete conveyor belts solutions\n<\/div><\/div>\n<\/section><section class=\"bde-section-227-332 bde-section\">\n  \n  \n\t\n\n\n\n<div class=\"section-container\"><div class=\"bde-text-227-334 bde-text\">\nSTROJREM specializes in the design, production, and installation of conveyor and industrial transport systems for bulk and unit material handling. We deliver reliable, high-performance solutions tailored to the needs of modern industry.\n<\/div><\/div>\n<\/section><section id=\"podjetja\" class=\"bde-section-227-399 bde-section\">\n  \n  \n\t\n\n\n\n<div class=\"section-container\"><h2 class=\"bde-heading-227-400 bde-heading heading-with-bar\">\nOur conveyor belt solutions\n<\/h2><\/div>\n<\/section><section class=\"bde-section-227-385 bde-section\">\n              \n  \n  \n\t\n\n  <div class=\"section-background-overlay\"><\/div>\n\n\n<div class=\"section-container\"><div class=\"bde-grid-227-401 bde-grid\">\n  \n  \n\t\n\n\n\n<div class=\"bde-image-box-227-404 bde-image-box\">\n<div class=\"ee-imagebox-image\">\n  <img loading=\"lazy\" decoding=\"async\" class=\"breakdance-image-object\" src=\"http:\/\/strojrem.com\/wp-content\/uploads\/2026\/02\/transporteri-Strojrem-1-1024x576-1.jpg\" width=\"1024\" height=\"576\" srcset=\"http:\/\/strojrem.com\/wp-content\/uploads\/2026\/02\/transporteri-Strojrem-1-1024x576-1.jpg 1024w, http:\/\/strojrem.com\/wp-content\/uploads\/2026\/02\/transporteri-Strojrem-1-1024x576-1-300x169.jpg 300w, http:\/\/strojrem.com\/wp-content\/uploads\/2026\/02\/transporteri-Strojrem-1-1024x576-1-768x432.jpg 768w, http:\/\/strojrem.com\/wp-content\/uploads\/2026\/02\/transporteri-Strojrem-1-1024x576-1-18x10.jpg 18w\" sizes=\"auto, (max-width: 1024px) 100vw, 1024px\">\n<\/div>\n<div class=\"ee-imagebox-content\">\n      <p class=\"ee-imagebox-title bde-h3\" >Ipari \u00f6mlesztett rakom\u00e1ny megold\u00e1sok<\/p>\n    \n      <div class=\"ee-imagebox-text\" >Teljes rendszerek \u00f6mlesztett anyagok kezel\u00e9s\u00e9hez ig\u00e9nyes ipari k\u00f6rnyezetben. Nagy kapacit\u00e1s\u00fa sz\u00e1ll\u00edt\u00f3rendszereket, \u00e1tvev\u0151egys\u00e9geket, t\u00e1rol\u00e1si megold\u00e1sokat \u00e9s sz\u00e1ll\u00edt\u00f3eszk\u00f6z\u00f6ket tervez\u00fcnk \u00e9s gy\u00e1rtunk a b\u00e1nya-, cement-, energia-, kik\u00f6t\u0151i \u00e9s mez\u0151gazdas\u00e1gi ipar\u00e1gakra szabottan. Megold\u00e1saink megb\u00edzhat\u00f3 m\u0171k\u00f6d\u00e9st, tart\u00f3ss\u00e1got \u00e9s optimaliz\u00e1lt anyag\u00e1raml\u00e1st biztos\u00edtanak a be\u00e9rkez\u00e9st\u0151l a v\u00e9gs\u0151 feldolgoz\u00e1sig.<\/div>\n    \n          \n                                    \n    \n    \n    \n    \n            \n                    \n            \n            \n\n    \n    \n    \n    \n    \n    <a class=\"breakdance-link button-atom button-atom--primary ee-imagebox-button\" href=\"http:\/\/strojrem.com\/hu\/termekek\/ipari-omlesztettaru-megoldasok\/\" target=\"_self\" data-type=\"url\"  >\n\n    \n        <span class=\"button-atom__text\">B\u0151vebben<\/span>\n\n        \n        \n                <\/a>\n\n    \n\n  <\/div>\n\n<\/div><div class=\"bde-image-box-227-418 bde-image-box\">\n<div class=\"ee-imagebox-image\">\n  <img loading=\"lazy\" decoding=\"async\" class=\"breakdance-image-object\" src=\"http:\/\/strojrem.com\/wp-content\/uploads\/2026\/02\/00-slider-04-1024x640-1.jpg\" width=\"1024\" height=\"640\" srcset=\"http:\/\/strojrem.com\/wp-content\/uploads\/2026\/02\/00-slider-04-1024x640-1.jpg 1024w, http:\/\/strojrem.com\/wp-content\/uploads\/2026\/02\/00-slider-04-1024x640-1-300x188.jpg 300w, http:\/\/strojrem.com\/wp-content\/uploads\/2026\/02\/00-slider-04-1024x640-1-768x480.jpg 768w, http:\/\/strojrem.com\/wp-content\/uploads\/2026\/02\/00-slider-04-1024x640-1-18x12.jpg 18w\" sizes=\"auto, (max-width: 1024px) 100vw, 1024px\">\n<\/div>\n<div class=\"ee-imagebox-content\">\n      <p class=\"ee-imagebox-title bde-h3\" >Darab \u00e9s k\u00f6nny\u0171 rakom\u00e1ny kezel\u00e9se<\/p>\n    \n      <div class=\"ee-imagebox-text\" >Hat\u00e9kony sz\u00e1ll\u00edt\u00f3- \u00e9s kezel\u0151rendszerek bels\u0151 logisztik\u00e1hoz, termel\u0151\u00fczemekhez \u00e9s rakt\u00e1rakhoz. Kulcsrak\u00e9sz megold\u00e1sokat sz\u00e1ll\u00edtunk, bele\u00e9rtve a v\u00e1logat\u00f3sorokat, a raklapsz\u00e1ll\u00edt\u00e1st, a m\u00e9rlegrendszereket \u00e9s az integr\u00e1lt logisztikai folyamatokat. Rugalmass\u00e1gra \u00e9s pontoss\u00e1gra tervezett rendszereink jav\u00edtj\u00e1k a munkafolyamatok hat\u00e9konys\u00e1g\u00e1t \u00e9s biztos\u00edtj\u00e1k a z\u00f6kken\u0151mentes anyagmozgat\u00e1st a l\u00e9tes\u00edtm\u00e9nyekben.<\/div>\n    \n          \n                                    \n    \n    \n    \n    \n            \n                    \n            \n            \n\n    \n    \n    \n    \n    \n    <a class=\"breakdance-link button-atom button-atom--primary ee-imagebox-button\" href=\"http:\/\/strojrem.com\/hu\/termekek\/darab-es-konnyu-rakomanyok-kezelese\/\" target=\"_self\" data-type=\"url\"  >\n\n    \n        <span class=\"button-atom__text\">B\u0151vebben<\/span>\n\n        \n        \n                <\/a>\n\n    \n\n  <\/div>\n\n<\/div><div class=\"bde-image-box-227-416 bde-image-box\">\n<div class=\"ee-imagebox-image\">\n  <img loading=\"lazy\" decoding=\"async\" class=\"breakdance-image-object\" src=\"http:\/\/strojrem.com\/wp-content\/uploads\/2026\/02\/waste-recycling-equipment-problemo-1024x576-1.jpg\" width=\"1024\" height=\"576\" srcset=\"http:\/\/strojrem.com\/wp-content\/uploads\/2026\/02\/waste-recycling-equipment-problemo-1024x576-1.jpg 1024w, http:\/\/strojrem.com\/wp-content\/uploads\/2026\/02\/waste-recycling-equipment-problemo-1024x576-1-300x169.jpg 300w, http:\/\/strojrem.com\/wp-content\/uploads\/2026\/02\/waste-recycling-equipment-problemo-1024x576-1-768x432.jpg 768w, http:\/\/strojrem.com\/wp-content\/uploads\/2026\/02\/waste-recycling-equipment-problemo-1024x576-1-18x10.jpg 18w\" sizes=\"auto, (max-width: 1024px) 100vw, 1024px\">\n<\/div>\n<div class=\"ee-imagebox-content\">\n      <p class=\"ee-imagebox-title bde-h3\" >Mobil sz\u00e1ll\u00edt\u00f3szalagok<\/p>\n    \n      <div class=\"ee-imagebox-text\" >Rugalmas \u00e9s nagy teljes\u00edtm\u00e9ny\u0171, helysz\u00edni anyagmozgat\u00e1sra tervezett mobil sz\u00e1ll\u00edt\u00f3rendszerek. A be- \u00e9s kirakod\u00e1si, valamint \u00e1trakod\u00e1si m\u0171veletekhez ide\u00e1lis mobil megold\u00e1saink mobilit\u00e1st, gyors telep\u00edt\u00e9st \u00e9s megb\u00edzhat\u00f3 teljes\u00edtm\u00e9nyt biztos\u00edtanak a k\u00fcl\u00f6nb\u00f6z\u0151 ipar\u00e1gakban. Tart\u00f3ss\u00e1gra \u00e9s hat\u00e9konys\u00e1gra tervezve t\u00e1mogatj\u00e1k az optimaliz\u00e1lt \u00f6mlesztett anyagsz\u00e1ll\u00edt\u00e1st, b\u00e1rhol, ahol sz\u00fcks\u00e9g van r\u00e1juk.<\/div>\n    \n          \n                                    \n    \n    \n    \n    \n            \n                    \n            \n            \n\n    \n    \n    \n    \n    \n    <a class=\"breakdance-link button-atom button-atom--primary ee-imagebox-button\" href=\"http:\/\/strojrem.com\/hu\/termekek\/mobil-szallitoszalagok\/\" target=\"_self\" data-type=\"url\"  >\n\n    \n        <span class=\"button-atom__text\">B\u0151vebben<\/span>\n\n        \n        \n                <\/a>\n\n    \n\n  <\/div>\n\n<\/div>\n<\/div><\/div>\n<\/section><section class=\"bde-section-227-431 bde-section\">\n  \n  \n\t\n\n\n\n        <div class=\"section-shape-divider-wrapper section-shape-divider-wrapper--1\">\n          <span class=\"section-shape-divider\">\n                      <svg\n                xmlns=\"http:\/\/www.w3.org\/2000\/svg\"\n                viewbox=\"0 0 1440 320\"\n                preserveaspectratio=\"none\"\n            >\n              <path fill=\"currentColor\" fill-opacity=\"1\" d=\"M0,32L40,64C80,96,160,160,240,181.3C320,203,400,181,480,197.3C560,213,640,267,720,261.3C800,256,880,192,960,154.7C1040,117,1120,107,1200,85.3C1280,64,1360,32,1400,16L1440,0L1440,320L1400,320C1360,320,1280,320,1200,320C1120,320,1040,320,960,320C880,320,800,320,720,320C640,320,560,320,480,320C400,320,320,320,240,320C160,320,80,320,40,320L0,320Z\"><\/path>\n            <\/svg>\n                    <\/span>\n      <\/div>\n        <div class=\"section-shape-divider-wrapper section-shape-divider-wrapper--2\">\n          <span class=\"section-shape-divider\">\n                      <svg\n                xmlns=\"http:\/\/www.w3.org\/2000\/svg\"\n                viewbox=\"0 0 1440 320\"\n                preserveaspectratio=\"none\"\n            >\n              <path fill=\"currentColor\" fill-opacity=\"1\" d=\"M0,32L40,64C80,96,160,160,240,181.3C320,203,400,181,480,197.3C560,213,640,267,720,261.3C800,256,880,192,960,154.7C1040,117,1120,107,1200,85.3C1280,64,1360,32,1400,16L1440,0L1440,320L1400,320C1360,320,1280,320,1200,320C1120,320,1040,320,960,320C880,320,800,320,720,320C640,320,560,320,480,320C400,320,320,320,240,320C160,320,80,320,40,320L0,320Z\"><\/path>\n            <\/svg>\n                    <\/span>\n      <\/div>\n  <div class=\"section-container\"><div class=\"bde-div-227-432 bde-div\" data-entrance=\"slideUp\">\n  \n  \n\t\n\n\n\n<div class=\"bde-div-227-433 bde-div\">\n  \n  \n\t\n\n\n\n<h2 class=\"bde-heading-227-434 bde-heading\">\nVegye fel vel\u00fcnk a kapcsolatot szak\u00e9rt\u0151i konzult\u00e1ci\u00f3\u00e9rt.\n<\/h2><div class=\"bde-text-227-435 bde-text\">\nForduljon hozz\u00e1nk szakmai tan\u00e1csad\u00e1s\u00e9rt, vagy k\u00e9rjen \u00e1raj\u00e1nlatot sz\u00e1ll\u00edt\u00f3szalagrendszer\u00e9re.\n<\/div><div class=\"bde-button-227-436 bde-button\">\n    \n                        \n                        \n    \n    \n    \n    \n            \n                    \n            \n            \n\n    \n    \n    \n    \n    \n    <a class=\"breakdance-link button-atom button-atom--custom bde-button__button\" href=\"http:\/\/strojrem.com\/hu\/contact-us\/\" target=\"_self\" data-type=\"url\"  >\n\n    \n        <span class=\"button-atom__text\">KAPCSOLATFELV\u00c9TEL<\/span>\n\n        \n        \n                <\/a>\n\n    \n\n\n<\/div>\n<\/div>\n<\/div><\/div>\n<\/section>","protected":false},"excerpt":{"rendered":"<p>Products We offer complete conveyor belts solutions STROJREM specializes in the design, production, and installation of conveyor and industrial transport systems for bulk and unit material handling. We deliver reliable, high-performance solutions tailored to the needs of modern industry. Our conveyor belt solutions Industrial bulk cargo solutions Complete systems for handling bulk materials in demanding [&hellip;]<\/p>\n","protected":false},"author":1,"featured_media":0,"parent":0,"menu_order":0,"comment_status":"closed","ping_status":"closed","template":"","meta":{"_breakdance_hide_in_design_set":false,"_breakdance_tags":"","footnotes":""},"class_list":["post-227","page","type-page","status-publish","hentry"],"_links":{"self":[{"href":"https:\/\/strojrem.com\/hu\/wp-json\/wp\/v2\/pages\/227","targetHints":{"allow":["GET"]}}],"collection":[{"href":"https:\/\/strojrem.com\/hu\/wp-json\/wp\/v2\/pages"}],"about":[{"href":"https:\/\/strojrem.com\/hu\/wp-json\/wp\/v2\/types\/page"}],"author":[{"embeddable":true,"href":"https:\/\/strojrem.com\/hu\/wp-json\/wp\/v2\/users\/1"}],"replies":[{"embeddable":true,"href":"https:\/\/strojrem.com\/hu\/wp-json\/wp\/v2\/comments?post=227"}],"version-history":[{"count":22,"href":"https:\/\/strojrem.com\/hu\/wp-json\/wp\/v2\/pages\/227\/revisions"}],"predecessor-version":[{"id":1238,"href":"https:\/\/strojrem.com\/hu\/wp-json\/wp\/v2\/pages\/227\/revisions\/1238"}],"wp:attachment":[{"href":"https:\/\/strojrem.com\/hu\/wp-json\/wp\/v2\/media?parent=227"}],"curies":[{"name":"wp","href":"https:\/\/api.w.org\/{rel}","templated":true}]}}