{"id":270,"date":"2025-11-10T21:02:56","date_gmt":"2025-11-10T20:02:56","guid":{"rendered":"http:\/\/strojrem.com\/?page_id=270"},"modified":"2026-03-05T09:56:52","modified_gmt":"2026-03-05T08:56:52","slug":"gruppo-siapro","status":"publish","type":"page","link":"https:\/\/strojrem.com\/it\/siapro-group\/","title":{"rendered":"GRUPPO SIAPRO"},"content":{"rendered":"<section class=\"bde-section-270-316 bde-section\">\n              \n  \n  \n\t\n\n\n\n<div class=\"section-container\"><h1 class=\"bde-heading-270-102 bde-heading\">\nGRUPPO SIAPRO\n<\/h1><div class=\"bde-text-270-320 bde-text\">\nRiunire aziende specializzate con decenni di eccellenza ingegneristica.\n<\/div><\/div>\n<\/section><section id=\"podjetja\" class=\"bde-section-270-399 bde-section\">\n  \n  \n\t\n\n\n\n<div class=\"section-container\"><h2 class=\"bde-heading-270-400 bde-heading heading-with-bar\">\nIL GRUPPO SIAPRO\n<\/h2><\/div>\n<\/section><section class=\"bde-section-270-723 bde-section\">\n  \n  \n\t\n\n\n\n<div class=\"section-container\"><div class=\"bde-columns-270-724 bde-columns\"><div class=\"bde-column-270-725 bde-column\">\n  \n  \n\t\n\n\n\n<div class=\"bde-columns-270-733 bde-columns\"><div class=\"bde-column-270-734 bde-column\">\n  \n  \n\t\n\n\n\n<div class=\"bde-rich-text-270-726 bde-rich-text breakdance-rich-text-styles\">\n<p data-start=\"0\" data-end=\"285\">Il Gruppo Siapro \u00e8 composto da Siapro d.o.o. (Slovenia), Strojrem d.o.o. (Croazia) e Siapro Hydro Power GmbH (Austria). Il gruppo opera sul mercato da oltre 30 anni e impiega un totale di 78 professionisti altamente qualificati, con 3.860 m\u00b2 di spazio produttivo coperto.<\/p>\n<p data-start=\"287\" data-end=\"597\" data-is-last-node=\"\" data-is-only-node=\"\">Il programma di vendita e di ingegneria del Gruppo Siapro comprende la progettazione e la realizzazione di <strong>nastri trasportatori, granigliatrici, attrezzature per fonderia, centrali idroelettriche<\/strong> fino a 10 MW, nonch\u00e9 soluzioni per l'automazione, la robotizzazione e la digitalizzazione della produzione. Tutti i progetti sono consegnati chiavi in mano.<\/p>\n<p>Grazie alla nostra esperienza nelle soluzioni moderne e nelle nuove tecnologie e alle apparecchiature 100% prodotte nell'UE, siamo in grado di fornire ai nostri clienti standard di qualit\u00e0 sempre elevati. Potete esplorare i prodotti dell'intero gruppo sui siti web di <a href=\"https:\/\/www.siapro.eu\" target=\"_blank\" rel=\"noopener\">Siapro<\/a>\u00a0e\u00a0<a href=\"https:\/\/siapro-hydro.eu\" target=\"_blank\" rel=\"noopener\">Centrali idroelettriche Siapro<\/a>. Il gruppo stesso \u00e8 presentato su una pagina web di <a href=\"https:\/\/siapro-group.com\/\" target=\"_blank\" rel=\"noopener\">Gruppo Siapro<\/a>.<\/p>\n<\/div>\n<\/div><div class=\"bde-column-270-735 bde-column\">\n  \n  \n\t\n\n\n\n<img decoding=\"async\" class=\"bde-image2-270-732 bde-image2\" src=\"http:\/\/strojrem.com\/wp-content\/uploads\/2025\/09\/logo-SIAPRO-original-RAL-300x77.png\" loading=\"lazy\" srcset=\"http:\/\/strojrem.com\/wp-content\/uploads\/2025\/09\/logo-SIAPRO-original-RAL.png 1421w, http:\/\/strojrem.com\/wp-content\/uploads\/2025\/09\/logo-SIAPRO-original-RAL-300x77.png 300w, http:\/\/strojrem.com\/wp-content\/uploads\/2025\/09\/logo-SIAPRO-original-RAL-1024x262.png 1024w, http:\/\/strojrem.com\/wp-content\/uploads\/2025\/09\/logo-SIAPRO-original-RAL-768x196.png 768w\" sizes=\"(max-width: 1421px) 100vw, 1421px\">\n<\/div><\/div>\n<\/div><\/div><div class=\"bde-gallery-270-731 bde-gallery breakdance-free-version-frontend-element-hider\">\n\n\n  \n\n\n\n\n\n\n\n\n\n\n<div class=\"ee-gallery ee-gallery--default ee-gallery--grid ee-gallery--single ee-gallery--lightbox ee-gallery-- ee-gallery--caption- ee-gallery--caption-none ee-gallery--ratio\">\n                  \n      <a class=\"ee-gallery-item ee-gallery-item--image ee-gallery-item--single\" href=\"http:\/\/strojrem.com\/wp-content\/uploads\/2026\/02\/Siapro-headder.jpg\" span><\/span>\" data-category=\"1\"                  data-lg-size=\"1920-800\"\n\n      >\n        <figure class=\"ee-gallery-item-figure\">\n                        <img decoding=\"async\" class=\"breakdance-image-object\" src=\"http:\/\/strojrem.com\/wp-content\/uploads\/2026\/02\/Siapro-headder-1024x427.jpg\" width=\"1024\" height=\"427\" srcset=\"http:\/\/strojrem.com\/wp-content\/uploads\/2026\/02\/Siapro-headder.jpg 1920w, http:\/\/strojrem.com\/wp-content\/uploads\/2026\/02\/Siapro-headder-300x125.jpg 300w, http:\/\/strojrem.com\/wp-content\/uploads\/2026\/02\/Siapro-headder-1024x427.jpg 1024w, http:\/\/strojrem.com\/wp-content\/uploads\/2026\/02\/Siapro-headder-768x320.jpg 768w, http:\/\/strojrem.com\/wp-content\/uploads\/2026\/02\/Siapro-headder-1536x640.jpg 1536w, http:\/\/strojrem.com\/wp-content\/uploads\/2026\/02\/Siapro-headder-18x8.jpg 18w\" sizes=\"auto, (max-width: 1920px) 100vw, 1920px\" loading=\"lazy\">\n          \n                  <\/figure>\n      <\/a>\n\n                \n      <a class=\"ee-gallery-item ee-gallery-item--image ee-gallery-item--single\" href=\"http:\/\/strojrem.com\/wp-content\/uploads\/2026\/02\/Siapro-sjediste-Slovenija.jpg\" span><\/span>\" data-category=\"1\"                  data-lg-size=\"1280-793\"\n\n      >\n        <figure class=\"ee-gallery-item-figure\">\n                        <img decoding=\"async\" class=\"breakdance-image-object\" src=\"http:\/\/strojrem.com\/wp-content\/uploads\/2026\/02\/Siapro-sjediste-Slovenija-1024x634.jpg\" width=\"1024\" height=\"634\" srcset=\"http:\/\/strojrem.com\/wp-content\/uploads\/2026\/02\/Siapro-sjediste-Slovenija.jpg 1280w, http:\/\/strojrem.com\/wp-content\/uploads\/2026\/02\/Siapro-sjediste-Slovenija-300x186.jpg 300w, http:\/\/strojrem.com\/wp-content\/uploads\/2026\/02\/Siapro-sjediste-Slovenija-1024x634.jpg 1024w, http:\/\/strojrem.com\/wp-content\/uploads\/2026\/02\/Siapro-sjediste-Slovenija-768x476.jpg 768w, http:\/\/strojrem.com\/wp-content\/uploads\/2026\/02\/Siapro-sjediste-Slovenija-18x12.jpg 18w\" sizes=\"auto, (max-width: 1280px) 100vw, 1280px\" loading=\"lazy\">\n          \n                  <\/figure>\n      <\/a>\n\n      \n  <\/div>\n\n\n\n<\/div><\/div>\n<\/section><section id=\"podjetja\" class=\"bde-section-270-736 bde-section\">\n              \n  \n  \n\t\n\n  <div class=\"section-background-overlay\"><\/div>\n\n\n<div class=\"section-container\"><h2 class=\"bde-heading-270-737 bde-heading heading-with-bar\">\nPRESENTAZIONE VIDEO - GRUPPO SIAPRO\n<\/h2><\/div>\n<\/section><section class=\"bde-section-270-738 bde-section\">\n              \n  \n  \n\t\n\n  <div class=\"section-background-overlay\"><\/div>\n\n\n<div class=\"section-container\"><div class=\"bde-video-270-744 bde-video\">\n<div class=\"ee-video-container\">\n                                                                        \n                <lite-youtube\n                        videoid=\"RinLguKoBJ4\"\n                                                style=\"background-image: url(https:\/\/i.ytimg.com\/vi\/RinLguKoBJ4\/maxresdefault.jpg); \"\n                        class=\"ee-video\"\n                        title=\"\"\n                        params=\"&playsinline=0&rel=0&enablejsapi=1\"\n                >\n                <\/lite-youtube>\n                    \n        \n            \n    <\/div>\n\n<\/div><\/div>\n<\/section><section id=\"podjetja\" class=\"bde-section-270-745 bde-section\">\n  \n  \n\t\n\n\n\n<div class=\"section-container\"><h2 class=\"bde-heading-270-746 bde-heading heading-with-bar\">\nProgettazione e produzione di sistemi di trasporto Strojrem\n<\/h2><\/div>\n<\/section><section class=\"bde-section-270-747 bde-section\">\n  \n  \n\t\n\n\n\n<div class=\"section-container\"><div class=\"bde-columns-270-748 bde-columns\"><div class=\"bde-column-270-749 bde-column\">\n  \n  \n\t\n\n\n\n<div class=\"bde-rich-text-270-750 bde-rich-text breakdance-rich-text-styles\">\n<p data-start=\"0\" data-end=\"347\"><strong data-start=\"0\" data-end=\"37\">Forniamo soluzioni su misura.<\/strong><br data-start=\"37\" data-end=\"40\" \/>Il team di ingegneri Strojrem vanta molti anni di esperienza nella progettazione di trasportatori e attrezzature correlate. Strojrem \u00e8 ben presente sul mercato croato ed \u00e8 sempre pi\u00f9 riconosciuto in tutto il mercato europeo.<\/p>\n<p data-start=\"0\" data-end=\"347\">Analizziamo a fondo le esigenze di ogni cliente e forniamo progetti chiavi in mano, dalla pianificazione e progettazione alla produzione e all'assemblaggio finale dell'apparecchiatura. Forniamo anche tutte le parti di ricambio necessarie. In oltre trent'anni di attivit\u00e0, ci siamo guadagnati la fiducia dei nostri clienti e abbiamo costruito un solido portafoglio di referenze in un'ampia gamma di settori.\u00a0<\/p>\n<\/div><div class=\"bde-gallery-270-751 bde-gallery breakdance-free-version-frontend-element-hider\">\n\n\n  \n\n\n\n\n\n\n\n\n\n\n<div class=\"ee-gallery ee-gallery--default ee-gallery--grid ee-gallery--single ee-gallery--lightbox ee-gallery-- ee-gallery--caption- ee-gallery--caption-none ee-gallery--ratio\">\n                  \n      <a class=\"ee-gallery-item ee-gallery-item--image ee-gallery-item--single\" href=\"http:\/\/strojrem.com\/wp-content\/uploads\/2026\/03\/SOLIDWORKS-industrial-conveyor-model-on-screen-strojrem.jpg\" span><\/span>\" data-category=\"1\"                  data-lg-size=\"1006-754\"\n\n      >\n        <figure class=\"ee-gallery-item-figure\">\n                        <img decoding=\"async\" class=\"breakdance-image-object\" src=\"http:\/\/strojrem.com\/wp-content\/uploads\/2026\/03\/SOLIDWORKS-industrial-conveyor-model-on-screen-strojrem.jpg\" width=\"1006\" height=\"754\" srcset=\"http:\/\/strojrem.com\/wp-content\/uploads\/2026\/03\/SOLIDWORKS-industrial-conveyor-model-on-screen-strojrem.jpg 1006w, http:\/\/strojrem.com\/wp-content\/uploads\/2026\/03\/SOLIDWORKS-industrial-conveyor-model-on-screen-strojrem-300x225.jpg 300w, http:\/\/strojrem.com\/wp-content\/uploads\/2026\/03\/SOLIDWORKS-industrial-conveyor-model-on-screen-strojrem-768x576.jpg 768w, http:\/\/strojrem.com\/wp-content\/uploads\/2026\/03\/SOLIDWORKS-industrial-conveyor-model-on-screen-strojrem-16x12.jpg 16w\" sizes=\"auto, (max-width: 1006px) 100vw, 1006px\" alt=\"Modello di trasportatore industriale SOLIDWORKS su schermo strojrem\" loading=\"lazy\">\n          \n                  <\/figure>\n      <\/a>\n\n                \n      <a class=\"ee-gallery-item ee-gallery-item--image ee-gallery-item--single\" href=\"http:\/\/strojrem.com\/wp-content\/uploads\/2026\/03\/engineering-siapro-group.jpg\" span><\/span>\" data-category=\"1\"                  data-lg-size=\"1280-853\"\n\n      >\n        <figure class=\"ee-gallery-item-figure\">\n                        <img decoding=\"async\" class=\"breakdance-image-object\" src=\"http:\/\/strojrem.com\/wp-content\/uploads\/2026\/03\/engineering-siapro-group.jpg\" width=\"1280\" height=\"853\" srcset=\"http:\/\/strojrem.com\/wp-content\/uploads\/2026\/03\/engineering-siapro-group.jpg 1280w, http:\/\/strojrem.com\/wp-content\/uploads\/2026\/03\/engineering-siapro-group-300x200.jpg 300w, http:\/\/strojrem.com\/wp-content\/uploads\/2026\/03\/engineering-siapro-group-1024x682.jpg 1024w, http:\/\/strojrem.com\/wp-content\/uploads\/2026\/03\/engineering-siapro-group-768x512.jpg 768w, http:\/\/strojrem.com\/wp-content\/uploads\/2026\/03\/engineering-siapro-group-18x12.jpg 18w\" sizes=\"auto, (max-width: 1280px) 100vw, 1280px\" loading=\"lazy\">\n          \n                  <\/figure>\n      <\/a>\n\n      \n  <\/div>\n\n\n\n<\/div>\n<\/div><\/div><\/div>\n<\/section><section id=\"podjetja\" class=\"bde-section-270-752 bde-section\">\n              \n  \n  \n\t\n\n  <div class=\"section-background-overlay\"><\/div>\n\n\n<div class=\"section-container\"><h2 class=\"bde-heading-270-753 bde-heading heading-with-bar\">\nProgettazione e produzione di granigliatrici Siapro\n<\/h2><\/div>\n<\/section><section class=\"bde-section-270-754 bde-section\">\n              \n  \n  \n\t\n\n  <div class=\"section-background-overlay\"><\/div>\n\n\n<div class=\"section-container\"><div class=\"bde-rich-text-270-755 bde-rich-text breakdance-rich-text-styles\">\n<p style=\"text-align: left;\">Strojrem fa parte del gruppo Siapro. Le granigliatrici Siapro sono conosciute in tutto il mondo e il mercato pi\u00f9 importante \u00e8 quello europeo. Da 30 anni produciamo macchine su ordinazione e su richieste speciali dei clienti. Abbiamo costruito una grande fiducia con i clienti. Seguiamo le tendenze della robotica e le implementiamo nei nostri progetti. Le richieste del mercato per l'automazione, la digitalizzazione e la robotizzazione della produzione sono in aumento e noi di Siapro le seguiamo facilmente grazie alle nostre conoscenze e alla nostra esperienza pluriennale. In Strojrem, produciamo attrezzature secondo il sistema \"chiavi in mano\". Per saperne di pi\u00f9 sulla produzione di granigliatrici, visitate il sito\u00a0<a href=\"http:\/\/en.siapro.eu\/\" target=\"_blank\" rel=\"noopener\">www.siapro.eu<\/a><\/p>\n<\/div><div class=\"bde-columns-270-756 bde-columns\"><div class=\"bde-column-270-757 bde-column\">\n  \n  \n\t\n\n\n\n<img decoding=\"async\" class=\"bde-image2-270-758 bde-image2\" src=\"http:\/\/strojrem.com\/wp-content\/uploads\/2026\/02\/ing22.jpg\" loading=\"lazy\" srcset=\"http:\/\/strojrem.com\/wp-content\/uploads\/2026\/02\/ing22.jpg 1080w, http:\/\/strojrem.com\/wp-content\/uploads\/2026\/02\/ing22-300x300.jpg 300w, http:\/\/strojrem.com\/wp-content\/uploads\/2026\/02\/ing22-1024x1024.jpg 1024w, http:\/\/strojrem.com\/wp-content\/uploads\/2026\/02\/ing22-150x150.jpg 150w, http:\/\/strojrem.com\/wp-content\/uploads\/2026\/02\/ing22-768x768.jpg 768w, http:\/\/strojrem.com\/wp-content\/uploads\/2026\/02\/ing22-12x12.jpg 12w\" sizes=\"(max-width: 1080px) 100vw, 1080px\">\n<\/div><div class=\"bde-column-270-759 bde-column\">\n  \n  \n\t\n\n\n\n<img decoding=\"async\" class=\"bde-image2-270-760 bde-image2\" src=\"http:\/\/strojrem.com\/wp-content\/uploads\/2026\/02\/ing21.jpg\" loading=\"lazy\" srcset=\"http:\/\/strojrem.com\/wp-content\/uploads\/2026\/02\/ing21.jpg 1080w, http:\/\/strojrem.com\/wp-content\/uploads\/2026\/02\/ing21-300x300.jpg 300w, http:\/\/strojrem.com\/wp-content\/uploads\/2026\/02\/ing21-1024x1024.jpg 1024w, http:\/\/strojrem.com\/wp-content\/uploads\/2026\/02\/ing21-150x150.jpg 150w, http:\/\/strojrem.com\/wp-content\/uploads\/2026\/02\/ing21-768x768.jpg 768w, http:\/\/strojrem.com\/wp-content\/uploads\/2026\/02\/ing21-12x12.jpg 12w\" sizes=\"(max-width: 1080px) 100vw, 1080px\">\n<\/div><\/div><\/div>\n<\/section><section id=\"podjetja\" class=\"bde-section-270-765 bde-section\">\n              \n  \n  \n\t\n\n  <div class=\"section-background-overlay\"><\/div>\n\n\n<div class=\"section-container\"><h2 class=\"bde-heading-270-766 bde-heading heading-with-bar\">\nProgettazione e produzione di impianti idroelettrici Siapro\n<\/h2><\/div>\n<\/section><section class=\"bde-section-270-767 bde-section\">\n              \n  \n  \n\t\n\n  <div class=\"section-background-overlay\"><\/div>\n\n\n<div class=\"section-container\"><div class=\"bde-rich-text-270-768 bde-rich-text breakdance-rich-text-styles\">\n<p style=\"text-align: left;\">Siapro \u00e8 un'azienda riconosciuta a livello internazionale nel campo della produzione di piccole centrali idroelettriche fino a 10 MW. I progetti chiavi in mano sono realizzati con il team di ingegneri Siapro. Nel campo della produzione di energia idroelettrica, progettiamo, produciamo e installiamo turbine Pelton, Kaplan, Francis, turbine a flusso incrociato (Banki) e attrezzature meccaniche ed elettriche complete. Le centrali idroelettriche sono progettate e prodotte in Slovenia e vengono installate in tutto il mondo. Le centrali idroelettriche pi\u00f9 piccole hanno una potenza di circa 100 kW, mentre quelle pi\u00f9 grandi arrivano fino a 10 MW. Strojrem fa parte del gruppo Siapro. L'esperienza combinata e il know-how ingegneristico vanno a vantaggio di entrambe le aziende. Per saperne di pi\u00f9 sulla produzione di centrali idroelettriche Siapro, consultare il sito\u00a0\u00a0<a href=\"http:\/\/www.hydro-electricity.eu\/domov\/\" target=\"_blank\" rel=\"noopener\">www. siapro-hydro.com<\/a><\/p>\n<\/div><div class=\"bde-columns-270-769 bde-columns\"><div class=\"bde-column-270-770 bde-column\">\n  \n  \n\t\n\n\n\n<img decoding=\"async\" class=\"bde-image2-270-771 bde-image2\" src=\"http:\/\/strojrem.com\/wp-content\/uploads\/2026\/02\/ing31.jpg\" loading=\"lazy\" srcset=\"http:\/\/strojrem.com\/wp-content\/uploads\/2026\/02\/ing31.jpg 1920w, http:\/\/strojrem.com\/wp-content\/uploads\/2026\/02\/ing31-300x169.jpg 300w, http:\/\/strojrem.com\/wp-content\/uploads\/2026\/02\/ing31-1024x576.jpg 1024w, http:\/\/strojrem.com\/wp-content\/uploads\/2026\/02\/ing31-768x432.jpg 768w, http:\/\/strojrem.com\/wp-content\/uploads\/2026\/02\/ing31-1536x864.jpg 1536w, http:\/\/strojrem.com\/wp-content\/uploads\/2026\/02\/ing31-18x10.jpg 18w\" sizes=\"(max-width: 1920px) 100vw, 1920px\">\n<\/div><div class=\"bde-column-270-772 bde-column\">\n  \n  \n\t\n\n\n\n<img decoding=\"async\" class=\"bde-image2-270-773 bde-image2\" src=\"http:\/\/strojrem.com\/wp-content\/uploads\/2026\/02\/ing32.jpg\" loading=\"lazy\" srcset=\"http:\/\/strojrem.com\/wp-content\/uploads\/2026\/02\/ing32.jpg 1920w, http:\/\/strojrem.com\/wp-content\/uploads\/2026\/02\/ing32-300x169.jpg 300w, http:\/\/strojrem.com\/wp-content\/uploads\/2026\/02\/ing32-1024x576.jpg 1024w, http:\/\/strojrem.com\/wp-content\/uploads\/2026\/02\/ing32-768x432.jpg 768w, http:\/\/strojrem.com\/wp-content\/uploads\/2026\/02\/ing32-1536x864.jpg 1536w, http:\/\/strojrem.com\/wp-content\/uploads\/2026\/02\/ing32-18x10.jpg 18w\" sizes=\"(max-width: 1920px) 100vw, 1920px\">\n<\/div><\/div><\/div>\n<\/section>","protected":false},"excerpt":{"rendered":"<p>SIAPRO GROUP Bringing together specialized companies with decades of engineering excellence. ABOUT SIAPRO GROUP The Siapro Group consists of Siapro d.o.o. (Slovenia), Strojrem d.o.o. (Croatia), and Siapro Hydro Power GmbH (Austria). The group has been operating on the market for more than 30 years and employs a total of 78 highly skilled professionals, with 3,860 [&hellip;]<\/p>\n","protected":false},"author":1,"featured_media":0,"parent":0,"menu_order":0,"comment_status":"closed","ping_status":"closed","template":"","meta":{"_breakdance_hide_in_design_set":false,"_breakdance_tags":"","footnotes":""},"class_list":["post-270","page","type-page","status-publish","hentry"],"_links":{"self":[{"href":"https:\/\/strojrem.com\/it\/wp-json\/wp\/v2\/pages\/270","targetHints":{"allow":["GET"]}}],"collection":[{"href":"https:\/\/strojrem.com\/it\/wp-json\/wp\/v2\/pages"}],"about":[{"href":"https:\/\/strojrem.com\/it\/wp-json\/wp\/v2\/types\/page"}],"author":[{"embeddable":true,"href":"https:\/\/strojrem.com\/it\/wp-json\/wp\/v2\/users\/1"}],"replies":[{"embeddable":true,"href":"https:\/\/strojrem.com\/it\/wp-json\/wp\/v2\/comments?post=270"}],"version-history":[{"count":47,"href":"https:\/\/strojrem.com\/it\/wp-json\/wp\/v2\/pages\/270\/revisions"}],"predecessor-version":[{"id":1659,"href":"https:\/\/strojrem.com\/it\/wp-json\/wp\/v2\/pages\/270\/revisions\/1659"}],"wp:attachment":[{"href":"https:\/\/strojrem.com\/it\/wp-json\/wp\/v2\/media?parent=270"}],"curies":[{"name":"wp","href":"https:\/\/api.w.org\/{rel}","templated":true}]}}