{"id":227,"date":"2025-11-09T21:09:49","date_gmt":"2025-11-09T20:09:49","guid":{"rendered":"http:\/\/strojrem.com\/?page_id=227"},"modified":"2026-02-22T22:52:54","modified_gmt":"2026-02-22T21:52:54","slug":"produkty","status":"publish","type":"page","link":"https:\/\/strojrem.com\/pl\/products\/","title":{"rendered":"Produkty"},"content":{"rendered":"<section class=\"bde-section-227-316 bde-section\">\n              \n  \n  \n\t\n\n\n\n<div class=\"section-container\"><h1 class=\"bde-heading-227-102 bde-heading\">\nProdukty\n<\/h1><div class=\"bde-text-227-320 bde-text\">\nWe offer complete conveyor belts solutions\n<\/div><\/div>\n<\/section><section class=\"bde-section-227-332 bde-section\">\n  \n  \n\t\n\n\n\n<div class=\"section-container\"><div class=\"bde-text-227-334 bde-text\">\nSTROJREM specializes in the design, production, and installation of conveyor and industrial transport systems for bulk and unit material handling. We deliver reliable, high-performance solutions tailored to the needs of modern industry.\n<\/div><\/div>\n<\/section><section id=\"podjetja\" class=\"bde-section-227-399 bde-section\">\n  \n  \n\t\n\n\n\n<div class=\"section-container\"><h2 class=\"bde-heading-227-400 bde-heading heading-with-bar\">\nOur conveyor belt solutions\n<\/h2><\/div>\n<\/section><section class=\"bde-section-227-385 bde-section\">\n              \n  \n  \n\t\n\n  <div class=\"section-background-overlay\"><\/div>\n\n\n<div class=\"section-container\"><div class=\"bde-grid-227-401 bde-grid\">\n  \n  \n\t\n\n\n\n<div class=\"bde-image-box-227-404 bde-image-box\">\n<div class=\"ee-imagebox-image\">\n  <img loading=\"lazy\" decoding=\"async\" class=\"breakdance-image-object\" src=\"http:\/\/strojrem.com\/wp-content\/uploads\/2026\/02\/transporteri-Strojrem-1-1024x576-1.jpg\" width=\"1024\" height=\"576\" srcset=\"http:\/\/strojrem.com\/wp-content\/uploads\/2026\/02\/transporteri-Strojrem-1-1024x576-1.jpg 1024w, http:\/\/strojrem.com\/wp-content\/uploads\/2026\/02\/transporteri-Strojrem-1-1024x576-1-300x169.jpg 300w, http:\/\/strojrem.com\/wp-content\/uploads\/2026\/02\/transporteri-Strojrem-1-1024x576-1-768x432.jpg 768w, http:\/\/strojrem.com\/wp-content\/uploads\/2026\/02\/transporteri-Strojrem-1-1024x576-1-18x10.jpg 18w\" sizes=\"auto, (max-width: 1024px) 100vw, 1024px\">\n<\/div>\n<div class=\"ee-imagebox-content\">\n      <p class=\"ee-imagebox-title bde-h3\" >Rozwi\u0105zania dla przemys\u0142owych \u0142adunk\u00f3w masowych<\/p>\n    \n      <div class=\"ee-imagebox-text\" >Kompletne systemy do obs\u0142ugi materia\u0142\u00f3w sypkich w wymagaj\u0105cych \u015brodowiskach przemys\u0142owych. Projektujemy i produkujemy wysokowydajne systemy przeno\u015bnik\u00f3w, jednostki odbiorcze, rozwi\u0105zania magazynowe i urz\u0105dzenia transportowe dostosowane do potrzeb przemys\u0142u wydobywczego, cementowego, energetycznego, portowego i rolniczego. Nasze rozwi\u0105zania zapewniaj\u0105 niezawodne dzia\u0142anie, trwa\u0142o\u015b\u0107 i zoptymalizowany przep\u0142yw materia\u0142\u00f3w od przyj\u0119cia do ko\u0144cowego przetwarzania.<\/div>\n    \n          \n                                    \n    \n    \n    \n    \n            \n                    \n            \n            \n\n    \n    \n    \n    \n    \n    <a class=\"breakdance-link button-atom button-atom--primary ee-imagebox-button\" href=\"http:\/\/strojrem.com\/pl\/produkty\/industrial-bulk-cargo-solutions\/\" target=\"_self\" data-type=\"url\"  >\n\n    \n        <span class=\"button-atom__text\">Czytaj wi\u0119cej<\/span>\n\n        \n        \n                <\/a>\n\n    \n\n  <\/div>\n\n<\/div><div class=\"bde-image-box-227-418 bde-image-box\">\n<div class=\"ee-imagebox-image\">\n  <img loading=\"lazy\" decoding=\"async\" class=\"breakdance-image-object\" src=\"http:\/\/strojrem.com\/wp-content\/uploads\/2026\/02\/00-slider-04-1024x640-1.jpg\" width=\"1024\" height=\"640\" srcset=\"http:\/\/strojrem.com\/wp-content\/uploads\/2026\/02\/00-slider-04-1024x640-1.jpg 1024w, http:\/\/strojrem.com\/wp-content\/uploads\/2026\/02\/00-slider-04-1024x640-1-300x188.jpg 300w, http:\/\/strojrem.com\/wp-content\/uploads\/2026\/02\/00-slider-04-1024x640-1-768x480.jpg 768w, http:\/\/strojrem.com\/wp-content\/uploads\/2026\/02\/00-slider-04-1024x640-1-18x12.jpg 18w\" sizes=\"auto, (max-width: 1024px) 100vw, 1024px\">\n<\/div>\n<div class=\"ee-imagebox-content\">\n      <p class=\"ee-imagebox-title bde-h3\" >Manipulowanie \u0142adunkami sztukowymi i lekkimi<\/p>\n    \n      <div class=\"ee-imagebox-text\" >Wydajne systemy przeno\u015bnik\u00f3w i obs\u0142ugi dla logistyki wewn\u0119trznej, zak\u0142ad\u00f3w produkcyjnych i magazyn\u00f3w. Dostarczamy gotowe rozwi\u0105zania obejmuj\u0105ce linie sortowania, transport palet, systemy wa\u017cenia i zintegrowane procesy logistyczne. Zaprojektowane z my\u015bl\u0105 o elastyczno\u015bci i precyzji, nasze systemy poprawiaj\u0105 wydajno\u015b\u0107 przep\u0142ywu pracy i zapewniaj\u0105 p\u0142ynny przep\u0142yw materia\u0142\u00f3w w r\u00f3\u017cnych obiektach.<\/div>\n    \n          \n                                    \n    \n    \n    \n    \n            \n                    \n            \n            \n\n    \n    \n    \n    \n    \n    <a class=\"breakdance-link button-atom button-atom--primary ee-imagebox-button\" href=\"http:\/\/strojrem.com\/pl\/produkty\/manipulation-of-piece-and-light-cargo\/\" target=\"_self\" data-type=\"url\"  >\n\n    \n        <span class=\"button-atom__text\">Czytaj wi\u0119cej<\/span>\n\n        \n        \n                <\/a>\n\n    \n\n  <\/div>\n\n<\/div><div class=\"bde-image-box-227-416 bde-image-box\">\n<div class=\"ee-imagebox-image\">\n  <img loading=\"lazy\" decoding=\"async\" class=\"breakdance-image-object\" src=\"http:\/\/strojrem.com\/wp-content\/uploads\/2026\/02\/waste-recycling-equipment-problemo-1024x576-1.jpg\" width=\"1024\" height=\"576\" srcset=\"http:\/\/strojrem.com\/wp-content\/uploads\/2026\/02\/waste-recycling-equipment-problemo-1024x576-1.jpg 1024w, http:\/\/strojrem.com\/wp-content\/uploads\/2026\/02\/waste-recycling-equipment-problemo-1024x576-1-300x169.jpg 300w, http:\/\/strojrem.com\/wp-content\/uploads\/2026\/02\/waste-recycling-equipment-problemo-1024x576-1-768x432.jpg 768w, http:\/\/strojrem.com\/wp-content\/uploads\/2026\/02\/waste-recycling-equipment-problemo-1024x576-1-18x10.jpg 18w\" sizes=\"auto, (max-width: 1024px) 100vw, 1024px\">\n<\/div>\n<div class=\"ee-imagebox-content\">\n      <p class=\"ee-imagebox-title bde-h3\" >Przeno\u015bniki mobilne<\/p>\n    \n      <div class=\"ee-imagebox-text\" >Elastyczne i wysokowydajne przeno\u015bniki mobilne przeznaczone do transportu materia\u0142\u00f3w na miejscu. Nasze rozwi\u0105zania mobilne, idealne do za\u0142adunku, roz\u0142adunku i przenoszenia, zapewniaj\u0105 mobilno\u015b\u0107, szybkie wdro\u017cenie i niezawodn\u0105 wydajno\u015b\u0107 w r\u00f3\u017cnych bran\u017cach. Zaprojektowane z my\u015bl\u0105 o trwa\u0142o\u015bci i wydajno\u015bci, wspieraj\u0105 zoptymalizowany transport materia\u0142\u00f3w sypkich wsz\u0119dzie tam, gdzie jest to potrzebne.<\/div>\n    \n          \n                                    \n    \n    \n    \n    \n            \n                    \n            \n            \n\n    \n    \n    \n    \n    \n    <a class=\"breakdance-link button-atom button-atom--primary ee-imagebox-button\" href=\"http:\/\/strojrem.com\/pl\/produkty\/przenosniki-mobilne\/\" target=\"_self\" data-type=\"url\"  >\n\n    \n        <span class=\"button-atom__text\">Czytaj wi\u0119cej<\/span>\n\n        \n        \n                <\/a>\n\n    \n\n  <\/div>\n\n<\/div>\n<\/div><\/div>\n<\/section><section class=\"bde-section-227-431 bde-section\">\n  \n  \n\t\n\n\n\n        <div class=\"section-shape-divider-wrapper section-shape-divider-wrapper--1\">\n          <span class=\"section-shape-divider\">\n                      <svg\n                xmlns=\"http:\/\/www.w3.org\/2000\/svg\"\n                viewbox=\"0 0 1440 320\"\n                preserveaspectratio=\"none\"\n            >\n              <path fill=\"currentColor\" fill-opacity=\"1\" d=\"M0,32L40,64C80,96,160,160,240,181.3C320,203,400,181,480,197.3C560,213,640,267,720,261.3C800,256,880,192,960,154.7C1040,117,1120,107,1200,85.3C1280,64,1360,32,1400,16L1440,0L1440,320L1400,320C1360,320,1280,320,1200,320C1120,320,1040,320,960,320C880,320,800,320,720,320C640,320,560,320,480,320C400,320,320,320,240,320C160,320,80,320,40,320L0,320Z\"><\/path>\n            <\/svg>\n                    <\/span>\n      <\/div>\n        <div class=\"section-shape-divider-wrapper section-shape-divider-wrapper--2\">\n          <span class=\"section-shape-divider\">\n                      <svg\n                xmlns=\"http:\/\/www.w3.org\/2000\/svg\"\n                viewbox=\"0 0 1440 320\"\n                preserveaspectratio=\"none\"\n            >\n              <path fill=\"currentColor\" fill-opacity=\"1\" d=\"M0,32L40,64C80,96,160,160,240,181.3C320,203,400,181,480,197.3C560,213,640,267,720,261.3C800,256,880,192,960,154.7C1040,117,1120,107,1200,85.3C1280,64,1360,32,1400,16L1440,0L1440,320L1400,320C1360,320,1280,320,1200,320C1120,320,1040,320,960,320C880,320,800,320,720,320C640,320,560,320,480,320C400,320,320,320,240,320C160,320,80,320,40,320L0,320Z\"><\/path>\n            <\/svg>\n                    <\/span>\n      <\/div>\n  <div class=\"section-container\"><div class=\"bde-div-227-432 bde-div\" data-entrance=\"slideUp\">\n  \n  \n\t\n\n\n\n<div class=\"bde-div-227-433 bde-div\">\n  \n  \n\t\n\n\n\n<h2 class=\"bde-heading-227-434 bde-heading\">\nSkontaktuj si\u0119 z nami, aby uzyska\u0107 fachow\u0105 konsultacj\u0119.\n<\/h2><div class=\"bde-text-227-435 bde-text\">\nSkontaktuj si\u0119 z nami, aby uzyska\u0107 profesjonaln\u0105 porad\u0119 lub poprosi\u0107 o wycen\u0119 systemu przeno\u015bnik\u00f3w.\n<\/div><div class=\"bde-button-227-436 bde-button\">\n    \n                        \n                        \n    \n    \n    \n    \n            \n                    \n            \n            \n\n    \n    \n    \n    \n    \n    <a class=\"breakdance-link button-atom button-atom--custom bde-button__button\" href=\"http:\/\/strojrem.com\/pl\/contact-us\/\" target=\"_self\" data-type=\"url\"  >\n\n    \n        <span class=\"button-atom__text\">KONTAKT<\/span>\n\n        \n        \n                <\/a>\n\n    \n\n\n<\/div>\n<\/div>\n<\/div><\/div>\n<\/section>","protected":false},"excerpt":{"rendered":"<p>Products We offer complete conveyor belts solutions STROJREM specializes in the design, production, and installation of conveyor and industrial transport systems for bulk and unit material handling. We deliver reliable, high-performance solutions tailored to the needs of modern industry. Our conveyor belt solutions Industrial bulk cargo solutions Complete systems for handling bulk materials in demanding [&hellip;]<\/p>\n","protected":false},"author":1,"featured_media":0,"parent":0,"menu_order":0,"comment_status":"closed","ping_status":"closed","template":"","meta":{"_breakdance_hide_in_design_set":false,"_breakdance_tags":"","footnotes":""},"class_list":["post-227","page","type-page","status-publish","hentry"],"_links":{"self":[{"href":"https:\/\/strojrem.com\/pl\/wp-json\/wp\/v2\/pages\/227","targetHints":{"allow":["GET"]}}],"collection":[{"href":"https:\/\/strojrem.com\/pl\/wp-json\/wp\/v2\/pages"}],"about":[{"href":"https:\/\/strojrem.com\/pl\/wp-json\/wp\/v2\/types\/page"}],"author":[{"embeddable":true,"href":"https:\/\/strojrem.com\/pl\/wp-json\/wp\/v2\/users\/1"}],"replies":[{"embeddable":true,"href":"https:\/\/strojrem.com\/pl\/wp-json\/wp\/v2\/comments?post=227"}],"version-history":[{"count":22,"href":"https:\/\/strojrem.com\/pl\/wp-json\/wp\/v2\/pages\/227\/revisions"}],"predecessor-version":[{"id":1238,"href":"https:\/\/strojrem.com\/pl\/wp-json\/wp\/v2\/pages\/227\/revisions\/1238"}],"wp:attachment":[{"href":"https:\/\/strojrem.com\/pl\/wp-json\/wp\/v2\/media?parent=227"}],"curies":[{"name":"wp","href":"https:\/\/api.w.org\/{rel}","templated":true}]}}